{"id":16088,"date":"2026-01-27T17:23:22","date_gmt":"2026-01-27T16:23:22","guid":{"rendered":"https:\/\/damicoline.com\/prodotto\/semiasse-completo-piaggio-quargo-pronto-al-montaggio\/"},"modified":"2026-04-22T15:02:04","modified_gmt":"2026-04-22T13:02:04","slug":"arbre-de-transmission-complet-pour-piaggio-quargo-pret-a-monter","status":"publish","type":"product","link":"https:\/\/damicoline.com\/fr\/produit\/arbre-de-transmission-complet-pour-piaggio-quargo-pret-a-monter\/","title":{"rendered":"Arbre de transmission complet pour Piaggio Quargo pr\u00eat \u00e0 monter"},"content":{"rendered":"<p><strong>Arbre de transmission complet pour Piaggio Quargo pr\u00eat \u00e0 monter<\/strong><\/p>\n<p>Arbre de transmission <strong>complet et pr\u00e9assembl\u00e9<\/strong> compatible avec <strong>Piaggio Quargo<\/strong>. Pi\u00e8ce de rechange exclusive, pr\u00eate \u00e0 l&#8217;installation, id\u00e9ale pour des interventions rapides et sans impr\u00e9vus.<\/p>\n<p>L&#8217;arbre de transmission est fourni <strong>d\u00e9j\u00e0 assembl\u00e9<\/strong> avec tous les composants n\u00e9cessaires:<\/p>\n<ul>\n<li><strong>Soufflets d&#8217;\u00e9tanch\u00e9it\u00e9 d&#8217;huile<\/strong> d\u00e9j\u00e0 install\u00e9s<\/li>\n<li><strong>Moyeu d&#8217;attache du joint<\/strong> mont\u00e9<\/li>\n<li><strong>Boulon de verrouillage<\/strong> d\u00e9j\u00e0 pr\u00e9assembl\u00e9<\/li>\n<\/ul>\n<p>Solution <strong>\u201cplug &amp; play\u201d<\/strong>: aucune r\u00e9cup\u00e9ration de pi\u00e8ces anciennes, aucun assemblage suppl\u00e9mentaire. Assure une transmission fluide, une r\u00e9duction des vibrations et une fiabilit\u00e9 maximale dans le temps.<\/p>\n<p>Id\u00e9al pour les ateliers et les r\u00e9parations rapides, permet de gagner du temps et d&#8217;\u00e9viter les erreurs de montage.<\/p>\n<div class=\"text-sm text-gray-800 font-medium mb-2\"><div class=\"text-sm text-gray-800 font-medium mb-2\"><strong>Codes de r\u00e9f\u00e9rence:<\/strong> 850516<\/div><\/div>\n<div class=\"oem-box mb-4\"><div class=\"oem-box mb-4\"><p class=\"text-sm text-gray-800 font-medium mb-2\">Type: <strong>Aftermarket<\/strong><\/p><p class=\"text-sm text-gray-700 mb-1\">Composant adaptable de qualit\u00e9 professionnelle, compatible avec les v\u00e9hicules indiqu\u00e9s sur cette page.<\/p><p class=\"text-xs text-gray-500 mt-2\">Non fabriqu\u00e9 ni marqu\u00e9 par Piaggio. Marques d\u00e9tenues par leurs propri\u00e9taires.<\/p><\/div><\/div>\n<section class=\"compatibility-block mb-4\"><section class=\"compatibility-block mb-4\"><div class=\"product-extra-details hide-below-992\"><table class=\"woocommerce-product-attributes\"><tbody><tr><th colspan=\"2\"><span class=\"text-sm font-medium mb-2\">Compatible avec :<\/span><\/th><\/tr><tr><th>Mod\u00e8le du v\u00e9hicule \u2013 Pr\u00e9fixe du ch\u00e2ssis:<\/th><td><a href=\"https:\/\/damicoline.com\/fr\/boutique\/?vx_brand=PIAGGIO&#038;vx_model=QUARGO%20702%20Diesel%20(2004-2006)&#038;vx_engine=LDW702\/P&#038;vx_years=2004-2006\">\ud83d\ude9a PIAGGIO QUARGO 702 Diesel (2004-2006) LDW702\/P (2004-2006) - ZAPP10000<\/a><\/td><\/tr><tr><th>Mod\u00e8le du v\u00e9hicule \u2013 Pr\u00e9fixe du ch\u00e2ssis:<\/th><td><a href=\"https:\/\/damicoline.com\/fr\/boutique\/?vx_brand=PIAGGIO&#038;vx_model=QUARGO%20702%20Diesel%20(2007-2017)&#038;vx_engine=LDW702\/P&#038;vx_years=2007-2017\">\ud83d\ude9a PIAGGIO QUARGO 702 Diesel (2007-2017) LDW702\/P (2007-2017) - ZAP4P10000<\/a><\/td><\/tr><\/tbody><\/table><\/div><\/section><\/section>\n","protected":false},"excerpt":{"rendered":"<p>Arbre de transmission complet pour Piaggio Quargo pr\u00eat \u00e0 monter Arbre de transmission complet et pr\u00e9assembl\u00e9 compatible avec Piaggio Quargo. Pi\u00e8ce de rechange exclusive, pr\u00eate \u00e0 l&#8217;installation, id\u00e9ale pour des interventions rapides et sans impr\u00e9vus. L&#8217;arbre de transmission est fourni d\u00e9j\u00e0 assembl\u00e9 avec tous les composants n\u00e9cessaires: Soufflets d&#8217;\u00e9tanch\u00e9it\u00e9 d&#8217;huile d\u00e9j\u00e0 install\u00e9s Moyeu d&#8217;attache du<\/p>\n<div class=\"klb-readmore button\"><a class=\"btn link\" href=\"https:\/\/damicoline.com\/fr\/produit\/arbre-de-transmission-complet-pour-piaggio-quargo-pret-a-monter\/\">Read More <i class=\"klbth-icon-right-arrow\"><\/i><\/a><\/div>\n","protected":false},"featured_media":16065,"template":"","meta":{"_sitemap_exclude":false,"_sitemap_priority":"","_sitemap_frequency":""},"product_brand":[2670],"product_cat":[1429,1424],"product_tag":[1436],"class_list":{"0":"post-16088","1":"product","2":"type-product","3":"status-publish","4":"has-post-thumbnail","6":"product_brand-aftermarket","7":"product_cat-arbre-de-transmission","8":"product_cat-transmission-arriere","9":"product_tag-1436","11":"first","12":"outofstock","13":"sale","14":"taxable","15":"shipping-taxable","16":"purchasable","17":"product-type-simple"},"_links":{"self":[{"href":"https:\/\/damicoline.com\/fr\/wp-json\/wp\/v2\/product\/16088","targetHints":{"allow":["GET"]}}],"collection":[{"href":"https:\/\/damicoline.com\/fr\/wp-json\/wp\/v2\/product"}],"about":[{"href":"https:\/\/damicoline.com\/fr\/wp-json\/wp\/v2\/types\/product"}],"wp:featuredmedia":[{"embeddable":true,"href":"https:\/\/damicoline.com\/fr\/wp-json\/wp\/v2\/media\/16065"}],"wp:attachment":[{"href":"https:\/\/damicoline.com\/fr\/wp-json\/wp\/v2\/media?parent=16088"}],"wp:term":[{"taxonomy":"product_brand","embeddable":true,"href":"https:\/\/damicoline.com\/fr\/wp-json\/wp\/v2\/product_brand?post=16088"},{"taxonomy":"product_cat","embeddable":true,"href":"https:\/\/damicoline.com\/fr\/wp-json\/wp\/v2\/product_cat?post=16088"},{"taxonomy":"product_tag","embeddable":true,"href":"https:\/\/damicoline.com\/fr\/wp-json\/wp\/v2\/product_tag?post=16088"}],"curies":[{"name":"wp","href":"https:\/\/api.w.org\/{rel}","templated":true}]}}