{"id":16135,"date":"2026-01-28T11:41:41","date_gmt":"2026-01-28T10:41:41","guid":{"rendered":"https:\/\/damicoline.com\/prodotto\/guarnizione-coperchio-punterie-piaggio-quargo\/"},"modified":"2026-04-22T15:02:09","modified_gmt":"2026-04-22T13:02:09","slug":"joint-de-couvercle-de-culbuteurs-pour-piaggio-quargo","status":"publish","type":"product","link":"https:\/\/damicoline.com\/fr\/produit\/joint-de-couvercle-de-culbuteurs-pour-piaggio-quargo\/","title":{"rendered":"Joint de couvercle de culbuteurs pour Piaggio Quargo"},"content":{"rendered":"<p><strong>Joint de couvercle de culbuteurs pour Piaggio Quargo<\/strong><\/p>\n<p>Joint pour <strong>couvercle de culbuteurs<\/strong> compatible avec <strong>Piaggio Quargo<\/strong>. Assure l&#8217;\u00e9tanch\u00e9it\u00e9 parfaite entre le couvercle et la culasse, pr\u00e9venant les fuites d&#8217;huile et maintenant le compartiment moteur propre.<\/p>\n<p>Fabriqu\u00e9 en mat\u00e9riau r\u00e9sistant \u00e0 la chaleur et \u00e0 l&#8217;huile moteur, il est id\u00e9al pour les interventions de maintenance courante ou lors du r\u00e9glage des culbuteurs. Pi\u00e8ce de rechange de qualit\u00e9, con\u00e7ue pour garantir fiabilit\u00e9 et durabilit\u00e9 dans le temps.<\/p>\n<div class=\"text-sm text-gray-800 font-medium mb-2\"><div class=\"text-sm text-gray-800 font-medium mb-2\"><strong>Codes de r\u00e9f\u00e9rence:<\/strong> 493760<\/div><\/div>\n<div class=\"oem-box mb-4\"><div class=\"oem-box mb-4\"><p class=\"text-sm text-gray-800 font-medium mb-2\">Type: <strong>D\u2019origine Piaggio<\/strong><\/p><p class=\"text-sm text-gray-700 mb-1\">Composant Piaggio d\u2019origine, con\u00e7u pour un montage et des performances corrects.<\/p><p class=\"text-xs text-gray-500 mt-2\">Les marques appartiennent \u00e0 leurs propri\u00e9taires respectifs.<\/p><\/div><\/div>\n<section class=\"compatibility-block mb-4\"><section class=\"compatibility-block mb-4\"><div class=\"product-extra-details hide-below-992\"><table class=\"woocommerce-product-attributes\"><tbody><tr><th colspan=\"2\"><span class=\"text-sm font-medium mb-2\">Compatible avec :<\/span><\/th><\/tr><tr><th>Mod\u00e8le du v\u00e9hicule \u2013 Pr\u00e9fixe du ch\u00e2ssis:<\/th><td><a href=\"https:\/\/damicoline.com\/fr\/boutique\/?vx_brand=PIAGGIO&#038;vx_model=QUARGO%20702%20Diesel%20(2004-2006)&#038;vx_engine=LDW702\/P&#038;vx_years=2004-2006\">\ud83d\ude9a PIAGGIO QUARGO 702 Diesel (2004-2006) LDW702\/P (2004-2006) - ZAPP10000<\/a><\/td><\/tr><tr><th>Mod\u00e8le du v\u00e9hicule \u2013 Pr\u00e9fixe du ch\u00e2ssis:<\/th><td><a href=\"https:\/\/damicoline.com\/fr\/boutique\/?vx_brand=PIAGGIO&#038;vx_model=QUARGO%20702%20Diesel%20(2007-2017)&#038;vx_engine=LDW702\/P&#038;vx_years=2007-2017\">\ud83d\ude9a PIAGGIO QUARGO 702 Diesel (2007-2017) LDW702\/P (2007-2017) - ZAP4P10000<\/a><\/td><\/tr><\/tbody><\/table><\/div><\/section><\/section>\n","protected":false},"excerpt":{"rendered":"<p>Joint de couvercle de culbuteurs pour Piaggio Quargo Joint pour couvercle de culbuteurs compatible avec Piaggio Quargo. Assure l&#8217;\u00e9tanch\u00e9it\u00e9 parfaite entre le couvercle et la culasse, pr\u00e9venant les fuites d&#8217;huile et maintenant le compartiment moteur propre. Fabriqu\u00e9 en mat\u00e9riau r\u00e9sistant \u00e0 la chaleur et \u00e0 l&#8217;huile moteur, il est id\u00e9al pour les interventions de maintenance<\/p>\n<div class=\"klb-readmore button\"><a class=\"btn link\" href=\"https:\/\/damicoline.com\/fr\/produit\/joint-de-couvercle-de-culbuteurs-pour-piaggio-quargo\/\">Read More <i class=\"klbth-icon-right-arrow\"><\/i><\/a><\/div>\n","protected":false},"featured_media":16111,"template":"","meta":{"_sitemap_exclude":false,"_sitemap_priority":"","_sitemap_frequency":""},"product_brand":[2672],"product_cat":[1122,417],"product_tag":[2196],"class_list":{"0":"post-16135","1":"product","2":"type-product","3":"status-publish","4":"has-post-thumbnail","6":"product_brand-piaggio","7":"product_cat-joints-moteur","8":"product_cat-pieces-du-moteur","9":"product_tag-2196","11":"first","12":"outofstock","13":"sale","14":"taxable","15":"shipping-taxable","16":"purchasable","17":"product-type-simple"},"_links":{"self":[{"href":"https:\/\/damicoline.com\/fr\/wp-json\/wp\/v2\/product\/16135","targetHints":{"allow":["GET"]}}],"collection":[{"href":"https:\/\/damicoline.com\/fr\/wp-json\/wp\/v2\/product"}],"about":[{"href":"https:\/\/damicoline.com\/fr\/wp-json\/wp\/v2\/types\/product"}],"wp:featuredmedia":[{"embeddable":true,"href":"https:\/\/damicoline.com\/fr\/wp-json\/wp\/v2\/media\/16111"}],"wp:attachment":[{"href":"https:\/\/damicoline.com\/fr\/wp-json\/wp\/v2\/media?parent=16135"}],"wp:term":[{"taxonomy":"product_brand","embeddable":true,"href":"https:\/\/damicoline.com\/fr\/wp-json\/wp\/v2\/product_brand?post=16135"},{"taxonomy":"product_cat","embeddable":true,"href":"https:\/\/damicoline.com\/fr\/wp-json\/wp\/v2\/product_cat?post=16135"},{"taxonomy":"product_tag","embeddable":true,"href":"https:\/\/damicoline.com\/fr\/wp-json\/wp\/v2\/product_tag?post=16135"}],"curies":[{"name":"wp","href":"https:\/\/api.w.org\/{rel}","templated":true}]}}