{"id":16145,"date":"2026-01-28T11:41:43","date_gmt":"2026-01-28T10:41:43","guid":{"rendered":"https:\/\/damicoline.com\/prodotto\/termostato-liquido-raffreddamento-piaggio-quargo-porter-diesel\/"},"modified":"2026-04-22T15:02:20","modified_gmt":"2026-04-22T13:02:20","slug":"thermostat-liquide-de-refroidissement-pour-piaggio-quargo-et-porter-diesel","status":"publish","type":"product","link":"https:\/\/damicoline.com\/fr\/produit\/thermostat-liquide-de-refroidissement-pour-piaggio-quargo-et-porter-diesel\/","title":{"rendered":"Thermostat liquide de refroidissement pour Piaggio Quargo et Porter Diesel"},"content":{"rendered":"<p><strong>Thermostat liquide de refroidissement pour Piaggio Quargo et Porter Diesel<\/strong><\/p>\n<p>Thermostat pour <strong>liquide de refroidissement<\/strong> compatible avec <strong>Piaggio Quargo<\/strong> et <strong>Piaggio Porter Diesel<\/strong>. R\u00e9gule correctement la temp\u00e9rature du moteur, favorisant un r\u00e9chauffement rapide \u00e0 froid et maintenant des valeurs optimales pendant le fonctionnement.<\/p>\n<p>Composant fondamental du syst\u00e8me de refroidissement, aide \u00e0 pr\u00e9venir <strong>surchauffes<\/strong> ou <strong>temp\u00e9ratures trop basses<\/strong>, am\u00e9liorant fiabilit\u00e9, consommation et efficacit\u00e9 du moteur. Pi\u00e8ce de rechange de qualit\u00e9, con\u00e7ue pour garantir durabilit\u00e9 et parfaite compatibilit\u00e9.<\/p>\n<div class=\"text-sm text-gray-800 font-medium mb-2\"><div class=\"text-sm text-gray-800 font-medium mb-2\"><strong>Codes de r\u00e9f\u00e9rence:<\/strong> 493883<\/div><\/div>\n<div class=\"oem-box mb-4\"><div class=\"oem-box mb-4\"><p class=\"text-sm text-gray-800 font-medium mb-2\">Type: <strong>Aftermarket<\/strong><\/p><p class=\"text-sm text-gray-700 mb-1\">Composant adaptable de qualit\u00e9 professionnelle, compatible avec les v\u00e9hicules indiqu\u00e9s sur cette page.<\/p><p class=\"text-xs text-gray-500 mt-2\">Non fabriqu\u00e9 ni marqu\u00e9 par Piaggio. Marques d\u00e9tenues par leurs propri\u00e9taires.<\/p><\/div><\/div>\n<section class=\"compatibility-block mb-4\"><section class=\"compatibility-block mb-4\"><div class=\"product-extra-details hide-below-992\"><table class=\"woocommerce-product-attributes\"><tbody><tr><th colspan=\"2\"><span class=\"text-sm font-medium mb-2\">Compatible avec :<\/span><\/th><\/tr><tr><th>Mod\u00e8le du v\u00e9hicule \u2013 Pr\u00e9fixe du ch\u00e2ssis:<\/th><td><a href=\"https:\/\/damicoline.com\/fr\/boutique\/?vx_brand=PIAGGIO&#038;vx_model=PORTER%20Pianale%20piatto%201.4%20D%20(1998-2005)&#038;vx_engine=LDW1404\/P&#038;vx_years=1998-2005\">\ud83d\ude9a PIAGGIO PORTER Pianale piatto 1.4 D (1998-2005) LDW1404\/P (1998-2005) - ZAPS&#56;&#53;&#48;&#48;&#48;&#48;&#48;&#52;, ZAPS&#56;&#53;&#48;&#48;&#48;&#48;&#48;&#55;, ZAPS85V00004, ZAPS85V00007<\/a><\/td><\/tr><tr><th>Mod\u00e8le du v\u00e9hicule \u2013 Pr\u00e9fixe du ch\u00e2ssis:<\/th><td><a href=\"https:\/\/damicoline.com\/fr\/boutique\/?vx_brand=PIAGGIO&#038;vx_model=QUARGO%20702%20Diesel%20(2004-2006)&#038;vx_engine=LDW702\/P&#038;vx_years=2004-2006\">\ud83d\ude9a PIAGGIO QUARGO 702 Diesel (2004-2006) LDW702\/P (2004-2006) - ZAPP10000<\/a><\/td><\/tr><tr><th>Mod\u00e8le du v\u00e9hicule \u2013 Pr\u00e9fixe du ch\u00e2ssis:<\/th><td><a href=\"https:\/\/damicoline.com\/fr\/boutique\/?vx_brand=PIAGGIO&#038;vx_model=QUARGO%20702%20Diesel%20(2007-2017)&#038;vx_engine=LDW702\/P&#038;vx_years=2007-2017\">\ud83d\ude9a PIAGGIO QUARGO 702 Diesel (2007-2017) LDW702\/P (2007-2017) - ZAP4P10000<\/a><\/td><\/tr><\/tbody><\/table><\/div><\/section><\/section>\n","protected":false},"excerpt":{"rendered":"<p>Thermostat liquide de refroidissement pour Piaggio Quargo et Porter Diesel Thermostat pour liquide de refroidissement compatible avec Piaggio Quargo et Piaggio Porter Diesel. R\u00e9gule correctement la temp\u00e9rature du moteur, favorisant un r\u00e9chauffement rapide \u00e0 froid et maintenant des valeurs optimales pendant le fonctionnement. Composant fondamental du syst\u00e8me de refroidissement, aide \u00e0 pr\u00e9venir surchauffes ou temp\u00e9ratures<\/p>\n<div class=\"klb-readmore button\"><a class=\"btn link\" href=\"https:\/\/damicoline.com\/fr\/produit\/thermostat-liquide-de-refroidissement-pour-piaggio-quargo-et-porter-diesel\/\">Read More <i class=\"klbth-icon-right-arrow\"><\/i><\/a><\/div>\n","protected":false},"featured_media":16130,"template":"","meta":{"_sitemap_exclude":false,"_sitemap_priority":"","_sitemap_frequency":""},"product_brand":[2670],"product_cat":[402,1403],"product_tag":[3691],"class_list":{"0":"post-16145","1":"product","2":"type-product","3":"status-publish","4":"has-post-thumbnail","6":"product_brand-aftermarket","7":"product_cat-systeme-de-refroidissement","8":"product_cat-thermostat-fr","9":"product_tag-3691","11":"first","12":"outofstock","13":"sale","14":"taxable","15":"shipping-taxable","16":"purchasable","17":"product-type-simple"},"_links":{"self":[{"href":"https:\/\/damicoline.com\/fr\/wp-json\/wp\/v2\/product\/16145","targetHints":{"allow":["GET"]}}],"collection":[{"href":"https:\/\/damicoline.com\/fr\/wp-json\/wp\/v2\/product"}],"about":[{"href":"https:\/\/damicoline.com\/fr\/wp-json\/wp\/v2\/types\/product"}],"wp:featuredmedia":[{"embeddable":true,"href":"https:\/\/damicoline.com\/fr\/wp-json\/wp\/v2\/media\/16130"}],"wp:attachment":[{"href":"https:\/\/damicoline.com\/fr\/wp-json\/wp\/v2\/media?parent=16145"}],"wp:term":[{"taxonomy":"product_brand","embeddable":true,"href":"https:\/\/damicoline.com\/fr\/wp-json\/wp\/v2\/product_brand?post=16145"},{"taxonomy":"product_cat","embeddable":true,"href":"https:\/\/damicoline.com\/fr\/wp-json\/wp\/v2\/product_cat?post=16145"},{"taxonomy":"product_tag","embeddable":true,"href":"https:\/\/damicoline.com\/fr\/wp-json\/wp\/v2\/product_tag?post=16145"}],"curies":[{"name":"wp","href":"https:\/\/api.w.org\/{rel}","templated":true}]}}