{"id":16223,"date":"2026-02-02T14:43:15","date_gmt":"2026-02-02T13:43:15","guid":{"rendered":"https:\/\/damicoline.com\/prodotto\/vite-bullone-interno-giunto-semiasse-piaggio-quargo\/"},"modified":"2026-02-02T15:39:10","modified_gmt":"2026-02-02T14:39:10","slug":"boulon-de-vis-interne-joint-darbre-pour-piaggio-quargo","status":"publish","type":"product","link":"https:\/\/damicoline.com\/fr\/produit\/boulon-de-vis-interne-joint-darbre-pour-piaggio-quargo\/","title":{"rendered":"Boulon de vis interne joint d&#8217;arbre pour Piaggio Quargo"},"content":{"rendered":"<p><strong>Boulon de vis interne joint d&#8217;arbre pour Piaggio Quargo<\/strong><\/p>\n<p>Boulon de vis pour <strong>interne joint d&#8217;arbre<\/strong> compatible avec <strong>Piaggio Quargo<\/strong>. Composant essentiel pour la fixation correcte du joint \u00e0 l&#8217;arbre, il garantit un serrage s\u00fbr, une stabilit\u00e9 de la transmission et un fonctionnement fiable dans le temps.<\/p>\n<p>R\u00e9alis\u00e9 en acier \u00e0 haute r\u00e9sistance, il est con\u00e7u pour supporter des contraintes \u00e9lev\u00e9es et pr\u00e9venir les desserrages ou jeux. Pi\u00e8ce de rechange recommand\u00e9e lors de la r\u00e9vision ou du remplacement de l&#8217;arbre.<\/p>\n<div class=\"text-sm text-gray-800 font-medium mb-2\"><div class=\"text-sm text-gray-800 font-medium mb-2\"><strong>Codes de r\u00e9f\u00e9rence:<\/strong> B007665<\/div><\/div>\n<div class=\"oem-box mb-4\">\t\t\t\t<div class=\"oem-box mb-4\">\n\t\t\t\t\t<p class=\"text-sm text-gray-800 font-medium mb-2\">Type: <strong>D\u2019origine Piaggio<\/strong><\/p>\n\t\t\t\t\t<p class=\"text-sm text-gray-700 mb-1\">Composant Piaggio d\u2019origine, con\u00e7u pour un montage et des performances corrects.<\/p>\n\t\t\t\t\t<p class=\"text-xs text-gray-500 mt-2\">*Les marques appartiennent \u00e0 leurs propri\u00e9taires respectifs.<\/p>\n\t\t\t\t<\/div>\n\t\t\t<\/div>\n<section class=\"compatibility-block mb-4\"><section class=\"compatibility-block mb-4\"><div class=\"product-extra-details hide-below-992\"><table class=\"woocommerce-product-attributes\"><tbody><tr><th colspan=\"2\"><span class=\"text-sm font-medium mb-2\">Compatible avec :<\/span><\/th><\/tr><tr><th>Mod\u00e8le du v\u00e9hicule \u2013 Pr\u00e9fixe du ch\u00e2ssis:<\/th><td><a href=\"https:\/\/damicoline.com\/fr\/boutique\/?vx_brand=PIAGGIO&#038;vx_model=QUARGO%20702%20Diesel%20(2004-2006)&#038;vx_engine=LDW702\/P&#038;vx_years=2004-2006\">\ud83d\ude9a PIAGGIO QUARGO 702 Diesel (2004-2006) LDW702\/P (2004-2006) - ZAPP10000<\/a><\/td><\/tr><tr><th>Mod\u00e8le du v\u00e9hicule \u2013 Pr\u00e9fixe du ch\u00e2ssis:<\/th><td><a href=\"https:\/\/damicoline.com\/fr\/boutique\/?vx_brand=PIAGGIO&#038;vx_model=QUARGO%20702%20Diesel%20(2007-2017)&#038;vx_engine=LDW702\/P&#038;vx_years=2007-2017\">\ud83d\ude9a PIAGGIO QUARGO 702 Diesel (2007-2017) LDW702\/P (2007-2017) - ZAP4P10000<\/a><\/td><\/tr><\/tbody><\/table><\/div><\/section><\/section>\n","protected":false},"excerpt":{"rendered":"<p>Boulon de vis interne joint d&#8217;arbre pour Piaggio Quargo Boulon de vis pour interne joint d&#8217;arbre compatible avec Piaggio Quargo. Composant essentiel pour la fixation correcte du joint \u00e0 l&#8217;arbre, il garantit un serrage s\u00fbr, une stabilit\u00e9 de la transmission et un fonctionnement fiable dans le temps. R\u00e9alis\u00e9 en acier \u00e0 haute r\u00e9sistance, il est<\/p>\n<div class=\"klb-readmore button\"><a class=\"btn link\" href=\"https:\/\/damicoline.com\/fr\/produit\/boulon-de-vis-interne-joint-darbre-pour-piaggio-quargo\/\">Read More <i class=\"klbth-icon-right-arrow\"><\/i><\/a><\/div>\n","protected":false},"featured_media":16218,"template":"","meta":{"_sitemap_exclude":false,"_sitemap_priority":"","_sitemap_frequency":""},"product_brand":[2672],"product_cat":[1429,1424],"product_tag":[3708],"class_list":{"0":"post-16223","1":"product","2":"type-product","3":"status-publish","4":"has-post-thumbnail","6":"product_brand-piaggio","7":"product_cat-arbre-de-transmission","8":"product_cat-transmission-arriere","9":"product_tag-b007665","11":"first","12":"instock","13":"sale","14":"taxable","15":"shipping-taxable","16":"purchasable","17":"product-type-simple"},"_links":{"self":[{"href":"https:\/\/damicoline.com\/fr\/wp-json\/wp\/v2\/product\/16223","targetHints":{"allow":["GET"]}}],"collection":[{"href":"https:\/\/damicoline.com\/fr\/wp-json\/wp\/v2\/product"}],"about":[{"href":"https:\/\/damicoline.com\/fr\/wp-json\/wp\/v2\/types\/product"}],"wp:featuredmedia":[{"embeddable":true,"href":"https:\/\/damicoline.com\/fr\/wp-json\/wp\/v2\/media\/16218"}],"wp:attachment":[{"href":"https:\/\/damicoline.com\/fr\/wp-json\/wp\/v2\/media?parent=16223"}],"wp:term":[{"taxonomy":"product_brand","embeddable":true,"href":"https:\/\/damicoline.com\/fr\/wp-json\/wp\/v2\/product_brand?post=16223"},{"taxonomy":"product_cat","embeddable":true,"href":"https:\/\/damicoline.com\/fr\/wp-json\/wp\/v2\/product_cat?post=16223"},{"taxonomy":"product_tag","embeddable":true,"href":"https:\/\/damicoline.com\/fr\/wp-json\/wp\/v2\/product_tag?post=16223"}],"curies":[{"name":"wp","href":"https:\/\/api.w.org\/{rel}","templated":true}]}}