{"id":16235,"date":"2026-02-02T14:45:02","date_gmt":"2026-02-02T13:45:02","guid":{"rendered":"https:\/\/damicoline.com\/prodotto\/guarnizione-collettore-aspirazione-piaggio-quargo\/"},"modified":"2026-02-02T15:46:55","modified_gmt":"2026-02-02T14:46:55","slug":"joint-collecteur-dadmission-pour-piaggio-quargo","status":"publish","type":"product","link":"https:\/\/damicoline.com\/fr\/produit\/joint-collecteur-dadmission-pour-piaggio-quargo\/","title":{"rendered":"Joint collecteur d&#8217;admission pour Piaggio Quargo"},"content":{"rendered":"<p><strong>Joint collecteur d&#8217;admission pour Piaggio Quargo<\/strong><\/p>\n<p>Joint pour <strong>collecteur d&#8217;admission<\/strong> compatible avec <strong>Piaggio Quargo<\/strong>. Composant fondamental pour garantir l&#8217;\u00e9tanch\u00e9it\u00e9 parfaite entre le collecteur et le moteur, \u00e9vitant les infiltrations d&#8217;air et assurant une alimentation correcte.<\/p>\n<p>R\u00e9alis\u00e9 en mat\u00e9riau r\u00e9sistant aux temp\u00e9ratures et sollicitations \u00e9lev\u00e9es, il contribue \u00e0 maintenir des performances optimales du moteur, r\u00e9duisant les irr\u00e9gularit\u00e9s de fonctionnement et les pertes. Pi\u00e8ce de rechange recommand\u00e9e lors des interventions de maintenance ou du d\u00e9montage du collecteur.<\/p>\n<div class=\"text-sm text-gray-800 font-medium mb-2\"><div class=\"text-sm text-gray-800 font-medium mb-2\"><strong>Codes de r\u00e9f\u00e9rence:<\/strong> 850036<\/div><\/div>\n<div class=\"oem-box mb-4\">\t\t\t\t<div class=\"oem-box mb-4\">\n\t\t\t\t\t<p class=\"text-sm text-gray-800 font-medium mb-2\">Type: <strong>D\u2019origine Piaggio<\/strong><\/p>\n\t\t\t\t\t<p class=\"text-sm text-gray-700 mb-1\">Composant Piaggio d\u2019origine, con\u00e7u pour un montage et des performances corrects.<\/p>\n\t\t\t\t\t<p class=\"text-xs text-gray-500 mt-2\">*Les marques appartiennent \u00e0 leurs propri\u00e9taires respectifs.<\/p>\n\t\t\t\t<\/div>\n\t\t\t<\/div>\n<section class=\"compatibility-block mb-4\"><section class=\"compatibility-block mb-4\"><div class=\"product-extra-details hide-below-992\"><table class=\"woocommerce-product-attributes\"><tbody><tr><th colspan=\"2\"><span class=\"text-sm font-medium mb-2\">Compatible avec :<\/span><\/th><\/tr><tr><th>Mod\u00e8le du v\u00e9hicule \u2013 Pr\u00e9fixe du ch\u00e2ssis:<\/th><td><a href=\"https:\/\/damicoline.com\/fr\/boutique\/?vx_brand=PIAGGIO&#038;vx_model=QUARGO%20702%20Diesel%20(2004-2006)&#038;vx_engine=LDW702\/P&#038;vx_years=2004-2006\">\ud83d\ude9a PIAGGIO QUARGO 702 Diesel (2004-2006) LDW702\/P (2004-2006) - ZAPP10000<\/a><\/td><\/tr><tr><th>Mod\u00e8le du v\u00e9hicule \u2013 Pr\u00e9fixe du ch\u00e2ssis:<\/th><td><a href=\"https:\/\/damicoline.com\/fr\/boutique\/?vx_brand=PIAGGIO&#038;vx_model=QUARGO%20702%20Diesel%20(2007-2017)&#038;vx_engine=LDW702\/P&#038;vx_years=2007-2017\">\ud83d\ude9a PIAGGIO QUARGO 702 Diesel (2007-2017) LDW702\/P (2007-2017) - ZAP4P10000<\/a><\/td><\/tr><\/tbody><\/table><\/div><\/section><\/section>\n","protected":false},"excerpt":{"rendered":"<p>Joint collecteur d&#8217;admission pour Piaggio Quargo Joint pour collecteur d&#8217;admission compatible avec Piaggio Quargo. Composant fondamental pour garantir l&#8217;\u00e9tanch\u00e9it\u00e9 parfaite entre le collecteur et le moteur, \u00e9vitant les infiltrations d&#8217;air et assurant une alimentation correcte. R\u00e9alis\u00e9 en mat\u00e9riau r\u00e9sistant aux temp\u00e9ratures et sollicitations \u00e9lev\u00e9es, il contribue \u00e0 maintenir des performances optimales du moteur, r\u00e9duisant les<\/p>\n<div class=\"klb-readmore button\"><a class=\"btn link\" href=\"https:\/\/damicoline.com\/fr\/produit\/joint-collecteur-dadmission-pour-piaggio-quargo\/\">Read More <i class=\"klbth-icon-right-arrow\"><\/i><\/a><\/div>\n","protected":false},"featured_media":16230,"template":"","meta":{"_sitemap_exclude":false,"_sitemap_priority":"","_sitemap_frequency":""},"product_brand":[2672],"product_cat":[1078,64],"product_tag":[3699],"class_list":{"0":"post-16235","1":"product","2":"type-product","3":"status-publish","4":"has-post-thumbnail","6":"product_brand-piaggio","7":"product_cat-guarnizioni-motore","8":"product_cat-parti-del-motore","9":"product_tag-3699","11":"first","12":"instock","13":"sale","14":"taxable","15":"shipping-taxable","16":"purchasable","17":"product-type-simple"},"_links":{"self":[{"href":"https:\/\/damicoline.com\/fr\/wp-json\/wp\/v2\/product\/16235","targetHints":{"allow":["GET"]}}],"collection":[{"href":"https:\/\/damicoline.com\/fr\/wp-json\/wp\/v2\/product"}],"about":[{"href":"https:\/\/damicoline.com\/fr\/wp-json\/wp\/v2\/types\/product"}],"wp:featuredmedia":[{"embeddable":true,"href":"https:\/\/damicoline.com\/fr\/wp-json\/wp\/v2\/media\/16230"}],"wp:attachment":[{"href":"https:\/\/damicoline.com\/fr\/wp-json\/wp\/v2\/media?parent=16235"}],"wp:term":[{"taxonomy":"product_brand","embeddable":true,"href":"https:\/\/damicoline.com\/fr\/wp-json\/wp\/v2\/product_brand?post=16235"},{"taxonomy":"product_cat","embeddable":true,"href":"https:\/\/damicoline.com\/fr\/wp-json\/wp\/v2\/product_cat?post=16235"},{"taxonomy":"product_tag","embeddable":true,"href":"https:\/\/damicoline.com\/fr\/wp-json\/wp\/v2\/product_tag?post=16235"}],"curies":[{"name":"wp","href":"https:\/\/api.w.org\/{rel}","templated":true}]}}