{"id":16296,"date":"2026-02-02T16:32:26","date_gmt":"2026-02-02T15:32:26","guid":{"rendered":"https:\/\/damicoline.com\/prodotto\/tubo-ritorno-radiatore-piaggio-quargo\/"},"modified":"2026-02-02T17:29:48","modified_gmt":"2026-02-02T16:29:48","slug":"tuyau-de-retour-radiateur-pour-piaggio-quargo","status":"publish","type":"product","link":"https:\/\/damicoline.com\/fr\/produit\/tuyau-de-retour-radiateur-pour-piaggio-quargo\/","title":{"rendered":"Tuyau de retour radiateur pour Piaggio Quargo"},"content":{"rendered":"<p><strong>Tuyau de retour radiateur pour Piaggio Quargo<\/strong><\/p>\n<p>Tuyau de <strong>retour radiateur<\/strong> compatible avec <strong>Piaggio Quargo<\/strong>, identifi\u00e9 comme <strong>pi\u00e8ce n\u00b0 28<\/strong> dans le sch\u00e9ma du syst\u00e8me de refroidissement. Ram\u00e8ne le liquide de refroidissement du radiateur au moteur, compl\u00e9tant ainsi le cycle de refroidissement.<\/p>\n<p>\u00c9l\u00e9ment essentiel pour le bon fonctionnement du syst\u00e8me, il contribue \u00e0 maintenir des temp\u00e9ratures stables et \u00e0 pr\u00e9venir les surchauffes. Pi\u00e8ce de rechange fiable, id\u00e9ale en cas d&#8217;usure, de fuites ou pour l&#8217;entretien du syst\u00e8me.<\/p>\n<div class=\"text-sm text-gray-800 font-medium mb-2\"><div class=\"text-sm text-gray-800 font-medium mb-2\"><strong>Codes de r\u00e9f\u00e9rence:<\/strong> 613819<\/div><\/div>\n<div class=\"oem-box mb-4\">\t\t\t\t<div class=\"oem-box mb-4\">\n\t\t\t\t\t<p class=\"text-sm text-gray-800 font-medium mb-2\">Type: <strong>D\u2019origine Piaggio<\/strong><\/p>\n\t\t\t\t\t<p class=\"text-sm text-gray-700 mb-1\">Composant Piaggio d\u2019origine, con\u00e7u pour un montage et des performances corrects.<\/p>\n\t\t\t\t\t<p class=\"text-xs text-gray-500 mt-2\">*Les marques appartiennent \u00e0 leurs propri\u00e9taires respectifs.<\/p>\n\t\t\t\t<\/div>\n\t\t\t<\/div>\n<section class=\"compatibility-block mb-4\"><section class=\"compatibility-block mb-4\"><div class=\"product-extra-details hide-below-992\"><table class=\"woocommerce-product-attributes\"><tbody><tr><th colspan=\"2\"><span class=\"text-sm font-medium mb-2\">Compatible avec :<\/span><\/th><\/tr><tr><th>Mod\u00e8le du v\u00e9hicule \u2013 Pr\u00e9fixe du ch\u00e2ssis:<\/th><td><a href=\"https:\/\/damicoline.com\/fr\/boutique\/?vx_brand=PIAGGIO&#038;vx_model=QUARGO%20702%20Diesel%20(2004-2006)&#038;vx_engine=LDW702\/P&#038;vx_years=2004-2006\">\ud83d\ude9a PIAGGIO QUARGO 702 Diesel (2004-2006) LDW702\/P (2004-2006) - ZAPP10000<\/a><\/td><\/tr><tr><th>Mod\u00e8le du v\u00e9hicule \u2013 Pr\u00e9fixe du ch\u00e2ssis:<\/th><td><a href=\"https:\/\/damicoline.com\/fr\/boutique\/?vx_brand=PIAGGIO&#038;vx_model=QUARGO%20702%20Diesel%20(2007-2017)&#038;vx_engine=LDW702\/P&#038;vx_years=2007-2017\">\ud83d\ude9a PIAGGIO QUARGO 702 Diesel (2007-2017) LDW702\/P (2007-2017) - ZAP4P10000<\/a><\/td><\/tr><\/tbody><\/table><\/div><\/section><\/section>\n","protected":false},"excerpt":{"rendered":"<p>Tuyau de retour radiateur pour Piaggio Quargo Tuyau de retour radiateur compatible avec Piaggio Quargo, identifi\u00e9 comme pi\u00e8ce n\u00b0 28 dans le sch\u00e9ma du syst\u00e8me de refroidissement. Ram\u00e8ne le liquide de refroidissement du radiateur au moteur, compl\u00e9tant ainsi le cycle de refroidissement. \u00c9l\u00e9ment essentiel pour le bon fonctionnement du syst\u00e8me, il contribue \u00e0 maintenir des<\/p>\n<div class=\"klb-readmore button\"><a class=\"btn link\" href=\"https:\/\/damicoline.com\/fr\/produit\/tuyau-de-retour-radiateur-pour-piaggio-quargo\/\">Read More <i class=\"klbth-icon-right-arrow\"><\/i><\/a><\/div>\n","protected":false},"featured_media":16291,"template":"","meta":{"_sitemap_exclude":false,"_sitemap_priority":"","_sitemap_frequency":""},"product_brand":[2672],"product_cat":[119,3384],"product_tag":[3725],"class_list":{"0":"post-16296","1":"product","2":"type-product","3":"status-publish","4":"has-post-thumbnail","6":"product_brand-piaggio","7":"product_cat-impianto-di-raffreddamento","8":"product_cat-tubi-e-manicotti","9":"product_tag-3725","11":"first","12":"instock","13":"sale","14":"taxable","15":"shipping-taxable","16":"purchasable","17":"product-type-simple"},"_links":{"self":[{"href":"https:\/\/damicoline.com\/fr\/wp-json\/wp\/v2\/product\/16296","targetHints":{"allow":["GET"]}}],"collection":[{"href":"https:\/\/damicoline.com\/fr\/wp-json\/wp\/v2\/product"}],"about":[{"href":"https:\/\/damicoline.com\/fr\/wp-json\/wp\/v2\/types\/product"}],"wp:featuredmedia":[{"embeddable":true,"href":"https:\/\/damicoline.com\/fr\/wp-json\/wp\/v2\/media\/16291"}],"wp:attachment":[{"href":"https:\/\/damicoline.com\/fr\/wp-json\/wp\/v2\/media?parent=16296"}],"wp:term":[{"taxonomy":"product_brand","embeddable":true,"href":"https:\/\/damicoline.com\/fr\/wp-json\/wp\/v2\/product_brand?post=16296"},{"taxonomy":"product_cat","embeddable":true,"href":"https:\/\/damicoline.com\/fr\/wp-json\/wp\/v2\/product_cat?post=16296"},{"taxonomy":"product_tag","embeddable":true,"href":"https:\/\/damicoline.com\/fr\/wp-json\/wp\/v2\/product_tag?post=16296"}],"curies":[{"name":"wp","href":"https:\/\/api.w.org\/{rel}","templated":true}]}}