{"id":16597,"date":"2026-02-11T13:17:54","date_gmt":"2026-02-11T12:17:54","guid":{"rendered":"https:\/\/damicoline.com\/prodotto\/serbatoio-liquido-raffreddamento-piaggio-quargo-vaso-espansione\/"},"modified":"2026-02-11T13:25:10","modified_gmt":"2026-02-11T12:25:10","slug":"reservoir-de-liquide-de-refroidissement-piaggio-quargo-avec-bouchon","status":"publish","type":"product","link":"https:\/\/damicoline.com\/fr\/produit\/reservoir-de-liquide-de-refroidissement-piaggio-quargo-avec-bouchon\/","title":{"rendered":"R\u00e9servoir de liquide de refroidissement Piaggio Quargo avec bouchon"},"content":{"rendered":"<p><strong>R\u00e9servoir de liquide de refroidissement pour Piaggio Quargo<\/strong><\/p>\n<p>R\u00e9servoir <strong>de liquide de refroidissement<\/strong> (vase d&#8217;expansion du radiateur) compatible avec <strong>Piaggio Quargo<\/strong>. Composant essentiel pour le bon fonctionnement du syst\u00e8me de refroidissement, il permet la gestion de l&#8217;expansion du liquide r\u00e9frig\u00e9rant et le maintien de la pression dans le circuit.<\/p>\n<p>Le produit est fourni <strong>complet avec bouchon<\/strong>, pr\u00eat pour l&#8217;installation. Id\u00e9al en cas de fissures, fuites ou d\u00e9t\u00e9rioration du vase d&#8217;origine.<\/p>\n<p>Pi\u00e8ce de rechange de qualit\u00e9, r\u00e9sistante aux hautes temp\u00e9ratures et con\u00e7ue pour garantir fiabilit\u00e9 et durabilit\u00e9 dans le temps.<\/p>\n<div class=\"text-sm text-gray-800 font-medium mb-2\"><div class=\"text-sm text-gray-800 font-medium mb-2\"><strong>Codes de r\u00e9f\u00e9rence:<\/strong> 615655<\/div><\/div>\n<div class=\"oem-box mb-4\"><div class=\"oem-box mb-4\"><p class=\"text-sm text-gray-800 font-medium mb-2\">Type: <strong>D\u2019origine Piaggio<\/strong><\/p><p class=\"text-sm text-gray-700 mb-1\">Composant Piaggio d\u2019origine, con\u00e7u pour un montage et des performances corrects.<\/p><p class=\"text-xs text-gray-500 mt-2\">Les marques appartiennent \u00e0 leurs propri\u00e9taires respectifs.<\/p><\/div><\/div>\n<section class=\"compatibility-block mb-4\"><section class=\"compatibility-block mb-4\"><div class=\"product-extra-details hide-below-992\"><table class=\"woocommerce-product-attributes\"><tbody><tr><th colspan=\"2\"><span class=\"text-sm font-medium mb-2\">Compatible avec :<\/span><\/th><\/tr><tr><th>Mod\u00e8le du v\u00e9hicule \u2013 Pr\u00e9fixe du ch\u00e2ssis:<\/th><td><a href=\"https:\/\/damicoline.com\/fr\/boutique\/?vx_brand=PIAGGIO&#038;vx_model=QUARGO%20702%20Diesel%20(2004-2006)&#038;vx_engine=LDW702\/P&#038;vx_years=2004-2006\">\ud83d\ude9a PIAGGIO QUARGO 702 Diesel (2004-2006) LDW702\/P (2004-2006) - ZAPP10000<\/a><\/td><\/tr><tr><th>Mod\u00e8le du v\u00e9hicule \u2013 Pr\u00e9fixe du ch\u00e2ssis:<\/th><td><a href=\"https:\/\/damicoline.com\/fr\/boutique\/?vx_brand=PIAGGIO&#038;vx_model=QUARGO%20702%20Diesel%20(2007-2017)&#038;vx_engine=LDW702\/P&#038;vx_years=2007-2017\">\ud83d\ude9a PIAGGIO QUARGO 702 Diesel (2007-2017) LDW702\/P (2007-2017) - ZAP4P10000<\/a><\/td><\/tr><\/tbody><\/table><\/div><\/section><\/section>\n","protected":false},"excerpt":{"rendered":"<p>R\u00e9servoir de liquide de refroidissement pour Piaggio Quargo R\u00e9servoir de liquide de refroidissement (vase d&#8217;expansion du radiateur) compatible avec Piaggio Quargo. Composant essentiel pour le bon fonctionnement du syst\u00e8me de refroidissement, il permet la gestion de l&#8217;expansion du liquide r\u00e9frig\u00e9rant et le maintien de la pression dans le circuit. Le produit est fourni complet avec<\/p>\n<div class=\"klb-readmore button\"><a class=\"btn link\" href=\"https:\/\/damicoline.com\/fr\/produit\/reservoir-de-liquide-de-refroidissement-piaggio-quargo-avec-bouchon\/\">Read More <i class=\"klbth-icon-right-arrow\"><\/i><\/a><\/div>\n","protected":false},"featured_media":16592,"template":"","meta":{"_sitemap_exclude":false,"_sitemap_priority":"","_sitemap_frequency":""},"product_brand":[2672],"product_cat":[3750,402],"product_tag":[3751],"class_list":{"0":"post-16597","1":"product","2":"type-product","3":"status-publish","4":"has-post-thumbnail","6":"product_brand-piaggio","7":"product_cat-reservoir-de-liquide","8":"product_cat-systeme-de-refroidissement","9":"product_tag-3751","11":"first","12":"outofstock","13":"sale","14":"taxable","15":"shipping-taxable","16":"purchasable","17":"product-type-simple"},"_links":{"self":[{"href":"https:\/\/damicoline.com\/fr\/wp-json\/wp\/v2\/product\/16597","targetHints":{"allow":["GET"]}}],"collection":[{"href":"https:\/\/damicoline.com\/fr\/wp-json\/wp\/v2\/product"}],"about":[{"href":"https:\/\/damicoline.com\/fr\/wp-json\/wp\/v2\/types\/product"}],"wp:featuredmedia":[{"embeddable":true,"href":"https:\/\/damicoline.com\/fr\/wp-json\/wp\/v2\/media\/16592"}],"wp:attachment":[{"href":"https:\/\/damicoline.com\/fr\/wp-json\/wp\/v2\/media?parent=16597"}],"wp:term":[{"taxonomy":"product_brand","embeddable":true,"href":"https:\/\/damicoline.com\/fr\/wp-json\/wp\/v2\/product_brand?post=16597"},{"taxonomy":"product_cat","embeddable":true,"href":"https:\/\/damicoline.com\/fr\/wp-json\/wp\/v2\/product_cat?post=16597"},{"taxonomy":"product_tag","embeddable":true,"href":"https:\/\/damicoline.com\/fr\/wp-json\/wp\/v2\/product_tag?post=16597"}],"curies":[{"name":"wp","href":"https:\/\/api.w.org\/{rel}","templated":true}]}}