{"id":16821,"date":"2026-02-18T14:49:21","date_gmt":"2026-02-18T13:49:21","guid":{"rendered":"https:\/\/damicoline.com\/prodotto\/guarnizione-testata-2-fori-piaggio-quargo-ldw-702-p\/"},"modified":"2026-04-22T15:03:29","modified_gmt":"2026-04-22T13:03:29","slug":"joint-de-culasse-2-trous-piaggio-quargo-ldw-702-p","status":"publish","type":"product","link":"https:\/\/damicoline.com\/fr\/produit\/joint-de-culasse-2-trous-piaggio-quargo-ldw-702-p\/","title":{"rendered":"Joint de culasse 2 trous Piaggio Quargo LDW-702\/P"},"content":{"rendered":"<p><strong>Joint de culasse 2 trous pour Piaggio Quargo LDW-702\/P<\/strong><\/p>\n<p>Joint de culasse compatible avec <strong>Piaggio Quargo<\/strong> avec moteur <strong>LDW-702\/P<\/strong>, version <strong>2 trous<\/strong>. Le nombre de trous identifie le joint correct en fonction de la <strong>saillie des pistons<\/strong>.<\/p>\n<p><strong>Utiliser le joint 2 trous<\/strong> lorsque la <strong>saillie des pistons<\/strong> se situe dans la plage <strong>1,51 \u2013 1,59<\/strong>.<\/p>\n<p>Pi\u00e8ce de rechange de qualit\u00e9 pour garantir l&#8217;\u00e9tanch\u00e9it\u00e9 entre la culasse et le bloc moteur et un fonctionnement fiable. <strong>V\u00e9rifiez la saillie des pistons<\/strong> et\/ou le nombre de trous du joint install\u00e9 avant l&#8217;achat.<\/p>\n<div class=\"text-sm text-gray-800 font-medium mb-2\"><div class=\"text-sm text-gray-800 font-medium mb-2\"><strong>Codes de r\u00e9f\u00e9rence:<\/strong> 850040<\/div><\/div>\n<div class=\"oem-box mb-4\"><div class=\"oem-box mb-4\"><p class=\"text-sm text-gray-800 font-medium mb-2\">Type: <strong>D\u2019origine Piaggio<\/strong><\/p><p class=\"text-sm text-gray-700 mb-1\">Composant Piaggio d\u2019origine, con\u00e7u pour un montage et des performances corrects.<\/p><p class=\"text-xs text-gray-500 mt-2\">Les marques appartiennent \u00e0 leurs propri\u00e9taires respectifs.<\/p><\/div><\/div>\n<section class=\"compatibility-block mb-4\"><section class=\"compatibility-block mb-4\"><div class=\"product-extra-details hide-below-992\"><table class=\"woocommerce-product-attributes\"><tbody><tr><th colspan=\"2\"><span class=\"text-sm font-medium mb-2\">Compatible avec :<\/span><\/th><\/tr><tr><th>Mod\u00e8le du v\u00e9hicule \u2013 Pr\u00e9fixe du ch\u00e2ssis:<\/th><td><a href=\"https:\/\/damicoline.com\/fr\/boutique\/?vx_brand=PIAGGIO&#038;vx_model=QUARGO%20702%20Diesel%20(2004-2006)&#038;vx_engine=LDW702\/P&#038;vx_years=2004-2006\">\ud83d\ude9a PIAGGIO QUARGO 702 Diesel (2004-2006) LDW702\/P (2004-2006) - ZAPP10000<\/a><\/td><\/tr><tr><th>Mod\u00e8le du v\u00e9hicule \u2013 Pr\u00e9fixe du ch\u00e2ssis:<\/th><td><a href=\"https:\/\/damicoline.com\/fr\/boutique\/?vx_brand=PIAGGIO&#038;vx_model=QUARGO%20702%20Diesel%20(2007-2017)&#038;vx_engine=LDW702\/P&#038;vx_years=2007-2017\">\ud83d\ude9a PIAGGIO QUARGO 702 Diesel (2007-2017) LDW702\/P (2007-2017) - ZAP4P10000<\/a><\/td><\/tr><\/tbody><\/table><\/div><\/section><\/section>\n","protected":false},"excerpt":{"rendered":"<p>Joint de culasse 2 trous pour Piaggio Quargo LDW-702\/P Joint de culasse compatible avec Piaggio Quargo avec moteur LDW-702\/P, version 2 trous. Le nombre de trous identifie le joint correct en fonction de la saillie des pistons. Utiliser le joint 2 trous lorsque la saillie des pistons se situe dans la plage 1,51 \u2013 1,59.<\/p>\n<div class=\"klb-readmore button\"><a class=\"btn link\" href=\"https:\/\/damicoline.com\/fr\/produit\/joint-de-culasse-2-trous-piaggio-quargo-ldw-702-p\/\">Read More <i class=\"klbth-icon-right-arrow\"><\/i><\/a><\/div>\n","protected":false},"featured_media":16816,"template":"","meta":{"_sitemap_exclude":false,"_sitemap_priority":"","_sitemap_frequency":""},"product_brand":[2672],"product_cat":[1078,64],"product_tag":[3761],"class_list":{"0":"post-16821","1":"product","2":"type-product","3":"status-publish","4":"has-post-thumbnail","6":"product_brand-piaggio","7":"product_cat-guarnizioni-motore","8":"product_cat-parti-del-motore","9":"product_tag-3761","11":"first","12":"instock","13":"sale","14":"taxable","15":"shipping-taxable","16":"purchasable","17":"product-type-simple"},"_links":{"self":[{"href":"https:\/\/damicoline.com\/fr\/wp-json\/wp\/v2\/product\/16821","targetHints":{"allow":["GET"]}}],"collection":[{"href":"https:\/\/damicoline.com\/fr\/wp-json\/wp\/v2\/product"}],"about":[{"href":"https:\/\/damicoline.com\/fr\/wp-json\/wp\/v2\/types\/product"}],"wp:featuredmedia":[{"embeddable":true,"href":"https:\/\/damicoline.com\/fr\/wp-json\/wp\/v2\/media\/16816"}],"wp:attachment":[{"href":"https:\/\/damicoline.com\/fr\/wp-json\/wp\/v2\/media?parent=16821"}],"wp:term":[{"taxonomy":"product_brand","embeddable":true,"href":"https:\/\/damicoline.com\/fr\/wp-json\/wp\/v2\/product_brand?post=16821"},{"taxonomy":"product_cat","embeddable":true,"href":"https:\/\/damicoline.com\/fr\/wp-json\/wp\/v2\/product_cat?post=16821"},{"taxonomy":"product_tag","embeddable":true,"href":"https:\/\/damicoline.com\/fr\/wp-json\/wp\/v2\/product_tag?post=16821"}],"curies":[{"name":"wp","href":"https:\/\/api.w.org\/{rel}","templated":true}]}}