{"id":16851,"date":"2026-02-18T14:44:48","date_gmt":"2026-02-18T13:44:48","guid":{"rendered":"https:\/\/damicoline.com\/prodotto\/valvola-scarico-piaggio-quargo-ldw-702-p-porter-ldw-1404-p\/"},"modified":"2026-04-22T15:03:18","modified_gmt":"2026-04-22T13:03:18","slug":"soupape-dechappement-piaggio-quargo-ldw-702-p-et-porter-diesel","status":"publish","type":"product","link":"https:\/\/damicoline.com\/fr\/produit\/soupape-dechappement-piaggio-quargo-ldw-702-p-et-porter-diesel\/","title":{"rendered":"Soupape d&#8217;\u00e9chappement Piaggio Quargo LDW-702\/P et Porter Diesel"},"content":{"rendered":"<p><strong>Soupape d&#8217;\u00e9chappement pour Piaggio Quargo LDW-702\/P et Porter Diesel LDW-1404\/P<\/strong><\/p>\n<p>Soupape d&#8217;<strong>\u00e9chappement<\/strong> compatible avec <strong>Piaggio Quargo moteur LDW-702\/P<\/strong> et <strong>Piaggio Porter Diesel moteur LDW-1404\/P<\/strong>.<\/p>\n<p>Le Piaggio Quargo est \u00e9quip\u00e9 de <strong>2 soupapes d&#8217;\u00e9chappement<\/strong> sur un total de 4 soupapes.<br \/>\nLe Piaggio Porter Diesel LDW-1404\/P est \u00e9quip\u00e9 de <strong>4 soupapes d&#8217;\u00e9chappement<\/strong> sur un total de 8 soupapes.<\/p>\n<p>Composant essentiel pour garantir une \u00e9vacuation correcte des gaz br\u00fbl\u00e9s, fiabilit\u00e9 et long\u00e9vit\u00e9. Id\u00e9al pour les r\u00e9visions moteur et travaux sur culasse.<\/p>\n<div class=\"text-sm text-gray-800 font-medium mb-2\"><div class=\"text-sm text-gray-800 font-medium mb-2\"><strong>Codes de r\u00e9f\u00e9rence:<\/strong> 493547<\/div><\/div>\n<div class=\"oem-box mb-4\"><div class=\"oem-box mb-4\"><p class=\"text-sm text-gray-800 font-medium mb-2\">Type: <strong>D\u2019origine Piaggio<\/strong><\/p><p class=\"text-sm text-gray-700 mb-1\">Composant Piaggio d\u2019origine, con\u00e7u pour un montage et des performances corrects.<\/p><p class=\"text-xs text-gray-500 mt-2\">Les marques appartiennent \u00e0 leurs propri\u00e9taires respectifs.<\/p><\/div><\/div>\n<section class=\"compatibility-block mb-4\"><section class=\"compatibility-block mb-4\"><div class=\"product-extra-details hide-below-992\"><table class=\"woocommerce-product-attributes\"><tbody><tr><th colspan=\"2\"><span class=\"text-sm font-medium mb-2\">Compatible avec :<\/span><\/th><\/tr><tr><th>Mod\u00e8le du v\u00e9hicule \u2013 Pr\u00e9fixe du ch\u00e2ssis:<\/th><td><a href=\"https:\/\/damicoline.com\/fr\/boutique\/?vx_brand=PIAGGIO&#038;vx_model=PORTER%20Pianale%20piatto%201.4%20D%20(1998-2005)&#038;vx_engine=LDW1404\/P&#038;vx_years=1998-2005\">\ud83d\ude9a PIAGGIO PORTER Pianale piatto 1.4 D (1998-2005) LDW1404\/P (1998-2005) - ZAPS&#56;&#53;&#48;&#48;&#48;&#48;&#48;&#52;, ZAPS&#56;&#53;&#48;&#48;&#48;&#48;&#48;&#55;, ZAPS85V00004, ZAPS85V00007<\/a><\/td><\/tr><tr><th>Mod\u00e8le du v\u00e9hicule \u2013 Pr\u00e9fixe du ch\u00e2ssis:<\/th><td><a href=\"https:\/\/damicoline.com\/fr\/boutique\/?vx_brand=PIAGGIO&#038;vx_model=QUARGO%20702%20Diesel%20(2004-2006)&#038;vx_engine=LDW702\/P&#038;vx_years=2004-2006\">\ud83d\ude9a PIAGGIO QUARGO 702 Diesel (2004-2006) LDW702\/P (2004-2006) - ZAPP10000<\/a><\/td><\/tr><tr><th>Mod\u00e8le du v\u00e9hicule \u2013 Pr\u00e9fixe du ch\u00e2ssis:<\/th><td><a href=\"https:\/\/damicoline.com\/fr\/boutique\/?vx_brand=PIAGGIO&#038;vx_model=QUARGO%20702%20Diesel%20(2007-2017)&#038;vx_engine=LDW702\/P&#038;vx_years=2007-2017\">\ud83d\ude9a PIAGGIO QUARGO 702 Diesel (2007-2017) LDW702\/P (2007-2017) - ZAP4P10000<\/a><\/td><\/tr><\/tbody><\/table><\/div><\/section><\/section>\n","protected":false},"excerpt":{"rendered":"<p>Soupape d&#8217;\u00e9chappement pour Piaggio Quargo LDW-702\/P et Porter Diesel LDW-1404\/P Soupape d&#8217;\u00e9chappement compatible avec Piaggio Quargo moteur LDW-702\/P et Piaggio Porter Diesel moteur LDW-1404\/P. Le Piaggio Quargo est \u00e9quip\u00e9 de 2 soupapes d&#8217;\u00e9chappement sur un total de 4 soupapes. Le Piaggio Porter Diesel LDW-1404\/P est \u00e9quip\u00e9 de 4 soupapes d&#8217;\u00e9chappement sur un total de 8<\/p>\n<div class=\"klb-readmore button\"><a class=\"btn link\" href=\"https:\/\/damicoline.com\/fr\/produit\/soupape-dechappement-piaggio-quargo-ldw-702-p-et-porter-diesel\/\">Read More <i class=\"klbth-icon-right-arrow\"><\/i><\/a><\/div>\n","protected":false},"featured_media":16846,"template":"","meta":{"_sitemap_exclude":false,"_sitemap_priority":"","_sitemap_frequency":""},"product_brand":[2672],"product_cat":[1107,417],"product_tag":[3779],"class_list":{"0":"post-16851","1":"product","2":"type-product","3":"status-publish","4":"has-post-thumbnail","6":"product_brand-piaggio","7":"product_cat-culasse","8":"product_cat-pieces-du-moteur","9":"product_tag-3779","11":"first","12":"instock","13":"sale","14":"taxable","15":"shipping-taxable","16":"purchasable","17":"product-type-simple"},"_links":{"self":[{"href":"https:\/\/damicoline.com\/fr\/wp-json\/wp\/v2\/product\/16851","targetHints":{"allow":["GET"]}}],"collection":[{"href":"https:\/\/damicoline.com\/fr\/wp-json\/wp\/v2\/product"}],"about":[{"href":"https:\/\/damicoline.com\/fr\/wp-json\/wp\/v2\/types\/product"}],"wp:featuredmedia":[{"embeddable":true,"href":"https:\/\/damicoline.com\/fr\/wp-json\/wp\/v2\/media\/16846"}],"wp:attachment":[{"href":"https:\/\/damicoline.com\/fr\/wp-json\/wp\/v2\/media?parent=16851"}],"wp:term":[{"taxonomy":"product_brand","embeddable":true,"href":"https:\/\/damicoline.com\/fr\/wp-json\/wp\/v2\/product_brand?post=16851"},{"taxonomy":"product_cat","embeddable":true,"href":"https:\/\/damicoline.com\/fr\/wp-json\/wp\/v2\/product_cat?post=16851"},{"taxonomy":"product_tag","embeddable":true,"href":"https:\/\/damicoline.com\/fr\/wp-json\/wp\/v2\/product_tag?post=16851"}],"curies":[{"name":"wp","href":"https:\/\/api.w.org\/{rel}","templated":true}]}}