{"id":16856,"date":"2026-02-18T14:44:48","date_gmt":"2026-02-18T13:44:48","guid":{"rendered":"https:\/\/damicoline.com\/prodotto\/valvola-aspirazione-piaggio-quargo-ldw-702-p-porter-ldw-1404-p\/"},"modified":"2026-04-22T15:03:13","modified_gmt":"2026-04-22T13:03:13","slug":"soupape-dadmission-piaggio-quargo-ldw-702-p-et-porter-diesel","status":"publish","type":"product","link":"https:\/\/damicoline.com\/fr\/produit\/soupape-dadmission-piaggio-quargo-ldw-702-p-et-porter-diesel\/","title":{"rendered":"Soupape d&#8217;admission Piaggio Quargo LDW-702\/P et Porter Diesel"},"content":{"rendered":"<p><strong>Soupape d&#8217;admission pour Piaggio Quargo LDW-702\/P et Porter Diesel LDW-1404\/P<\/strong><\/p>\n<p>Soupape d&#8217;<strong>admission<\/strong> compatible avec <strong>Piaggio Quargo moteur LDW-702\/P<\/strong> et <strong>Piaggio Porter Diesel moteur LDW-1404\/P<\/strong>.<\/p>\n<p>Dans le Piaggio Quargo, le moteur est \u00e9quip\u00e9 de <strong>4 soupapes au total<\/strong> (2 admission + 2 \u00e9chappement).<br \/>\nDans le Piaggio Porter Diesel LDW-1404\/P, il y a <strong>8 soupapes au total<\/strong> (4 admission + 4 \u00e9chappement).<\/p>\n<p>Pi\u00e8ce de rechange de qualit\u00e9, con\u00e7ue pour assurer une fermeture correcte, une \u00e9tanch\u00e9it\u00e9 optimale et une fiabilit\u00e9 dans le temps. Id\u00e9ale en cas de r\u00e9vision de la culasse ou de restauration du moteur.<\/p>\n<div class=\"text-sm text-gray-800 font-medium mb-2\"><div class=\"text-sm text-gray-800 font-medium mb-2\"><strong>Codes de r\u00e9f\u00e9rence:<\/strong> 493545<\/div><\/div>\n<div class=\"oem-box mb-4\"><div class=\"oem-box mb-4\"><p class=\"text-sm text-gray-800 font-medium mb-2\">Type: <strong>D\u2019origine Piaggio<\/strong><\/p><p class=\"text-sm text-gray-700 mb-1\">Composant Piaggio d\u2019origine, con\u00e7u pour un montage et des performances corrects.<\/p><p class=\"text-xs text-gray-500 mt-2\">Les marques appartiennent \u00e0 leurs propri\u00e9taires respectifs.<\/p><\/div><\/div>\n<section class=\"compatibility-block mb-4\"><section class=\"compatibility-block mb-4\"><div class=\"product-extra-details hide-below-992\"><table class=\"woocommerce-product-attributes\"><tbody><tr><th colspan=\"2\"><span class=\"text-sm font-medium mb-2\">Compatible avec :<\/span><\/th><\/tr><tr><th>Mod\u00e8le du v\u00e9hicule \u2013 Pr\u00e9fixe du ch\u00e2ssis:<\/th><td><a href=\"https:\/\/damicoline.com\/fr\/boutique\/?vx_brand=PIAGGIO&#038;vx_model=PORTER%20Pianale%20piatto%201.4%20D%20(1998-2005)&#038;vx_engine=LDW1404\/P&#038;vx_years=1998-2005\">\ud83d\ude9a PIAGGIO PORTER Pianale piatto 1.4 D (1998-2005) LDW1404\/P (1998-2005) - ZAPS&#56;&#53;&#48;&#48;&#48;&#48;&#48;&#52;, ZAPS&#56;&#53;&#48;&#48;&#48;&#48;&#48;&#55;, ZAPS85V00004, ZAPS85V00007<\/a><\/td><\/tr><tr><th>Mod\u00e8le du v\u00e9hicule \u2013 Pr\u00e9fixe du ch\u00e2ssis:<\/th><td><a href=\"https:\/\/damicoline.com\/fr\/boutique\/?vx_brand=PIAGGIO&#038;vx_model=QUARGO%20702%20Diesel%20(2004-2006)&#038;vx_engine=LDW702\/P&#038;vx_years=2004-2006\">\ud83d\ude9a PIAGGIO QUARGO 702 Diesel (2004-2006) LDW702\/P (2004-2006) - ZAPP10000<\/a><\/td><\/tr><tr><th>Mod\u00e8le du v\u00e9hicule \u2013 Pr\u00e9fixe du ch\u00e2ssis:<\/th><td><a href=\"https:\/\/damicoline.com\/fr\/boutique\/?vx_brand=PIAGGIO&#038;vx_model=QUARGO%20702%20Diesel%20(2007-2017)&#038;vx_engine=LDW702\/P&#038;vx_years=2007-2017\">\ud83d\ude9a PIAGGIO QUARGO 702 Diesel (2007-2017) LDW702\/P (2007-2017) - ZAP4P10000<\/a><\/td><\/tr><\/tbody><\/table><\/div><\/section><\/section>\n","protected":false},"excerpt":{"rendered":"<p>Soupape d&#8217;admission pour Piaggio Quargo LDW-702\/P et Porter Diesel LDW-1404\/P Soupape d&#8217;admission compatible avec Piaggio Quargo moteur LDW-702\/P et Piaggio Porter Diesel moteur LDW-1404\/P. Dans le Piaggio Quargo, le moteur est \u00e9quip\u00e9 de 4 soupapes au total (2 admission + 2 \u00e9chappement). Dans le Piaggio Porter Diesel LDW-1404\/P, il y a 8 soupapes au total<\/p>\n<div class=\"klb-readmore button\"><a class=\"btn link\" href=\"https:\/\/damicoline.com\/fr\/produit\/soupape-dadmission-piaggio-quargo-ldw-702-p-et-porter-diesel\/\">Read More <i class=\"klbth-icon-right-arrow\"><\/i><\/a><\/div>\n","protected":false},"featured_media":16839,"template":"","meta":{"_sitemap_exclude":false,"_sitemap_priority":"","_sitemap_frequency":""},"product_brand":[2672],"product_cat":[1071,64],"product_tag":[3758],"class_list":{"0":"post-16856","1":"product","2":"type-product","3":"status-publish","4":"has-post-thumbnail","6":"product_brand-piaggio","7":"product_cat-testata","8":"product_cat-parti-del-motore","9":"product_tag-3758","11":"first","12":"instock","13":"sale","14":"taxable","15":"shipping-taxable","16":"purchasable","17":"product-type-simple"},"_links":{"self":[{"href":"https:\/\/damicoline.com\/fr\/wp-json\/wp\/v2\/product\/16856","targetHints":{"allow":["GET"]}}],"collection":[{"href":"https:\/\/damicoline.com\/fr\/wp-json\/wp\/v2\/product"}],"about":[{"href":"https:\/\/damicoline.com\/fr\/wp-json\/wp\/v2\/types\/product"}],"wp:featuredmedia":[{"embeddable":true,"href":"https:\/\/damicoline.com\/fr\/wp-json\/wp\/v2\/media\/16839"}],"wp:attachment":[{"href":"https:\/\/damicoline.com\/fr\/wp-json\/wp\/v2\/media?parent=16856"}],"wp:term":[{"taxonomy":"product_brand","embeddable":true,"href":"https:\/\/damicoline.com\/fr\/wp-json\/wp\/v2\/product_brand?post=16856"},{"taxonomy":"product_cat","embeddable":true,"href":"https:\/\/damicoline.com\/fr\/wp-json\/wp\/v2\/product_cat?post=16856"},{"taxonomy":"product_tag","embeddable":true,"href":"https:\/\/damicoline.com\/fr\/wp-json\/wp\/v2\/product_tag?post=16856"}],"curies":[{"name":"wp","href":"https:\/\/api.w.org\/{rel}","templated":true}]}}