{"id":18598,"date":"2026-05-13T19:44:31","date_gmt":"2026-05-13T17:44:31","guid":{"rendered":"https:\/\/damicoline.com\/prodotto\/cinghia-distribuzione-ape-diesel\/"},"modified":"2026-05-14T12:05:25","modified_gmt":"2026-05-14T10:05:25","slug":"courroie-distribution-ape-diesel-ldw-422","status":"publish","type":"product","link":"https:\/\/damicoline.com\/fr\/produit\/courroie-distribution-ape-diesel-ldw-422\/","title":{"rendered":"Courroie de distribution Ape Diesel LDW-422"},"content":{"rendered":"<p><strong>Courroie de distribution Ape Diesel<\/strong>, pi\u00e8ce de rechange compatible pour Piaggio Ape Calessino et moteurs <strong>LDW-422<\/strong> et <strong>LCS422<\/strong> refroidis par liquide.<\/p>\n<p>La courroie de distribution synchronise le mouvement du vilebrequin avec les organes de la distribution. Le remplacement est recommand\u00e9 selon les intervalles d&#8217;entretien pr\u00e9vus ou en pr\u00e9sence d&#8217;usure, de fissures, de bruit anormal ou d&#8217;interventions sur le moteur.<\/p>\n<p>Avant l&#8217;achat, v\u00e9rifiez le mod\u00e8le du v\u00e9hicule, le type de moteur et la configuration de la distribution install\u00e9e. Le montage doit \u00eatre effectu\u00e9 en respectant le calage et la tension corrects.<\/p>\n<p><div class=\"text-sm text-gray-800 font-medium mb-2\"><strong>Codes de r\u00e9f\u00e9rence:<\/strong> L2440402<\/div><br \/>\n<div class=\"oem-box mb-4\"><p class=\"text-sm text-gray-800 font-medium mb-2\">Type: <strong>Aftermarket<\/strong><\/p><p class=\"text-sm text-gray-700 mb-1\">Composant adaptable de qualit\u00e9 professionnelle, compatible avec les v\u00e9hicules indiqu\u00e9s sur cette page.<\/p><p class=\"text-xs text-gray-500 mt-2\">Non fabriqu\u00e9 ni marqu\u00e9 par Piaggio. Marques d\u00e9tenues par leurs propri\u00e9taires.<\/p><\/div><br \/>\n<section class=\"compatibility-block mb-4\"><div class=\"product-extra-details\"><table class=\"woocommerce-product-attributes\"><tbody><tr><th colspan=\"2\"><span class=\"text-sm font-medium mb-2\">Compatible avec :<\/span><\/th><\/tr><tr><th>Mod\u00e8le du v\u00e9hicule \u2013 Pr\u00e9fixe du ch\u00e2ssis:<\/th><td>\ud83d\ude9a PIAGGIO APE CALESSINO 422 E2 (2007-2012) LDW422 (2007-2012) - ZAPT2D4MC, ZAPT3E9AC<\/td><\/tr><tr><th>Mod\u00e8le du v\u00e9hicule \u2013 Pr\u00e9fixe du ch\u00e2ssis:<\/th><td>\ud83d\ude9a PIAGGIO APE CLASSIC MP601 E2 (2006-2013) LDW422 (2006-2013) - MC349B0D26B<\/td><\/tr><tr><th>Mod\u00e8le du v\u00e9hicule \u2013 Pr\u00e9fixe du ch\u00e2ssis:<\/th><td>\ud83d\ude9a PIAGGIO APE TM703 DIESEL LCS 422 E1 (2005-2012) ATD2M (2005-2012) - ZAPT10000<\/td><\/tr><\/tbody><\/table><\/div><\/section><\/p>\n","protected":false},"excerpt":{"rendered":"<p>Courroie de distribution Ape Diesel, pi\u00e8ce de rechange compatible pour Piaggio Ape Calessino et moteurs LDW-422 et LCS422 refroidis par liquide. La courroie de distribution synchronise le mouvement du vilebrequin avec les organes de la distribution. Le remplacement est recommand\u00e9 selon les intervalles d&#8217;entretien pr\u00e9vus ou en pr\u00e9sence d&#8217;usure, de fissures, de bruit anormal ou<\/p>\n<div class=\"klb-readmore button\"><a class=\"btn link\" href=\"https:\/\/damicoline.com\/fr\/produit\/courroie-distribution-ape-diesel-ldw-422\/\">Read More <i class=\"klbth-icon-right-arrow\"><\/i><\/a><\/div>\n","protected":false},"featured_media":18593,"template":"","meta":[],"product_brand":[3903],"product_cat":[422,417],"product_tag":[3923],"class_list":{"0":"post-18598","1":"product","2":"type-product","3":"status-publish","4":"has-post-thumbnail","6":"product_brand-aftermarket","7":"product_cat-composants-de-distribution","8":"product_cat-pieces-du-moteur","9":"product_tag-l2440402","11":"first","12":"instock","13":"sale","14":"taxable","15":"shipping-taxable","16":"purchasable","17":"product-type-simple"},"_links":{"self":[{"href":"https:\/\/damicoline.com\/fr\/wp-json\/wp\/v2\/product\/18598","targetHints":{"allow":["GET"]}}],"collection":[{"href":"https:\/\/damicoline.com\/fr\/wp-json\/wp\/v2\/product"}],"about":[{"href":"https:\/\/damicoline.com\/fr\/wp-json\/wp\/v2\/types\/product"}],"wp:featuredmedia":[{"embeddable":true,"href":"https:\/\/damicoline.com\/fr\/wp-json\/wp\/v2\/media\/18593"}],"wp:attachment":[{"href":"https:\/\/damicoline.com\/fr\/wp-json\/wp\/v2\/media?parent=18598"}],"wp:term":[{"taxonomy":"product_brand","embeddable":true,"href":"https:\/\/damicoline.com\/fr\/wp-json\/wp\/v2\/product_brand?post=18598"},{"taxonomy":"product_cat","embeddable":true,"href":"https:\/\/damicoline.com\/fr\/wp-json\/wp\/v2\/product_cat?post=18598"},{"taxonomy":"product_tag","embeddable":true,"href":"https:\/\/damicoline.com\/fr\/wp-json\/wp\/v2\/product_tag?post=18598"}],"curies":[{"name":"wp","href":"https:\/\/api.w.org\/{rel}","templated":true}]}}