{"id":5799,"date":"2025-03-06T08:05:11","date_gmt":"2025-03-06T07:05:11","guid":{"rendered":"https:\/\/damicoline.com\/product\/silencieux-dechappement-pour-piaggio-quargo-ldw-702\/"},"modified":"2026-01-22T19:22:37","modified_gmt":"2026-01-22T18:22:37","slug":"silencieux-dechappement-piaggio-quargo-ldw-702-top","status":"publish","type":"product","link":"https:\/\/damicoline.com\/fr\/produit\/silencieux-dechappement-piaggio-quargo-ldw-702-top\/","title":{"rendered":"Silencieux d&#8217;\u00e9chappement Piaggio Quargo LDW-702 top"},"content":{"rendered":"<p><strong>Silencieux d&#8217;\u00e9chappement pour Piaggio Quargo LDW-702<\/strong><\/p>\n<div class=\"text-sm text-gray-800 font-medium mb-2\"><div class=\"text-sm text-gray-800 font-medium mb-2\"><strong>Codes de r\u00e9f\u00e9rence:<\/strong> 850088<\/div><\/div>\n<div class=\"oem-box mb-4\">\t\t\t\t<div class=\"oem-box mb-4\">\n\t\t\t\t\t<p class=\"text-sm text-gray-800 font-medium mb-2\">Type: <strong>Aftermarket<\/strong><\/p>\n\t\t\t\t\t<p class=\"text-sm text-gray-700 mb-1\">Composant adaptable de qualit\u00e9 professionnelle, compatible avec les v\u00e9hicules indiqu\u00e9s sur cette page.<\/p>\n\t\t\t\t\t<p class=\"text-xs text-gray-500 mt-2\">*Non fabriqu\u00e9 ni marqu\u00e9 par Piaggio. Marques d\u00e9tenues par leurs propri\u00e9taires.<\/p>\n\t\t\t\t<\/div>\n\t\t\t<\/div>\n<p>Le <strong>silencieux d&#8217;\u00e9chappement pour Piaggio Quargo LDW-702<\/strong> est con\u00e7u pour r\u00e9duire efficacement le bruit du moteur et am\u00e9liorer l&#8217;efficacit\u00e9 du syst\u00e8me d&#8217;\u00e9chappement. Fabriqu\u00e9 avec des mat\u00e9riaux r\u00e9sistants, il garantit une longue dur\u00e9e de vie et une parfaite compatibilit\u00e9 avec tous les mod\u00e8les \u00e9quip\u00e9s du moteur <strong>LDW-702<\/strong>.<\/p>\n<section class=\"compatibility-block mb-4\"><section class=\"compatibility-block mb-4\"><div class=\"product-extra-details hide-below-992\"><table class=\"woocommerce-product-attributes\"><tbody><tr><th colspan=\"2\"><span class=\"text-sm font-medium mb-2\">Compatible avec :<\/span><\/th><\/tr><tr><th>Mod\u00e8le du v\u00e9hicule \u2013 Pr\u00e9fixe du ch\u00e2ssis:<\/th><td><a href=\"https:\/\/damicoline.com\/fr\/boutique\/?vx_brand=PIAGGIO&#038;vx_model=QUARGO%20702%20Diesel%20(2004-2006)&#038;vx_engine=LDW702\/P&#038;vx_years=2004-2006\">\ud83d\ude9a PIAGGIO QUARGO 702 Diesel (2004-2006) LDW702\/P (2004-2006) - ZAPP10000<\/a><\/td><\/tr><tr><th>Mod\u00e8le du v\u00e9hicule \u2013 Pr\u00e9fixe du ch\u00e2ssis:<\/th><td><a href=\"https:\/\/damicoline.com\/fr\/boutique\/?vx_brand=PIAGGIO&#038;vx_model=QUARGO%20702%20Diesel%20(2007-2017)&#038;vx_engine=LDW702\/P&#038;vx_years=2007-2017\">\ud83d\ude9a PIAGGIO QUARGO 702 Diesel (2007-2017) LDW702\/P (2007-2017) - ZAP4P10000<\/a><\/td><\/tr><\/tbody><\/table><\/div><\/section><\/section>\n","protected":false},"excerpt":{"rendered":"<p>\u2714 <strong>Compatibilit\u00e9 parfaite<\/strong><br data-start=\"257\" data-end=\"260\" \/>\u2714 <strong data-start=\"262\" data-end=\"286\">Mat\u00e9riau durable<\/strong><br data-start=\"373\" data-end=\"376\" \/>\u2714 <strong data-start=\"378\" data-end=\"402\">Performance optimale<\/strong><\/p>\n","protected":false},"featured_media":8669,"template":"","meta":{"_sitemap_exclude":false,"_sitemap_priority":"","_sitemap_frequency":""},"product_brand":[2670],"product_cat":[417,557],"product_tag":[1067],"class_list":{"0":"post-5799","1":"product","2":"type-product","3":"status-publish","4":"has-post-thumbnail","6":"product_brand-aftermarket","7":"product_cat-pieces-du-moteur","8":"product_cat-systeme-dechappement","9":"product_tag-1067","11":"first","12":"onbackorder","13":"sale","14":"taxable","15":"shipping-taxable","16":"purchasable","17":"product-type-simple"},"_links":{"self":[{"href":"https:\/\/damicoline.com\/fr\/wp-json\/wp\/v2\/product\/5799","targetHints":{"allow":["GET"]}}],"collection":[{"href":"https:\/\/damicoline.com\/fr\/wp-json\/wp\/v2\/product"}],"about":[{"href":"https:\/\/damicoline.com\/fr\/wp-json\/wp\/v2\/types\/product"}],"wp:featuredmedia":[{"embeddable":true,"href":"https:\/\/damicoline.com\/fr\/wp-json\/wp\/v2\/media\/8669"}],"wp:attachment":[{"href":"https:\/\/damicoline.com\/fr\/wp-json\/wp\/v2\/media?parent=5799"}],"wp:term":[{"taxonomy":"product_brand","embeddable":true,"href":"https:\/\/damicoline.com\/fr\/wp-json\/wp\/v2\/product_brand?post=5799"},{"taxonomy":"product_cat","embeddable":true,"href":"https:\/\/damicoline.com\/fr\/wp-json\/wp\/v2\/product_cat?post=5799"},{"taxonomy":"product_tag","embeddable":true,"href":"https:\/\/damicoline.com\/fr\/wp-json\/wp\/v2\/product_tag?post=5799"}],"curies":[{"name":"wp","href":"https:\/\/api.w.org\/{rel}","templated":true}]}}