{"id":7243,"date":"2025-03-19T19:07:15","date_gmt":"2025-03-19T18:07:15","guid":{"rendered":"https:\/\/damicoline.com\/product\/cavo-candela-corto-per-piaggio-porter-multitech-euro-4-5\/"},"modified":"2025-08-28T16:37:11","modified_gmt":"2025-08-28T14:37:11","slug":"cable-de-bougie-court-pour-piaggio-porter-multitech-da471qlr-1-piece","status":"publish","type":"product","link":"https:\/\/damicoline.com\/fr\/produit\/cable-de-bougie-court-pour-piaggio-porter-multitech-da471qlr-1-piece\/","title":{"rendered":"C\u00e2ble de bougie court pour Piaggio Porter Multitech DA471QLR 1 pi\u00e8ce"},"content":{"rendered":"<p><strong>C\u00e2ble de bougie court pour Piaggio Porter Multitech DA471QLR 1 pi\u00e8ce<\/strong><\/p>\n<p>C\u00e2ble de bougie court compatible avec <strong>Piaggio Porter Multitech DA471QLR<\/strong>. Assure un transfert stable de la haute tension \u00e0 la bougie, am\u00e9liore le d\u00e9marrage et la r\u00e9gularit\u00e9 de la combustion, r\u00e9duisant les baisses et les rat\u00e9s d&#8217;allumage. Isolation r\u00e9sistante et connexions s\u00e9curis\u00e9es pour durabilit\u00e9 et fiabilit\u00e9.<\/p>\n<div class=\"text-sm text-gray-800 font-medium mb-2\"><div class=\"text-sm text-gray-800 font-medium mb-2\"><strong>Codes de r\u00e9f\u00e9rence:<\/strong> B010748<\/div><\/div>\n<div class=\"oem-box mb-4\">\t\t\t\t<div class=\"oem-box mb-4\">\n\t\t\t\t\t<p class=\"text-sm text-gray-800 font-medium mb-2\">Type: <strong>Aftermarket<\/strong><\/p>\n\t\t\t\t\t<p class=\"text-sm text-gray-700 mb-1\">Composant adaptable de qualit\u00e9 professionnelle, compatible avec les v\u00e9hicules indiqu\u00e9s sur cette page.<\/p>\n\t\t\t\t\t<p class=\"text-xs text-gray-500 mt-2\">*Non fabriqu\u00e9 ni marqu\u00e9 par Piaggio. Marques d\u00e9tenues par leurs propri\u00e9taires.<\/p>\n\t\t\t\t<\/div>\n\t\t\t<\/div>\n<section class=\"compatibility-block mb-4\"><section class=\"compatibility-block mb-4\"><div class=\"product-extra-details hide-below-992\"><table class=\"woocommerce-product-attributes\"><tbody><tr><th colspan=\"2\"><span class=\"text-sm font-medium mb-2\">Compatible avec :<\/span><\/th><\/tr><tr><th>Mod\u00e8le du v\u00e9hicule \u2013 Pr\u00e9fixe du ch\u00e2ssis:<\/th><td><a href=\"https:\/\/damicoline.com\/fr\/boutique\/?vx_brand=PIAGGIO&#038;vx_model=PORTER%20Maxxi%201.3%20(2010-2015)&#038;vx_engine=DA471QLR&#038;vx_years=2010-2015\">\ud83d\ude9a PIAGGIO PORTER Maxxi 1.3 (2010-2015) DA471QLR (2010-2015) - ZAPS90DJ, ZAPS90AJ, ZAPS90RJ<\/a><\/td><\/tr><tr><th>Mod\u00e8le du v\u00e9hicule \u2013 Pr\u00e9fixe du ch\u00e2ssis:<\/th><td><a href=\"https:\/\/damicoline.com\/fr\/boutique\/?vx_brand=PIAGGIO&#038;vx_model=PORTER%20Pianale%20piatto\/Telaio%201.3%20(2010-2015)&#038;vx_engine=DA471QLR&#038;vx_years=2010-2015\">\ud83d\ude9a PIAGGIO PORTER Pianale piatto\/Telaio 1.3 (2010-2015) DA471QLR (2010-2015) - ZAPS90CJ, ZAPS90PJ, ZAPS90TJ, ZAPS90VJ<\/a><\/td><\/tr><\/tbody><\/table><\/div><\/section><\/section>\n","protected":false},"excerpt":{"rendered":"<p>C\u00e2ble de bougie court pour Piaggio Porter Multitech DA471QLR 1 pi\u00e8ce C\u00e2ble de bougie court compatible avec Piaggio Porter Multitech DA471QLR. Assure un transfert stable de la haute tension \u00e0 la bougie, am\u00e9liore le d\u00e9marrage et la r\u00e9gularit\u00e9 de la combustion, r\u00e9duisant les baisses et les rat\u00e9s d&#8217;allumage. Isolation r\u00e9sistante et connexions s\u00e9curis\u00e9es pour durabilit\u00e9<\/p>\n<div class=\"klb-readmore button\"><a class=\"btn link\" href=\"https:\/\/damicoline.com\/fr\/produit\/cable-de-bougie-court-pour-piaggio-porter-multitech-da471qlr-1-piece\/\">Read More <i class=\"klbth-icon-right-arrow\"><\/i><\/a><\/div>\n","protected":false},"featured_media":8639,"template":"","meta":{"_sitemap_exclude":false,"_sitemap_priority":"","_sitemap_frequency":""},"product_brand":[2670],"product_cat":[552,417],"product_tag":[619],"class_list":{"0":"post-7243","1":"product","2":"type-product","3":"status-publish","4":"has-post-thumbnail","6":"product_brand-aftermarket","7":"product_cat-allumage","8":"product_cat-pieces-du-moteur","9":"product_tag-b010748","11":"first","12":"instock","13":"sale","14":"featured","15":"taxable","16":"shipping-taxable","17":"purchasable","18":"product-type-simple"},"_links":{"self":[{"href":"https:\/\/damicoline.com\/fr\/wp-json\/wp\/v2\/product\/7243","targetHints":{"allow":["GET"]}}],"collection":[{"href":"https:\/\/damicoline.com\/fr\/wp-json\/wp\/v2\/product"}],"about":[{"href":"https:\/\/damicoline.com\/fr\/wp-json\/wp\/v2\/types\/product"}],"wp:featuredmedia":[{"embeddable":true,"href":"https:\/\/damicoline.com\/fr\/wp-json\/wp\/v2\/media\/8639"}],"wp:attachment":[{"href":"https:\/\/damicoline.com\/fr\/wp-json\/wp\/v2\/media?parent=7243"}],"wp:term":[{"taxonomy":"product_brand","embeddable":true,"href":"https:\/\/damicoline.com\/fr\/wp-json\/wp\/v2\/product_brand?post=7243"},{"taxonomy":"product_cat","embeddable":true,"href":"https:\/\/damicoline.com\/fr\/wp-json\/wp\/v2\/product_cat?post=7243"},{"taxonomy":"product_tag","embeddable":true,"href":"https:\/\/damicoline.com\/fr\/wp-json\/wp\/v2\/product_tag?post=7243"}],"curies":[{"name":"wp","href":"https:\/\/api.w.org\/{rel}","templated":true}]}}