{"id":7271,"date":"2025-03-09T08:10:19","date_gmt":"2025-03-09T07:10:19","guid":{"rendered":"https:\/\/damicoline.com\/product\/pastiglie-freno-anteriori-piaggio-porter-np6\/"},"modified":"2025-05-17T19:42:29","modified_gmt":"2025-05-17T17:42:29","slug":"plaquettes-de-frein-avant-pour-piaggio-porter-np6","status":"publish","type":"product","link":"https:\/\/damicoline.com\/fr\/produit\/plaquettes-de-frein-avant-pour-piaggio-porter-np6\/","title":{"rendered":"Plaquettes de frein avant pour Piaggio Porter NP6"},"content":{"rendered":"<p><strong>Plaquettes de frein avant pour Piaggio Porter NP6<\/strong><\/p>\n<div class=\"text-sm text-gray-800 font-medium mb-2\"><div class=\"text-sm text-gray-800 font-medium mb-2\"><strong>Codes de r\u00e9f\u00e9rence:<\/strong> 1R000530<\/div><\/div>\n<div class=\"oem-box mb-4\">\t\t\t\t<div class=\"oem-box mb-4\">\n\t\t\t\t\t<p class=\"text-sm text-gray-800 font-medium mb-2\">Type: <strong>Aftermarket<\/strong><\/p>\n\t\t\t\t\t<p class=\"text-sm text-gray-700 mb-1\">Composant adaptable de qualit\u00e9 professionnelle, compatible avec les v\u00e9hicules indiqu\u00e9s sur cette page.<\/p>\n\t\t\t\t\t<p class=\"text-xs text-gray-500 mt-2\">*Non fabriqu\u00e9 ni marqu\u00e9 par Piaggio. Marques d\u00e9tenues par leurs propri\u00e9taires.<\/p>\n\t\t\t\t<\/div>\n\t\t\t<\/div>\n<p>Les <strong>plaquettes de frein avant pour Piaggio Porter NP6<\/strong> assurent un freinage efficace et s\u00fbr sur chaque parcours. Pi\u00e8ce de rechange id\u00e9ale pour maintenir des performances \u00e9lev\u00e9es et une fiabilit\u00e9 dans le temps. Compatible avec toutes les versions du Porter NP6.<\/p>\n<section class=\"compatibility-block mb-4\"><section class=\"compatibility-block mb-4\"><div class=\"product-extra-details hide-below-992\"><table class=\"woocommerce-product-attributes\"><tbody><tr><th colspan=\"2\"><span class=\"text-sm font-medium mb-2\">Compatible avec :<\/span><\/th><\/tr><tr><th>Mod\u00e8le du v\u00e9hicule \u2013 Pr\u00e9fixe du ch\u00e2ssis:<\/th><td><a href=\"https:\/\/damicoline.com\/fr\/boutique\/?vx_brand=PIAGGIO&#038;vx_model=PORTER%20NP6%20MAXXI%20TW3000%201.5%20CNG%20(2021-)&#038;vx_engine=M15KRP&#038;vx_years=2021-\">\ud83d\ude9a PIAGGIO PORTER NP6 MAXXI TW3000 1.5 CNG (2021-) M15KRP (2021-) - ZAPNP6C1C0P, ZAPNP6B1C0P<\/a><\/td><\/tr><tr><th>Mod\u00e8le du v\u00e9hicule \u2013 Pr\u00e9fixe du ch\u00e2ssis:<\/th><td><a href=\"https:\/\/damicoline.com\/fr\/boutique\/?vx_brand=PIAGGIO&#038;vx_model=PORTER%20NP6%20MAXXI%20TW3250%201.5%20CNG%20(2021-)&#038;vx_engine=M15KRP&#038;vx_years=2021-\">\ud83d\ude9a PIAGGIO PORTER NP6 MAXXI TW3250 1.5 CNG (2021-) M15KRP (2021-) - ZAPNP6C1D0P, ZAPNP6B1D0P<\/a><\/td><\/tr><tr><th>Mod\u00e8le du v\u00e9hicule \u2013 Pr\u00e9fixe du ch\u00e2ssis:<\/th><td><a href=\"https:\/\/damicoline.com\/fr\/boutique\/?vx_brand=PIAGGIO&#038;vx_model=PORTER%20NP6%20STANDARD%20SW2650%201.5%20CNG%20(2021-)&#038;vx_engine=M15KRP&#038;vx_years=2021-\">\ud83d\ude9a PIAGGIO PORTER NP6 STANDARD SW2650 1.5 CNG (2021-) M15KRP (2021-) - ZAPNP6C1A0P, ZAPNP6B1A0P<\/a><\/td><\/tr><tr><th>Mod\u00e8le du v\u00e9hicule \u2013 Pr\u00e9fixe du ch\u00e2ssis:<\/th><td><a href=\"https:\/\/damicoline.com\/fr\/boutique\/?vx_brand=PIAGGIO&#038;vx_model=PORTER%20NP6%20STANDARD%20SW3070%201.5%20CNG%20(2021-)&#038;vx_engine=M15KRP&#038;vx_years=2021-\">\ud83d\ude9a PIAGGIO PORTER NP6 STANDARD SW3070 1.5 CNG (2021-) M15KRP (2021-) - ZAPNP6C1B0P, ZAPNP6B1B0P<\/a><\/td><\/tr><\/tbody><\/table><\/div><\/section><\/section>\n","protected":false},"excerpt":{"rendered":"<p>Plaquettes de frein avant pour Piaggio Porter NP6 Les plaquettes de frein avant pour Piaggio Porter NP6 assurent un freinage efficace et s\u00fbr sur chaque parcours. Pi\u00e8ce de rechange id\u00e9ale pour maintenir des performances \u00e9lev\u00e9es et une fiabilit\u00e9 dans le temps. Compatible avec toutes les versions du Porter NP6.<\/p>\n","protected":false},"featured_media":8657,"template":"","meta":{"_sitemap_exclude":false,"_sitemap_priority":"","_sitemap_frequency":""},"product_brand":[2670],"product_cat":[216,407],"product_tag":[640],"class_list":{"0":"post-7271","1":"product","2":"type-product","3":"status-publish","4":"has-post-thumbnail","6":"product_brand-aftermarket","7":"product_cat-frein-a-disque","8":"product_cat-systeme-de-freinage","9":"product_tag-1r000530","11":"first","12":"instock","13":"sale","14":"taxable","15":"shipping-taxable","16":"purchasable","17":"product-type-simple"},"_links":{"self":[{"href":"https:\/\/damicoline.com\/fr\/wp-json\/wp\/v2\/product\/7271","targetHints":{"allow":["GET"]}}],"collection":[{"href":"https:\/\/damicoline.com\/fr\/wp-json\/wp\/v2\/product"}],"about":[{"href":"https:\/\/damicoline.com\/fr\/wp-json\/wp\/v2\/types\/product"}],"wp:featuredmedia":[{"embeddable":true,"href":"https:\/\/damicoline.com\/fr\/wp-json\/wp\/v2\/media\/8657"}],"wp:attachment":[{"href":"https:\/\/damicoline.com\/fr\/wp-json\/wp\/v2\/media?parent=7271"}],"wp:term":[{"taxonomy":"product_brand","embeddable":true,"href":"https:\/\/damicoline.com\/fr\/wp-json\/wp\/v2\/product_brand?post=7271"},{"taxonomy":"product_cat","embeddable":true,"href":"https:\/\/damicoline.com\/fr\/wp-json\/wp\/v2\/product_cat?post=7271"},{"taxonomy":"product_tag","embeddable":true,"href":"https:\/\/damicoline.com\/fr\/wp-json\/wp\/v2\/product_tag?post=7271"}],"curies":[{"name":"wp","href":"https:\/\/api.w.org\/{rel}","templated":true}]}}