{"id":7941,"date":"2025-05-05T07:49:56","date_gmt":"2025-05-05T05:49:56","guid":{"rendered":"https:\/\/damicoline.com\/product\/cilindretto-freno-posteriore-piaggio-porter-np6-sw-3070-2650\/"},"modified":"2026-04-22T14:29:21","modified_gmt":"2026-04-22T12:29:21","slug":"cylindre-de-frein-arriere-pour-piaggio-porter-np6-sw-3070-2650","status":"publish","type":"product","link":"https:\/\/damicoline.com\/fr\/produit\/cylindre-de-frein-arriere-pour-piaggio-porter-np6-sw-3070-2650\/","title":{"rendered":"Cylindre de frein arri\u00e8re pour Piaggio Porter NP6 SW 3070\/2650"},"content":{"rendered":"<p><strong>Cylindre de frein arri\u00e8re pour Piaggio Porter NP6 SW 3070\/2650<\/strong><\/p>\n<p>Pi\u00e8ce de rechange d\u00e9di\u00e9e aux versions <strong>Piaggio Porter NP6 SW 3070 et SW 2650<\/strong>. Ce cylindre de frein arri\u00e8re assure l&#8217;efficacit\u00e9 et la fiabilit\u00e9 du syst\u00e8me de freinage. Id\u00e9al pour des remplacements rapides et pr\u00e9cis.<\/p>\n<div class=\"text-sm text-gray-800 font-medium mb-2\"><div class=\"text-sm text-gray-800 font-medium mb-2\"><strong>Codes de r\u00e9f\u00e9rence:<\/strong> WET&#50;&#52;&#48;&#49;&#51;&#48;&#49;&#48;&#48;A0<\/div><\/div>\n<div class=\"oem-box mb-4\"><div class=\"oem-box mb-4\"><p class=\"text-sm text-gray-800 font-medium mb-2\">Type: <strong>OEM (Foton)<\/strong><\/p><p class=\"text-sm text-gray-700 mb-1\">Composant de niveau OEM fabriqu\u00e9 par Foton, conforme aux sp\u00e9cifications d\u2019origine pour un montage correct.<\/p><p class=\"text-xs text-gray-500 mt-2\">Non marqu\u00e9 Piaggio. Les marques appartiennent \u00e0 leurs propri\u00e9taires.<\/p><\/div><\/div>\n<section class=\"compatibility-block mb-4\"><section class=\"compatibility-block mb-4\"><div class=\"product-extra-details hide-below-992\"><table class=\"woocommerce-product-attributes\"><tbody><tr><th colspan=\"2\"><span class=\"text-sm font-medium mb-2\">Compatible avec :<\/span><\/th><\/tr><tr><th>Mod\u00e8le du v\u00e9hicule \u2013 Pr\u00e9fixe du ch\u00e2ssis:<\/th><td><a href=\"https:\/\/damicoline.com\/fr\/boutique\/?vx_brand=PIAGGIO&#038;vx_model=PORTER%20NP6%20STANDARD%20SW2650%201.5%20CNG%20(2021-)&#038;vx_engine=M15KRP&#038;vx_years=2021-\">\ud83d\ude9a PIAGGIO PORTER NP6 STANDARD SW2650 1.5 CNG (2021-) M15KRP (2021-) - ZAPNP6C1A0P, ZAPNP6B1A0P<\/a><\/td><\/tr><tr><th>Mod\u00e8le du v\u00e9hicule \u2013 Pr\u00e9fixe du ch\u00e2ssis:<\/th><td><a href=\"https:\/\/damicoline.com\/fr\/boutique\/?vx_brand=PIAGGIO&#038;vx_model=PORTER%20NP6%20STANDARD%20SW3070%201.5%20CNG%20(2021-)&#038;vx_engine=M15KRP&#038;vx_years=2021-\">\ud83d\ude9a PIAGGIO PORTER NP6 STANDARD SW3070 1.5 CNG (2021-) M15KRP (2021-) - ZAPNP6C1B0P, ZAPNP6B1B0P<\/a><\/td><\/tr><\/tbody><\/table><\/div><\/section><\/section>\n","protected":false},"excerpt":{"rendered":"<p>Cylindre de frein arri\u00e8re pour Piaggio Porter NP6 SW 3070\/2650 Pi\u00e8ce de rechange d\u00e9di\u00e9e aux versions Piaggio Porter NP6 SW 3070 et SW 2650. Ce cylindre de frein arri\u00e8re assure l&#8217;efficacit\u00e9 et la fiabilit\u00e9 du syst\u00e8me de freinage. Id\u00e9al pour des remplacements rapides et pr\u00e9cis.<\/p>\n","protected":false},"featured_media":8561,"template":"","meta":{"_sitemap_exclude":false,"_sitemap_priority":"","_sitemap_frequency":""},"product_brand":[2671],"product_cat":[412,407],"product_tag":[753],"class_list":{"0":"post-7941","1":"product","2":"type-product","3":"status-publish","4":"has-post-thumbnail","6":"product_brand-foton","7":"product_cat-frein-a-tambour","8":"product_cat-systeme-de-freinage","9":"product_tag-wet240130100a0","11":"first","12":"instock","13":"sale","14":"taxable","15":"shipping-taxable","16":"purchasable","17":"product-type-simple"},"_links":{"self":[{"href":"https:\/\/damicoline.com\/fr\/wp-json\/wp\/v2\/product\/7941","targetHints":{"allow":["GET"]}}],"collection":[{"href":"https:\/\/damicoline.com\/fr\/wp-json\/wp\/v2\/product"}],"about":[{"href":"https:\/\/damicoline.com\/fr\/wp-json\/wp\/v2\/types\/product"}],"wp:featuredmedia":[{"embeddable":true,"href":"https:\/\/damicoline.com\/fr\/wp-json\/wp\/v2\/media\/8561"}],"wp:attachment":[{"href":"https:\/\/damicoline.com\/fr\/wp-json\/wp\/v2\/media?parent=7941"}],"wp:term":[{"taxonomy":"product_brand","embeddable":true,"href":"https:\/\/damicoline.com\/fr\/wp-json\/wp\/v2\/product_brand?post=7941"},{"taxonomy":"product_cat","embeddable":true,"href":"https:\/\/damicoline.com\/fr\/wp-json\/wp\/v2\/product_cat?post=7941"},{"taxonomy":"product_tag","embeddable":true,"href":"https:\/\/damicoline.com\/fr\/wp-json\/wp\/v2\/product_tag?post=7941"}],"curies":[{"name":"wp","href":"https:\/\/api.w.org\/{rel}","templated":true}]}}