{"id":7990,"date":"2025-05-06T12:27:36","date_gmt":"2025-05-06T10:27:36","guid":{"rendered":"https:\/\/damicoline.com\/product\/ganasce-freno-posteriori-piaggio-porter-np6\/"},"modified":"2026-01-20T18:41:34","modified_gmt":"2026-01-20T17:41:34","slug":"machoires-arriere-pour-porter-np6-standard-et-maxxi-kit-4-pieces","status":"publish","type":"product","link":"https:\/\/damicoline.com\/fr\/produit\/machoires-arriere-pour-porter-np6-standard-et-maxxi-kit-4-pieces\/","title":{"rendered":"M\u00e2choires arri\u00e8re pour Porter NP6 Standard et Maxxi \u2013 Kit 4 pi\u00e8ces"},"content":{"rendered":"<p><strong>M\u00e2choires de frein arri\u00e8re 4 pi\u00e8ces pour Piaggio Porter NP6<\/strong><\/p>\n<p>Kit <strong>m\u00e2choires de frein arri\u00e8re<\/strong> compatible avec <strong>Piaggio Porter NP6<\/strong>, en version <strong>Standard<\/strong> et <strong>Maxxi \u00e0 double roue<\/strong>. Le set comprend <strong>4 m\u00e2choires<\/strong>, suffisantes pour \u00e9quiper les deux c\u00f4t\u00e9s de l&#8217;essieu arri\u00e8re.<\/p>\n<p>Les m\u00e2choires sont de <strong>tr\u00e8s bonne qualit\u00e9<\/strong> et garantissent un freinage efficace, une longue dur\u00e9e de vie et une <strong>compatibilit\u00e9 parfaite<\/strong> avec le syst\u00e8me d&#8217;origine, id\u00e9ales pour l&#8217;entretien et la restauration de l&#8217;efficacit\u00e9 du syst\u00e8me de freinage.<\/p>\n<p><em>Note importante :<\/em> les m\u00e2choires sont fournies <strong>sans le levier de frein de stationnement<\/strong>.<br \/>\nLe levier doit \u00eatre <strong>r\u00e9cup\u00e9r\u00e9 des m\u00e2choires actuellement install\u00e9es<\/strong>, en retirant facilement la fixation et en le r\u00e9installant sur les nouvelles m\u00e2choires.<\/p>\n<div class=\"text-sm text-gray-800 font-medium mb-2\"><div class=\"text-sm text-gray-800 font-medium mb-2\"><strong>Codes de r\u00e9f\u00e9rence:<\/strong> 1R000531<\/div><\/div>\n<div class=\"oem-box mb-4\">\t\t\t\t<div class=\"oem-box mb-4\">\n\t\t\t\t\t<p class=\"text-sm text-gray-800 font-medium mb-2\">Type: <strong>Aftermarket<\/strong><\/p>\n\t\t\t\t\t<p class=\"text-sm text-gray-700 mb-1\">Composant adaptable de qualit\u00e9 professionnelle, compatible avec les v\u00e9hicules indiqu\u00e9s sur cette page.<\/p>\n\t\t\t\t\t<p class=\"text-xs text-gray-500 mt-2\">*Non fabriqu\u00e9 ni marqu\u00e9 par Piaggio. Marques d\u00e9tenues par leurs propri\u00e9taires.<\/p>\n\t\t\t\t<\/div>\n\t\t\t<\/div>\n<section class=\"compatibility-block mb-4\"><section class=\"compatibility-block mb-4\"><div class=\"product-extra-details hide-below-992\"><table class=\"woocommerce-product-attributes\"><tbody><tr><th colspan=\"2\"><span class=\"text-sm font-medium mb-2\">Compatible avec :<\/span><\/th><\/tr><tr><th>Mod\u00e8le du v\u00e9hicule \u2013 Pr\u00e9fixe du ch\u00e2ssis:<\/th><td><a href=\"https:\/\/damicoline.com\/fr\/boutique\/?vx_brand=PIAGGIO&#038;vx_model=PORTER%20NP6%20MAXXI%20TW3000%201.5%20CNG%20(2021-)&#038;vx_engine=M15KRP&#038;vx_years=2021-\">\ud83d\ude9a PIAGGIO PORTER NP6 MAXXI TW3000 1.5 CNG (2021-) M15KRP (2021-) - ZAPNP6C1C0P, ZAPNP6B1C0P<\/a><\/td><\/tr><tr><th>Mod\u00e8le du v\u00e9hicule \u2013 Pr\u00e9fixe du ch\u00e2ssis:<\/th><td><a href=\"https:\/\/damicoline.com\/fr\/boutique\/?vx_brand=PIAGGIO&#038;vx_model=PORTER%20NP6%20MAXXI%20TW3250%201.5%20CNG%20(2021-)&#038;vx_engine=M15KRP&#038;vx_years=2021-\">\ud83d\ude9a PIAGGIO PORTER NP6 MAXXI TW3250 1.5 CNG (2021-) M15KRP (2021-) - ZAPNP6C1D0P, ZAPNP6B1D0P<\/a><\/td><\/tr><tr><th>Mod\u00e8le du v\u00e9hicule \u2013 Pr\u00e9fixe du ch\u00e2ssis:<\/th><td><a href=\"https:\/\/damicoline.com\/fr\/boutique\/?vx_brand=PIAGGIO&#038;vx_model=PORTER%20NP6%20STANDARD%20SW2650%201.5%20CNG%20(2021-)&#038;vx_engine=M15KRP&#038;vx_years=2021-\">\ud83d\ude9a PIAGGIO PORTER NP6 STANDARD SW2650 1.5 CNG (2021-) M15KRP (2021-) - ZAPNP6C1A0P, ZAPNP6B1A0P<\/a><\/td><\/tr><tr><th>Mod\u00e8le du v\u00e9hicule \u2013 Pr\u00e9fixe du ch\u00e2ssis:<\/th><td><a href=\"https:\/\/damicoline.com\/fr\/boutique\/?vx_brand=PIAGGIO&#038;vx_model=PORTER%20NP6%20STANDARD%20SW3070%201.5%20CNG%20(2021-)&#038;vx_engine=M15KRP&#038;vx_years=2021-\">\ud83d\ude9a PIAGGIO PORTER NP6 STANDARD SW3070 1.5 CNG (2021-) M15KRP (2021-) - ZAPNP6C1B0P, ZAPNP6B1B0P<\/a><\/td><\/tr><\/tbody><\/table><\/div><\/section><\/section>\n","protected":false},"excerpt":{"rendered":"<p>M\u00e2choires de frein arri\u00e8re 4 pi\u00e8ces pour Piaggio Porter NP6 Kit m\u00e2choires de frein arri\u00e8re compatible avec Piaggio Porter NP6, en version Standard et Maxxi \u00e0 double roue. Le set comprend 4 m\u00e2choires, suffisantes pour \u00e9quiper les deux c\u00f4t\u00e9s de l&#8217;essieu arri\u00e8re. Les m\u00e2choires sont de tr\u00e8s bonne qualit\u00e9 et garantissent un freinage efficace, une<\/p>\n<div class=\"klb-readmore button\"><a class=\"btn link\" href=\"https:\/\/damicoline.com\/fr\/produit\/machoires-arriere-pour-porter-np6-standard-et-maxxi-kit-4-pieces\/\">Read More <i class=\"klbth-icon-right-arrow\"><\/i><\/a><\/div>\n","protected":false},"featured_media":8503,"template":"","meta":{"_sitemap_exclude":false,"_sitemap_priority":"","_sitemap_frequency":""},"product_brand":[2670],"product_cat":[412,407],"product_tag":[773],"class_list":{"0":"post-7990","1":"product","2":"type-product","3":"status-publish","4":"has-post-thumbnail","6":"product_brand-aftermarket","7":"product_cat-frein-a-tambour","8":"product_cat-systeme-de-freinage","9":"product_tag-1r000531","11":"first","12":"instock","13":"sale","14":"taxable","15":"shipping-taxable","16":"purchasable","17":"product-type-simple"},"_links":{"self":[{"href":"https:\/\/damicoline.com\/fr\/wp-json\/wp\/v2\/product\/7990","targetHints":{"allow":["GET"]}}],"collection":[{"href":"https:\/\/damicoline.com\/fr\/wp-json\/wp\/v2\/product"}],"about":[{"href":"https:\/\/damicoline.com\/fr\/wp-json\/wp\/v2\/types\/product"}],"wp:featuredmedia":[{"embeddable":true,"href":"https:\/\/damicoline.com\/fr\/wp-json\/wp\/v2\/media\/8503"}],"wp:attachment":[{"href":"https:\/\/damicoline.com\/fr\/wp-json\/wp\/v2\/media?parent=7990"}],"wp:term":[{"taxonomy":"product_brand","embeddable":true,"href":"https:\/\/damicoline.com\/fr\/wp-json\/wp\/v2\/product_brand?post=7990"},{"taxonomy":"product_cat","embeddable":true,"href":"https:\/\/damicoline.com\/fr\/wp-json\/wp\/v2\/product_cat?post=7990"},{"taxonomy":"product_tag","embeddable":true,"href":"https:\/\/damicoline.com\/fr\/wp-json\/wp\/v2\/product_tag?post=7990"}],"curies":[{"name":"wp","href":"https:\/\/api.w.org\/{rel}","templated":true}]}}