{"id":8797,"date":"2025-05-09T09:18:07","date_gmt":"2025-05-09T07:18:07","guid":{"rendered":"https:\/\/damicoline.com\/product\/%cf%84%ce%b1%ce%ba%ce%ac%ce%ba%ce%b9%ce%b1-%cf%86%cf%81%ce%ad%ce%bd%cf%89%ce%bd-254x57-mm-%ce%b3%ce%b9%ce%b1-piaggio-porter-maxxi\/"},"modified":"2025-05-18T18:26:07","modified_gmt":"2025-05-18T16:26:07","slug":"machoires-de-frein-254x57-mm-pour-piaggio-porter-maxxi","status":"publish","type":"product","link":"https:\/\/damicoline.com\/fr\/produit\/machoires-de-frein-254x57-mm-pour-piaggio-porter-maxxi\/","title":{"rendered":"M\u00e2choires de frein 254&#215;57 mm pour Piaggio Porter Maxxi"},"content":{"rendered":"<p><strong>M\u00e2choires de frein arri\u00e8re 254&#215;57 mm pour Piaggio Porter Maxxi<\/strong><\/p>\n<p>Kit complet de <strong>4 m\u00e2choires de frein arri\u00e8re<\/strong>, avec <strong>diam\u00e8tre de tambour 254&#215;57 mm<\/strong>, sp\u00e9cifique pour Piaggio Porter Maxxi. Con\u00e7u pour garantir un freinage s\u00fbr, une durabilit\u00e9 et une compatibilit\u00e9 parfaite avec le syst\u00e8me d&#8217;origine.<\/p>\n<div class=\"text-sm text-gray-800 font-medium mb-2\"><div class=\"text-sm text-gray-800 font-medium mb-2\"><strong>Codes de r\u00e9f\u00e9rence:<\/strong> 837070<\/div><\/div>\n<div class=\"oem-box mb-4\">\t\t\t\t<div class=\"oem-box mb-4\">\n\t\t\t\t\t<p class=\"text-sm text-gray-800 font-medium mb-2\">Type: <strong>Aftermarket<\/strong><\/p>\n\t\t\t\t\t<p class=\"text-sm text-gray-700 mb-1\">Composant adaptable de qualit\u00e9 professionnelle, compatible avec les v\u00e9hicules indiqu\u00e9s sur cette page.<\/p>\n\t\t\t\t\t<p class=\"text-xs text-gray-500 mt-2\">*Non fabriqu\u00e9 ni marqu\u00e9 par Piaggio. Marques d\u00e9tenues par leurs propri\u00e9taires.<\/p>\n\t\t\t\t<\/div>\n\t\t\t<\/div>\n<section class=\"compatibility-block mb-4\"><section class=\"compatibility-block mb-4\"><div class=\"product-extra-details hide-below-992\"><table class=\"woocommerce-product-attributes\"><tbody><tr><th colspan=\"2\"><span class=\"text-sm font-medium mb-2\">Compatible avec :<\/span><\/th><\/tr><tr><th>Mod\u00e8le du v\u00e9hicule \u2013 Pr\u00e9fixe du ch\u00e2ssis:<\/th><td><a href=\"https:\/\/damicoline.com\/fr\/boutique\/?vx_brand=PIAGGIO&#038;vx_model=PORTER%20Maxxi%201.2%20D%20(2011-2015)&#038;vx_engine=P120&#038;vx_years=2011-2015\">\ud83d\ude9a PIAGGIO PORTER Maxxi 1.2 D (2011-2015) P120 (2011-2015) - ZAPS90AKW, ZAPS90DKW, ZAPS90RKW<\/a><\/td><\/tr><tr><th>Mod\u00e8le du v\u00e9hicule \u2013 Pr\u00e9fixe du ch\u00e2ssis:<\/th><td><a href=\"https:\/\/damicoline.com\/fr\/boutique\/?vx_brand=PIAGGIO&#038;vx_model=PORTER%20Maxxi%201.3%20(2010-2015)&#038;vx_engine=DA471QLR&#038;vx_years=2010-2015\">\ud83d\ude9a PIAGGIO PORTER Maxxi 1.3 (2010-2015) DA471QLR (2010-2015) - ZAPS90DJ, ZAPS90AJ, ZAPS90RJ<\/a><\/td><\/tr><tr><th>Mod\u00e8le du v\u00e9hicule \u2013 Pr\u00e9fixe du ch\u00e2ssis:<\/th><td><a href=\"https:\/\/damicoline.com\/fr\/boutique\/?vx_brand=PIAGGIO&#038;vx_model=PORTER%20Maxxi%201.3%2016V%20(2007-2009)&#038;vx_engine=HC-EL&#038;vx_years=2007-2009\">\ud83d\ude9a PIAGGIO PORTER Maxxi 1.3 16V (2007-2009) HC-EL (2007-2009) - ZAPS95000<\/a><\/td><\/tr><tr><th>Mod\u00e8le du v\u00e9hicule \u2013 Pr\u00e9fixe du ch\u00e2ssis:<\/th><td><a href=\"https:\/\/damicoline.com\/fr\/boutique\/?vx_brand=PIAGGIO&#038;vx_model=PORTER%20Maxxi%201.3%20LPG%20(2015-2020)&#038;vx_engine=DAM13R&#038;vx_years=2015-2020\">\ud83d\ude9a PIAGGIO PORTER Maxxi 1.3 LPG (2015-2020) DAM13R (2015-2020) - ZAPS90AG, ZAPS90DG, ZAPS90RG<\/a><\/td><\/tr><\/tbody><\/table><\/div><\/section><\/section>\n","protected":false},"excerpt":{"rendered":"<p>M\u00e2choires de frein arri\u00e8re 254&#215;57 mm pour Piaggio Porter Maxxi Kit complet de 4 m\u00e2choires de frein arri\u00e8re, avec diam\u00e8tre de tambour 254&#215;57 mm, sp\u00e9cifique pour Piaggio Porter Maxxi. Con\u00e7u pour garantir un freinage s\u00fbr, une durabilit\u00e9 et une compatibilit\u00e9 parfaite avec le syst\u00e8me d&#8217;origine.<\/p>\n","protected":false},"featured_media":8400,"template":"","meta":{"_sitemap_exclude":false,"_sitemap_priority":"","_sitemap_frequency":""},"product_brand":[2670],"product_cat":[412,407],"product_tag":[992],"class_list":{"0":"post-8797","1":"product","2":"type-product","3":"status-publish","4":"has-post-thumbnail","6":"product_brand-aftermarket","7":"product_cat-frein-a-tambour","8":"product_cat-systeme-de-freinage","9":"product_tag-992","11":"first","12":"instock","13":"sale","14":"taxable","15":"shipping-taxable","16":"purchasable","17":"product-type-simple"},"_links":{"self":[{"href":"https:\/\/damicoline.com\/fr\/wp-json\/wp\/v2\/product\/8797","targetHints":{"allow":["GET"]}}],"collection":[{"href":"https:\/\/damicoline.com\/fr\/wp-json\/wp\/v2\/product"}],"about":[{"href":"https:\/\/damicoline.com\/fr\/wp-json\/wp\/v2\/types\/product"}],"wp:featuredmedia":[{"embeddable":true,"href":"https:\/\/damicoline.com\/fr\/wp-json\/wp\/v2\/media\/8400"}],"wp:attachment":[{"href":"https:\/\/damicoline.com\/fr\/wp-json\/wp\/v2\/media?parent=8797"}],"wp:term":[{"taxonomy":"product_brand","embeddable":true,"href":"https:\/\/damicoline.com\/fr\/wp-json\/wp\/v2\/product_brand?post=8797"},{"taxonomy":"product_cat","embeddable":true,"href":"https:\/\/damicoline.com\/fr\/wp-json\/wp\/v2\/product_cat?post=8797"},{"taxonomy":"product_tag","embeddable":true,"href":"https:\/\/damicoline.com\/fr\/wp-json\/wp\/v2\/product_tag?post=8797"}],"curies":[{"name":"wp","href":"https:\/\/api.w.org\/{rel}","templated":true}]}}