{"id":8807,"date":"2025-05-09T15:51:51","date_gmt":"2025-05-09T13:51:51","guid":{"rendered":"https:\/\/damicoline.com\/product\/cavo-primario-freno-stazionamento-piaggio-porter-np6-tw-3250\/"},"modified":"2025-05-18T18:37:26","modified_gmt":"2025-05-18T16:37:26","slug":"cable-de-frein-principal-pour-piaggio-porter-np6-tw-3250","status":"publish","type":"product","link":"https:\/\/damicoline.com\/fr\/produit\/cable-de-frein-principal-pour-piaggio-porter-np6-tw-3250\/","title":{"rendered":"C\u00e2ble de frein principal pour Piaggio Porter NP6 TW 3250"},"content":{"rendered":"<p><strong>C\u00e2ble de frein de stationnement principal pour Piaggio Porter NP6 TW 3250<\/strong><\/p>\n<p>Pi\u00e8ce de rechange pour <strong>Piaggio Porter NP6 version TW 3250<\/strong>. Ce <strong>c\u00e2ble de frein principal<\/strong> relie le levier de frein de stationnement aux deux c\u00e2bles secondaires qui atteignent les roues arri\u00e8re. Con\u00e7u pour garantir r\u00e9sistance et fiabilit\u00e9 dans le temps.<\/p>\n<div class=\"text-sm text-gray-800 font-medium mb-2\"><div class=\"text-sm text-gray-800 font-medium mb-2\"><strong>Codes de r\u00e9f\u00e9rence:<\/strong> WET&#51;&#53;&#51;&#48;&#51;&#48;&#49;&#48;&#51;A0 \u2013 WET&#51;&#53;&#51;&#48;&#51;&#48;&#49;&#49;&#55;A0<\/div><\/div>\n<div class=\"oem-box mb-4\">\t\t\t\t<div class=\"oem-box mb-4\">\n\t\t\t\t\t<p class=\"text-sm text-gray-800 font-medium mb-2\">Type: <strong>OEM (Foton)<\/strong><\/p>\n\t\t\t\t\t<p class=\"text-sm text-gray-700 mb-1\">Composant de niveau OEM fabriqu\u00e9 par <strong>Foton<\/strong>, conforme aux sp\u00e9cifications d\u2019origine pour un montage correct.<\/p>\n\t\t\t\t\t<p class=\"text-xs text-gray-500 mt-2\">*Non marqu\u00e9 Piaggio. Les marques appartiennent \u00e0 leurs propri\u00e9taires.<\/p>\n\t\t\t\t<\/div>\n\t\t\t<\/div>\n<section class=\"compatibility-block mb-4\"><section class=\"compatibility-block mb-4\"><div class=\"product-extra-details hide-below-992\"><table class=\"woocommerce-product-attributes\"><tbody><tr><th colspan=\"2\"><span class=\"text-sm font-medium mb-2\">Compatible avec :<\/span><\/th><\/tr><tr><th>Mod\u00e8le du v\u00e9hicule \u2013 Pr\u00e9fixe du ch\u00e2ssis:<\/th><td><a href=\"https:\/\/damicoline.com\/fr\/boutique\/?vx_brand=PIAGGIO&#038;vx_model=PORTER%20NP6%20MAXXI%20TW3250%201.5%20CNG%20(2021-)&#038;vx_engine=M15KRP&#038;vx_years=2021-\">\ud83d\ude9a PIAGGIO PORTER NP6 MAXXI TW3250 1.5 CNG (2021-) M15KRP (2021-) - ZAPNP6C1D0P, ZAPNP6B1D0P<\/a><\/td><\/tr><\/tbody><\/table><\/div><\/section><\/section>\n","protected":false},"excerpt":{"rendered":"<p>C\u00e2ble de frein de stationnement principal pour Piaggio Porter NP6 TW 3250 Pi\u00e8ce de rechange pour Piaggio Porter NP6 version TW 3250. Ce c\u00e2ble de frein principal relie le levier de frein de stationnement aux deux c\u00e2bles secondaires qui atteignent les roues arri\u00e8re. Con\u00e7u pour garantir r\u00e9sistance et fiabilit\u00e9 dans le temps.<\/p>\n","protected":false},"featured_media":8388,"template":"","meta":{"_sitemap_exclude":false,"_sitemap_priority":"","_sitemap_frequency":""},"product_brand":[2671],"product_cat":[537,407],"product_tag":[1008,1009],"class_list":{"0":"post-8807","1":"product","2":"type-product","3":"status-publish","4":"has-post-thumbnail","6":"product_brand-foton","7":"product_cat-cables-de-frein","8":"product_cat-systeme-de-freinage","9":"product_tag-wet353030103a0","10":"product_tag-wet353030117a0","12":"first","13":"instock","14":"sale","15":"taxable","16":"shipping-taxable","17":"purchasable","18":"product-type-simple"},"_links":{"self":[{"href":"https:\/\/damicoline.com\/fr\/wp-json\/wp\/v2\/product\/8807","targetHints":{"allow":["GET"]}}],"collection":[{"href":"https:\/\/damicoline.com\/fr\/wp-json\/wp\/v2\/product"}],"about":[{"href":"https:\/\/damicoline.com\/fr\/wp-json\/wp\/v2\/types\/product"}],"wp:featuredmedia":[{"embeddable":true,"href":"https:\/\/damicoline.com\/fr\/wp-json\/wp\/v2\/media\/8388"}],"wp:attachment":[{"href":"https:\/\/damicoline.com\/fr\/wp-json\/wp\/v2\/media?parent=8807"}],"wp:term":[{"taxonomy":"product_brand","embeddable":true,"href":"https:\/\/damicoline.com\/fr\/wp-json\/wp\/v2\/product_brand?post=8807"},{"taxonomy":"product_cat","embeddable":true,"href":"https:\/\/damicoline.com\/fr\/wp-json\/wp\/v2\/product_cat?post=8807"},{"taxonomy":"product_tag","embeddable":true,"href":"https:\/\/damicoline.com\/fr\/wp-json\/wp\/v2\/product_tag?post=8807"}],"curies":[{"name":"wp","href":"https:\/\/api.w.org\/{rel}","templated":true}]}}