{"id":8812,"date":"2025-05-09T16:16:54","date_gmt":"2025-05-09T14:16:54","guid":{"rendered":"https:\/\/damicoline.com\/product\/cavo-primario-freno-stazionamento-piaggio-porter-np6-tw-3000\/"},"modified":"2026-04-22T14:31:15","modified_gmt":"2026-04-22T12:31:15","slug":"cable-de-frein-principal-pour-piaggio-porter-np6-tw-3000","status":"publish","type":"product","link":"https:\/\/damicoline.com\/fr\/produit\/cable-de-frein-principal-pour-piaggio-porter-np6-tw-3000\/","title":{"rendered":"C\u00e2ble de frein principal pour Piaggio Porter NP6 TW 3000"},"content":{"rendered":"<p><strong>C\u00e2ble de frein de stationnement principal pour Piaggio Porter NP6 TW 3000<\/strong><\/p>\n<p>Con\u00e7u pour <strong>Piaggio Porter NP6 version TW 3000<\/strong>, ce <strong>c\u00e2ble de frein principal<\/strong> relie le levier de frein de stationnement aux deux c\u00e2bles secondaires dirig\u00e9s vers les roues arri\u00e8re. Pi\u00e8ce de rechange fiable, id\u00e9ale pour garantir la fonctionnalit\u00e9 et la durabilit\u00e9 du syst\u00e8me de freinage.<\/p>\n<div class=\"text-sm text-gray-800 font-medium mb-2\"><div class=\"text-sm text-gray-800 font-medium mb-2\"><strong>Codes de r\u00e9f\u00e9rence:<\/strong> WET&#51;&#53;&#51;&#48;&#51;&#48;&#49;&#48;&#50;A0 \u2013 WET&#51;&#53;&#51;&#48;&#51;&#48;&#49;&#49;&#54;A0<\/div><\/div>\n<div class=\"oem-box mb-4\"><div class=\"oem-box mb-4\"><p class=\"text-sm text-gray-800 font-medium mb-2\">Type: <strong>OEM (Foton)<\/strong><\/p><p class=\"text-sm text-gray-700 mb-1\">Composant de niveau OEM fabriqu\u00e9 par Foton, conforme aux sp\u00e9cifications d\u2019origine pour un montage correct.<\/p><p class=\"text-xs text-gray-500 mt-2\">Non marqu\u00e9 Piaggio. Les marques appartiennent \u00e0 leurs propri\u00e9taires.<\/p><\/div><\/div>\n<section class=\"compatibility-block mb-4\"><section class=\"compatibility-block mb-4\"><div class=\"product-extra-details hide-below-992\"><table class=\"woocommerce-product-attributes\"><tbody><tr><th colspan=\"2\"><span class=\"text-sm font-medium mb-2\">Compatible avec :<\/span><\/th><\/tr><tr><th>Mod\u00e8le du v\u00e9hicule \u2013 Pr\u00e9fixe du ch\u00e2ssis:<\/th><td><a href=\"https:\/\/damicoline.com\/fr\/boutique\/?vx_brand=PIAGGIO&#038;vx_model=PORTER%20NP6%20MAXXI%20TW3000%201.5%20CNG%20(2021-)&#038;vx_engine=M15KRP&#038;vx_years=2021-\">\ud83d\ude9a PIAGGIO PORTER NP6 MAXXI TW3000 1.5 CNG (2021-) M15KRP (2021-) - ZAPNP6C1C0P, ZAPNP6B1C0P<\/a><\/td><\/tr><\/tbody><\/table><\/div><\/section><\/section>\n","protected":false},"excerpt":{"rendered":"<p>C\u00e2ble de frein de stationnement principal pour Piaggio Porter NP6 TW 3000 Con\u00e7u pour Piaggio Porter NP6 version TW 3000, ce c\u00e2ble de frein principal relie le levier de frein de stationnement aux deux c\u00e2bles secondaires dirig\u00e9s vers les roues arri\u00e8re. Pi\u00e8ce de rechange fiable, id\u00e9ale pour garantir la fonctionnalit\u00e9 et la durabilit\u00e9 du syst\u00e8me<\/p>\n<div class=\"klb-readmore button\"><a class=\"btn link\" href=\"https:\/\/damicoline.com\/fr\/produit\/cable-de-frein-principal-pour-piaggio-porter-np6-tw-3000\/\">Read More <i class=\"klbth-icon-right-arrow\"><\/i><\/a><\/div>\n","protected":false},"featured_media":8382,"template":"","meta":{"_sitemap_exclude":false,"_sitemap_priority":"","_sitemap_frequency":""},"product_brand":[2671],"product_cat":[537,407],"product_tag":[1018,1019],"class_list":{"0":"post-8812","1":"product","2":"type-product","3":"status-publish","4":"has-post-thumbnail","6":"product_brand-foton","7":"product_cat-cables-de-frein","8":"product_cat-systeme-de-freinage","9":"product_tag-wet353030102a0","10":"product_tag-wet353030116a0","12":"first","13":"instock","14":"sale","15":"taxable","16":"shipping-taxable","17":"purchasable","18":"product-type-simple"},"_links":{"self":[{"href":"https:\/\/damicoline.com\/fr\/wp-json\/wp\/v2\/product\/8812","targetHints":{"allow":["GET"]}}],"collection":[{"href":"https:\/\/damicoline.com\/fr\/wp-json\/wp\/v2\/product"}],"about":[{"href":"https:\/\/damicoline.com\/fr\/wp-json\/wp\/v2\/types\/product"}],"wp:featuredmedia":[{"embeddable":true,"href":"https:\/\/damicoline.com\/fr\/wp-json\/wp\/v2\/media\/8382"}],"wp:attachment":[{"href":"https:\/\/damicoline.com\/fr\/wp-json\/wp\/v2\/media?parent=8812"}],"wp:term":[{"taxonomy":"product_brand","embeddable":true,"href":"https:\/\/damicoline.com\/fr\/wp-json\/wp\/v2\/product_brand?post=8812"},{"taxonomy":"product_cat","embeddable":true,"href":"https:\/\/damicoline.com\/fr\/wp-json\/wp\/v2\/product_cat?post=8812"},{"taxonomy":"product_tag","embeddable":true,"href":"https:\/\/damicoline.com\/fr\/wp-json\/wp\/v2\/product_tag?post=8812"}],"curies":[{"name":"wp","href":"https:\/\/api.w.org\/{rel}","templated":true}]}}