{"id":8822,"date":"2025-05-09T16:56:18","date_gmt":"2025-05-09T14:56:18","guid":{"rendered":"https:\/\/damicoline.com\/product\/cavo-secondario-freno-mano-sinistro-piaggio-porter-np6-sw-3070\/"},"modified":"2026-04-22T14:31:26","modified_gmt":"2026-04-22T12:31:26","slug":"cable-de-frein-gauche-np6-sw-2650-et-sw-3070-pour-roue-arriere","status":"publish","type":"product","link":"https:\/\/damicoline.com\/fr\/produit\/cable-de-frein-gauche-np6-sw-2650-et-sw-3070-pour-roue-arriere\/","title":{"rendered":"C\u00e2ble de frein gauche NP6 SW 2650 et SW 3070 pour roue arri\u00e8re"},"content":{"rendered":"<p><strong>C\u00e2ble de frein \u00e0 main secondaire gauche pour Piaggio Porter NP6 SW 2650 et SW 3070<\/strong><\/p>\n<p>Pi\u00e8ce de rechange con\u00e7ue pour <strong>Piaggio Porter NP6 version SW 2650 et SW 3070<\/strong>. Ce <strong>c\u00e2ble secondaire c\u00f4t\u00e9 gauche<\/strong> relie le c\u00e2ble principal, mont\u00e9 sur le levier du frein \u00e0 main, jusqu&#8217;\u00e0 la roue arri\u00e8re gauche. Le c\u00f4t\u00e9 est toujours consid\u00e9r\u00e9 depuis la position assise au volant.<\/p>\n<div class=\"text-sm text-gray-800 font-medium mb-2\"><div class=\"text-sm text-gray-800 font-medium mb-2\"><strong>Codes de r\u00e9f\u00e9rence:<\/strong> WET&#50;&#52;&#48;&#49;&#54;&#48;&#54;&#48;&#49;A0<\/div><\/div>\n<div class=\"oem-box mb-4\"><div class=\"oem-box mb-4\"><p class=\"text-sm text-gray-800 font-medium mb-2\">Type: <strong>OEM (Foton)<\/strong><\/p><p class=\"text-sm text-gray-700 mb-1\">Composant de niveau OEM fabriqu\u00e9 par Foton, conforme aux sp\u00e9cifications d\u2019origine pour un montage correct.<\/p><p class=\"text-xs text-gray-500 mt-2\">Non marqu\u00e9 Piaggio. Les marques appartiennent \u00e0 leurs propri\u00e9taires.<\/p><\/div><\/div>\n<section class=\"compatibility-block mb-4\"><section class=\"compatibility-block mb-4\"><div class=\"product-extra-details hide-below-992\"><table class=\"woocommerce-product-attributes\"><tbody><tr><th colspan=\"2\"><span class=\"text-sm font-medium mb-2\">Compatible avec :<\/span><\/th><\/tr><tr><th>Mod\u00e8le du v\u00e9hicule \u2013 Pr\u00e9fixe du ch\u00e2ssis:<\/th><td><a href=\"https:\/\/damicoline.com\/fr\/boutique\/?vx_brand=PIAGGIO&#038;vx_model=PORTER%20NP6%20STANDARD%20SW2650%201.5%20CNG%20(2021-)&#038;vx_engine=M15KRP&#038;vx_years=2021-\">\ud83d\ude9a PIAGGIO PORTER NP6 STANDARD SW2650 1.5 CNG (2021-) M15KRP (2021-) - ZAPNP6C1A0P, ZAPNP6B1A0P<\/a><\/td><\/tr><tr><th>Mod\u00e8le du v\u00e9hicule \u2013 Pr\u00e9fixe du ch\u00e2ssis:<\/th><td><a href=\"https:\/\/damicoline.com\/fr\/boutique\/?vx_brand=PIAGGIO&#038;vx_model=PORTER%20NP6%20STANDARD%20SW3070%201.5%20CNG%20(2021-)&#038;vx_engine=M15KRP&#038;vx_years=2021-\">\ud83d\ude9a PIAGGIO PORTER NP6 STANDARD SW3070 1.5 CNG (2021-) M15KRP (2021-) - ZAPNP6C1B0P, ZAPNP6B1B0P<\/a><\/td><\/tr><\/tbody><\/table><\/div><\/section><\/section>\n","protected":false},"excerpt":{"rendered":"<p>C\u00e2ble de frein \u00e0 main secondaire gauche pour Piaggio Porter NP6 SW 2650 et SW 3070 Pi\u00e8ce de rechange con\u00e7ue pour Piaggio Porter NP6 version SW 2650 et SW 3070. Ce c\u00e2ble secondaire c\u00f4t\u00e9 gauche relie le c\u00e2ble principal, mont\u00e9 sur le levier du frein \u00e0 main, jusqu&#8217;\u00e0 la roue arri\u00e8re gauche. Le c\u00f4t\u00e9 est<\/p>\n<div class=\"klb-readmore button\"><a class=\"btn link\" href=\"https:\/\/damicoline.com\/fr\/produit\/cable-de-frein-gauche-np6-sw-2650-et-sw-3070-pour-roue-arriere\/\">Read More <i class=\"klbth-icon-right-arrow\"><\/i><\/a><\/div>\n","protected":false},"featured_media":8370,"template":"","meta":{"_sitemap_exclude":false,"_sitemap_priority":"","_sitemap_frequency":""},"product_brand":[],"product_cat":[537,407],"product_tag":[1037],"class_list":{"0":"post-8822","1":"product","2":"type-product","3":"status-publish","4":"has-post-thumbnail","6":"product_cat-cables-de-frein","7":"product_cat-systeme-de-freinage","8":"product_tag-wet240160601a0","10":"first","11":"instock","12":"sale","13":"taxable","14":"shipping-taxable","15":"purchasable","16":"product-type-simple"},"_links":{"self":[{"href":"https:\/\/damicoline.com\/fr\/wp-json\/wp\/v2\/product\/8822","targetHints":{"allow":["GET"]}}],"collection":[{"href":"https:\/\/damicoline.com\/fr\/wp-json\/wp\/v2\/product"}],"about":[{"href":"https:\/\/damicoline.com\/fr\/wp-json\/wp\/v2\/types\/product"}],"wp:featuredmedia":[{"embeddable":true,"href":"https:\/\/damicoline.com\/fr\/wp-json\/wp\/v2\/media\/8370"}],"wp:attachment":[{"href":"https:\/\/damicoline.com\/fr\/wp-json\/wp\/v2\/media?parent=8822"}],"wp:term":[{"taxonomy":"product_brand","embeddable":true,"href":"https:\/\/damicoline.com\/fr\/wp-json\/wp\/v2\/product_brand?post=8822"},{"taxonomy":"product_cat","embeddable":true,"href":"https:\/\/damicoline.com\/fr\/wp-json\/wp\/v2\/product_cat?post=8822"},{"taxonomy":"product_tag","embeddable":true,"href":"https:\/\/damicoline.com\/fr\/wp-json\/wp\/v2\/product_tag?post=8822"}],"curies":[{"name":"wp","href":"https:\/\/api.w.org\/{rel}","templated":true}]}}