{"id":9093,"date":"2025-05-20T18:16:34","date_gmt":"2025-05-20T16:16:34","guid":{"rendered":"https:\/\/damicoline.com\/product\/kit-frizione-3-pezzi-piaggio-porter-euro-6\/"},"modified":"2026-04-22T14:32:05","modified_gmt":"2026-04-22T12:32:05","slug":"kit-embrayage-3-pieces-piaggio-porter-euro-6-complet-top","status":"publish","type":"product","link":"https:\/\/damicoline.com\/fr\/produit\/kit-embrayage-3-pieces-piaggio-porter-euro-6-complet-top\/","title":{"rendered":"Kit embrayage 3 pi\u00e8ces Piaggio Porter Euro 6 complet top"},"content":{"rendered":"<p><strong>Kit embrayage 3 pi\u00e8ces pour Piaggio Porter Euro 6<\/strong><\/p>\n<p>Pi\u00e8ce de rechange compl\u00e8te pour <strong>Piaggio Porter Euro 6<\/strong>, compos\u00e9e d&#8217;un disque d&#8217;embrayage, d&#8217;un couvercle d&#8217;embrayage et d&#8217;une but\u00e9e de d\u00e9brayage. Con\u00e7u pour garantir durabilit\u00e9, efficacit\u00e9 et compatibilit\u00e9 parfaite avec les versions Euro 6.<\/p>\n<div class=\"text-sm text-gray-800 font-medium mb-2\"><div class=\"text-sm text-gray-800 font-medium mb-2\"><strong>Codes de r\u00e9f\u00e9rence:<\/strong> 1A005148 \u2013 1A005149 \u2013 1A005162<\/div><\/div>\n<div class=\"oem-box mb-4\"><div class=\"oem-box mb-4\"><p class=\"text-sm text-gray-800 font-medium mb-2\">Type: <strong>OEM (Foton)<\/strong><\/p><p class=\"text-sm text-gray-700 mb-1\">Composant de niveau OEM fabriqu\u00e9 par Foton, conforme aux sp\u00e9cifications d\u2019origine pour un montage correct.<\/p><p class=\"text-xs text-gray-500 mt-2\">Non marqu\u00e9 Piaggio. Les marques appartiennent \u00e0 leurs propri\u00e9taires.<\/p><\/div><\/div>\n<section class=\"compatibility-block mb-4\"><section class=\"compatibility-block mb-4\"><div class=\"product-extra-details hide-below-992\"><table class=\"woocommerce-product-attributes\"><tbody><tr><th colspan=\"2\"><span class=\"text-sm font-medium mb-2\">Compatible avec :<\/span><\/th><\/tr><tr><th>Mod\u00e8le du v\u00e9hicule \u2013 Pr\u00e9fixe du ch\u00e2ssis:<\/th><td><a href=\"https:\/\/damicoline.com\/fr\/boutique\/?vx_brand=PIAGGIO&#038;vx_model=PORTER%20Maxxi%201.3%20LPG%20(2015-2020)&#038;vx_engine=DAM13R&#038;vx_years=2015-2020\">\ud83d\ude9a PIAGGIO PORTER Maxxi 1.3 LPG (2015-2020) DAM13R (2015-2020) - ZAPS90AG, ZAPS90DG, ZAPS90RG<\/a><\/td><\/tr><tr><th>Mod\u00e8le du v\u00e9hicule \u2013 Pr\u00e9fixe du ch\u00e2ssis:<\/th><td><a href=\"https:\/\/damicoline.com\/fr\/boutique\/?vx_brand=PIAGGIO&#038;vx_model=PORTER%20Pianale%20piatto\/Telaio%201.3%20LPG%20(2015-2020)&#038;vx_engine=DAM13R&#038;vx_years=2015-2020\">\ud83d\ude9a PIAGGIO PORTER Pianale piatto\/Telaio 1.3 LPG (2015-2020) DAM13R (2015-2020) - ZAPS89CGW, ZAPS89PGW, ZAPS90VGW, ZAPS90TGW, ZAPS90PGW, ZAPS90CGW<\/a><\/td><\/tr><\/tbody><\/table><\/div><\/section><\/section>\n","protected":false},"excerpt":{"rendered":"<p>Kit embrayage 3 pi\u00e8ces pour Piaggio Porter Euro 6 Pi\u00e8ce de rechange compl\u00e8te pour Piaggio Porter Euro 6, compos\u00e9e d&#8217;un disque d&#8217;embrayage, d&#8217;un couvercle d&#8217;embrayage et d&#8217;une but\u00e9e de d\u00e9brayage. Con\u00e7u pour garantir durabilit\u00e9, efficacit\u00e9 et compatibilit\u00e9 parfaite avec les versions Euro 6.<\/p>\n","protected":false},"featured_media":8989,"template":"","meta":{"_sitemap_exclude":false,"_sitemap_priority":"","_sitemap_frequency":""},"product_brand":[2671],"product_cat":[562,417],"product_tag":[1088,1089,697],"class_list":{"0":"post-9093","1":"product","2":"type-product","3":"status-publish","4":"has-post-thumbnail","6":"product_brand-foton","7":"product_cat-embrayage","8":"product_cat-pieces-du-moteur","9":"product_tag-1a005148","10":"product_tag-1a005149","11":"product_tag-1a005162","13":"first","14":"instock","15":"sale","16":"taxable","17":"shipping-taxable","18":"purchasable","19":"product-type-simple"},"_links":{"self":[{"href":"https:\/\/damicoline.com\/fr\/wp-json\/wp\/v2\/product\/9093","targetHints":{"allow":["GET"]}}],"collection":[{"href":"https:\/\/damicoline.com\/fr\/wp-json\/wp\/v2\/product"}],"about":[{"href":"https:\/\/damicoline.com\/fr\/wp-json\/wp\/v2\/types\/product"}],"wp:featuredmedia":[{"embeddable":true,"href":"https:\/\/damicoline.com\/fr\/wp-json\/wp\/v2\/media\/8989"}],"wp:attachment":[{"href":"https:\/\/damicoline.com\/fr\/wp-json\/wp\/v2\/media?parent=9093"}],"wp:term":[{"taxonomy":"product_brand","embeddable":true,"href":"https:\/\/damicoline.com\/fr\/wp-json\/wp\/v2\/product_brand?post=9093"},{"taxonomy":"product_cat","embeddable":true,"href":"https:\/\/damicoline.com\/fr\/wp-json\/wp\/v2\/product_cat?post=9093"},{"taxonomy":"product_tag","embeddable":true,"href":"https:\/\/damicoline.com\/fr\/wp-json\/wp\/v2\/product_tag?post=9093"}],"curies":[{"name":"wp","href":"https:\/\/api.w.org\/{rel}","templated":true}]}}