{"id":9298,"date":"2025-05-22T16:03:06","date_gmt":"2025-05-22T14:03:06","guid":{"rendered":"https:\/\/damicoline.com\/product\/ammortizzatore-anteriore-sinistro-piaggio-quargo\/"},"modified":"2025-05-23T18:19:14","modified_gmt":"2025-05-23T16:19:14","slug":"amortisseur-avant-gauche-piaggio-quargo-resistant","status":"publish","type":"product","link":"https:\/\/damicoline.com\/fr\/produit\/amortisseur-avant-gauche-piaggio-quargo-resistant\/","title":{"rendered":"Amortisseur avant gauche Piaggio Quargo r\u00e9sistant"},"content":{"rendered":"<p><strong>Amortisseur avant gauche pour Piaggio Quargo<\/strong><\/p>\n<p>Pi\u00e8ce de rechange con\u00e7ue pour la <strong>suspension avant gauche<\/strong> du Piaggio Quargo. Id\u00e9al pour restaurer la bonne amortissement et stabilit\u00e9 du v\u00e9hicule. Le c\u00f4t\u00e9 gauche correspond toujours au c\u00f4t\u00e9 conducteur, assis au volant.<\/p>\n<div class=\"text-sm text-gray-800 font-medium mb-2\"><div class=\"text-sm text-gray-800 font-medium mb-2\"><strong>Codes de r\u00e9f\u00e9rence:<\/strong> 56573R<\/div><\/div>\n<div class=\"oem-box mb-4\">\t\t\t\t<div class=\"oem-box mb-4\">\n\t\t\t\t\t<p class=\"text-sm text-gray-800 font-medium mb-2\">Type: <strong>Aftermarket<\/strong><\/p>\n\t\t\t\t\t<p class=\"text-sm text-gray-700 mb-1\">Composant adaptable de qualit\u00e9 professionnelle, compatible avec les v\u00e9hicules indiqu\u00e9s sur cette page.<\/p>\n\t\t\t\t\t<p class=\"text-xs text-gray-500 mt-2\">*Non fabriqu\u00e9 ni marqu\u00e9 par Piaggio. Marques d\u00e9tenues par leurs propri\u00e9taires.<\/p>\n\t\t\t\t<\/div>\n\t\t\t<\/div>\n<section class=\"compatibility-block mb-4\"><section class=\"compatibility-block mb-4\"><div class=\"product-extra-details hide-below-992\"><table class=\"woocommerce-product-attributes\"><tbody><tr><th colspan=\"2\"><span class=\"text-sm font-medium mb-2\">Compatible avec :<\/span><\/th><\/tr><tr><th>Mod\u00e8le du v\u00e9hicule \u2013 Pr\u00e9fixe du ch\u00e2ssis:<\/th><td><a href=\"https:\/\/damicoline.com\/fr\/boutique\/?vx_brand=PIAGGIO&#038;vx_model=QUARGO%20702%20Diesel%20(2004-2006)&#038;vx_engine=LDW702\/P&#038;vx_years=2004-2006\">\ud83d\ude9a PIAGGIO QUARGO 702 Diesel (2004-2006) LDW702\/P (2004-2006) - ZAPP10000<\/a><\/td><\/tr><tr><th>Mod\u00e8le du v\u00e9hicule \u2013 Pr\u00e9fixe du ch\u00e2ssis:<\/th><td><a href=\"https:\/\/damicoline.com\/fr\/boutique\/?vx_brand=PIAGGIO&#038;vx_model=QUARGO%20702%20Diesel%20(2007-2017)&#038;vx_engine=LDW702\/P&#038;vx_years=2007-2017\">\ud83d\ude9a PIAGGIO QUARGO 702 Diesel (2007-2017) LDW702\/P (2007-2017) - ZAP4P10000<\/a><\/td><\/tr><\/tbody><\/table><\/div><\/section><\/section>\n","protected":false},"excerpt":{"rendered":"<p>Amortisseur avant gauche pour Piaggio Quargo Pi\u00e8ce de rechange con\u00e7ue pour la suspension avant gauche du Piaggio Quargo. Id\u00e9al pour restaurer la bonne amortissement et stabilit\u00e9 du v\u00e9hicule. Le c\u00f4t\u00e9 gauche correspond toujours au c\u00f4t\u00e9 conducteur, assis au volant.<\/p>\n","protected":false},"featured_media":9154,"template":"","meta":{"_sitemap_exclude":false,"_sitemap_priority":"","_sitemap_frequency":""},"product_brand":[2670],"product_cat":[442,432],"product_tag":[1202],"class_list":{"0":"post-9298","1":"product","2":"type-product","3":"status-publish","4":"has-post-thumbnail","6":"product_brand-aftermarket","7":"product_cat-amortisseurs-avant","8":"product_cat-pieces-de-direction","9":"product_tag-56573r","11":"first","12":"instock","13":"sale","14":"taxable","15":"shipping-taxable","16":"purchasable","17":"product-type-simple"},"_links":{"self":[{"href":"https:\/\/damicoline.com\/fr\/wp-json\/wp\/v2\/product\/9298","targetHints":{"allow":["GET"]}}],"collection":[{"href":"https:\/\/damicoline.com\/fr\/wp-json\/wp\/v2\/product"}],"about":[{"href":"https:\/\/damicoline.com\/fr\/wp-json\/wp\/v2\/types\/product"}],"wp:featuredmedia":[{"embeddable":true,"href":"https:\/\/damicoline.com\/fr\/wp-json\/wp\/v2\/media\/9154"}],"wp:attachment":[{"href":"https:\/\/damicoline.com\/fr\/wp-json\/wp\/v2\/media?parent=9298"}],"wp:term":[{"taxonomy":"product_brand","embeddable":true,"href":"https:\/\/damicoline.com\/fr\/wp-json\/wp\/v2\/product_brand?post=9298"},{"taxonomy":"product_cat","embeddable":true,"href":"https:\/\/damicoline.com\/fr\/wp-json\/wp\/v2\/product_cat?post=9298"},{"taxonomy":"product_tag","embeddable":true,"href":"https:\/\/damicoline.com\/fr\/wp-json\/wp\/v2\/product_tag?post=9298"}],"curies":[{"name":"wp","href":"https:\/\/api.w.org\/{rel}","templated":true}]}}