{"id":9303,"date":"2025-05-22T16:12:01","date_gmt":"2025-05-22T14:12:01","guid":{"rendered":"https:\/\/damicoline.com\/product\/guarnizione-punterie-piaggio-porter-1-3-16v-2-bobine\/"},"modified":"2025-05-23T18:21:24","modified_gmt":"2025-05-23T16:21:24","slug":"joint-de-culbuteurs-piaggio-porter-1-3-16v-2-bobines-precis","status":"publish","type":"product","link":"https:\/\/damicoline.com\/fr\/produit\/joint-de-culbuteurs-piaggio-porter-1-3-16v-2-bobines-precis\/","title":{"rendered":"Joint de culbuteurs Piaggio Porter 1.3 16V 2 bobines pr\u00e9cis"},"content":{"rendered":"<p><strong>Joint de culbuteurs pour Piaggio Porter 1.3 16V 48kW (2 bobines)<\/strong><\/p>\n<p>Pi\u00e8ce de rechange sp\u00e9cifique pour <strong>Piaggio Porter 1.3 16V 48kW<\/strong> avec <strong>moteur \u00e0 2 bobines<\/strong>. Ce joint de culbuteurs assure une \u00e9tanch\u00e9it\u00e9 parfaite du couvercle de soupapes. Non compatible avec les moteurs \u00e0 4 bobines : v\u00e9rifiez le type avant l&#8217;achat.<\/p>\n<div class=\"text-sm text-gray-800 font-medium mb-2\"><div class=\"text-sm text-gray-800 font-medium mb-2\"><strong>Codes de r\u00e9f\u00e9rence:<\/strong>&#32;&#49;&#49;&#50;&#49;&#51;&#56;&#55;&#49;&#48;&#51;<\/div><\/div>\n<div class=\"oem-box mb-4\">\t\t\t\t<div class=\"oem-box mb-4\">\n\t\t\t\t\t<p class=\"text-sm text-gray-800 font-medium mb-2\">Type: <strong>Aftermarket<\/strong><\/p>\n\t\t\t\t\t<p class=\"text-sm text-gray-700 mb-1\">Composant adaptable de qualit\u00e9 professionnelle, compatible avec les v\u00e9hicules indiqu\u00e9s sur cette page.<\/p>\n\t\t\t\t\t<p class=\"text-xs text-gray-500 mt-2\">*Non fabriqu\u00e9 ni marqu\u00e9 par Piaggio. Marques d\u00e9tenues par leurs propri\u00e9taires.<\/p>\n\t\t\t\t<\/div>\n\t\t\t<\/div>\n<section class=\"compatibility-block mb-4\"><section class=\"compatibility-block mb-4\"><div class=\"product-extra-details hide-below-992\"><table class=\"woocommerce-product-attributes\"><tbody><tr><th colspan=\"2\"><span class=\"text-sm font-medium mb-2\">Compatible avec :<\/span><\/th><\/tr><tr><th>Mod\u00e8le du v\u00e9hicule \u2013 Pr\u00e9fixe du ch\u00e2ssis:<\/th><td><a href=\"https:\/\/damicoline.com\/fr\/boutique\/?vx_brand=PIAGGIO&#038;vx_model=PORTER%20Pianale%20piatto\/Telaio%201.3%2016V%20(1998-2009)&#038;vx_engine=HC-EL&#038;vx_years=1998-2009\">\ud83d\ude9a PIAGGIO PORTER Pianale piatto\/Telaio 1.3 16V (1998-2009) HC-EL (1998-2009) - ZAPS85000, ZAPS85V00<\/a><\/td><\/tr><\/tbody><\/table><\/div><\/section><\/section>\n","protected":false},"excerpt":{"rendered":"<p>Joint de culbuteurs pour Piaggio Porter 1.3 16V 48kW (2 bobines) Pi\u00e8ce de rechange sp\u00e9cifique pour Piaggio Porter 1.3 16V 48kW avec moteur \u00e0 2 bobines. Ce joint de culbuteurs assure une \u00e9tanch\u00e9it\u00e9 parfaite du couvercle de soupapes. Non compatible avec les moteurs \u00e0 4 bobines : v\u00e9rifiez le type avant l&#8217;achat.<\/p>\n","protected":false},"featured_media":9126,"template":"","meta":{"_sitemap_exclude":false,"_sitemap_priority":"","_sitemap_frequency":""},"product_brand":[2670],"product_cat":[1122,417],"product_tag":[1207],"class_list":{"0":"post-9303","1":"product","2":"type-product","3":"status-publish","4":"has-post-thumbnail","6":"product_brand-aftermarket","7":"product_cat-joints-moteur","8":"product_cat-pieces-du-moteur","9":"product_tag-1207","11":"first","12":"instock","13":"sale","14":"taxable","15":"shipping-taxable","16":"purchasable","17":"product-type-simple"},"_links":{"self":[{"href":"https:\/\/damicoline.com\/fr\/wp-json\/wp\/v2\/product\/9303","targetHints":{"allow":["GET"]}}],"collection":[{"href":"https:\/\/damicoline.com\/fr\/wp-json\/wp\/v2\/product"}],"about":[{"href":"https:\/\/damicoline.com\/fr\/wp-json\/wp\/v2\/types\/product"}],"wp:featuredmedia":[{"embeddable":true,"href":"https:\/\/damicoline.com\/fr\/wp-json\/wp\/v2\/media\/9126"}],"wp:attachment":[{"href":"https:\/\/damicoline.com\/fr\/wp-json\/wp\/v2\/media?parent=9303"}],"wp:term":[{"taxonomy":"product_brand","embeddable":true,"href":"https:\/\/damicoline.com\/fr\/wp-json\/wp\/v2\/product_brand?post=9303"},{"taxonomy":"product_cat","embeddable":true,"href":"https:\/\/damicoline.com\/fr\/wp-json\/wp\/v2\/product_cat?post=9303"},{"taxonomy":"product_tag","embeddable":true,"href":"https:\/\/damicoline.com\/fr\/wp-json\/wp\/v2\/product_tag?post=9303"}],"curies":[{"name":"wp","href":"https:\/\/api.w.org\/{rel}","templated":true}]}}