{"id":9559,"date":"2025-05-28T13:58:50","date_gmt":"2025-05-28T11:58:50","guid":{"rendered":"https:\/\/damicoline.com\/product\/kit-distribuzione-completo-quargo-porter-ldw702-ldw1404\/"},"modified":"2025-05-31T18:55:58","modified_gmt":"2025-05-31T16:55:58","slug":"kit-de-distribution-complet-pour-piaggio-quargo-et-porter-diesel-ldw","status":"publish","type":"product","link":"https:\/\/damicoline.com\/fr\/produit\/kit-de-distribution-complet-pour-piaggio-quargo-et-porter-diesel-ldw\/","title":{"rendered":"Kit de distribution complet pour Piaggio Quargo et Porter Diesel LDW"},"content":{"rendered":"<p><strong>Kit de distribution complet pour Piaggio Quargo LDW702\/P et Porter Diesel LDW-1404\/P<\/strong><\/p>\n<p>Pi\u00e8ce de rechange compatible avec <strong>Piaggio Quargo LDW702\/P<\/strong> et <strong>Porter Diesel LDW-1404\/P<\/strong>. Ce <strong>kit de distribution complet<\/strong> comprend tout le n\u00e9cessaire pour le remplacement de l&#8217;ensemble du syst\u00e8me de distribution :<\/p>\n<ul>\n<li>\u2705 Pompe \u00e0 eau avec joints<\/li>\n<li>\u2705 Courroie de distribution<\/li>\n<li>\u2705 Roulement tendeur<\/li>\n<\/ul>\n<p>Pi\u00e8ce de rechange fiable et r\u00e9sistante, id\u00e9ale pour garantir le bon fonctionnement du moteur dans le temps.<\/p>\n<div class=\"text-sm text-gray-800 font-medium mb-2\"><div class=\"text-sm text-gray-800 font-medium mb-2\"><strong>Codes de r\u00e9f\u00e9rence:<\/strong> 493070 \u2013 493105 \u2013 493169<\/div><\/div>\n<div class=\"oem-box mb-4\">\t\t\t\t<div class=\"oem-box mb-4\">\n\t\t\t\t\t<p class=\"text-sm text-gray-800 font-medium mb-2\">Type: <strong>Aftermarket<\/strong><\/p>\n\t\t\t\t\t<p class=\"text-sm text-gray-700 mb-1\">Composant adaptable de qualit\u00e9 professionnelle, compatible avec les v\u00e9hicules indiqu\u00e9s sur cette page.<\/p>\n\t\t\t\t\t<p class=\"text-xs text-gray-500 mt-2\">*Non fabriqu\u00e9 ni marqu\u00e9 par Piaggio. Marques d\u00e9tenues par leurs propri\u00e9taires.<\/p>\n\t\t\t\t<\/div>\n\t\t\t<\/div>\n<section class=\"compatibility-block mb-4\"><section class=\"compatibility-block mb-4\"><div class=\"product-extra-details hide-below-992\"><table class=\"woocommerce-product-attributes\"><tbody><tr><th colspan=\"2\"><span class=\"text-sm font-medium mb-2\">Compatible avec :<\/span><\/th><\/tr><tr><th>Mod\u00e8le du v\u00e9hicule \u2013 Pr\u00e9fixe du ch\u00e2ssis:<\/th><td><a href=\"https:\/\/damicoline.com\/fr\/boutique\/?vx_brand=PIAGGIO&#038;vx_model=PORTER%20Pianale%20piatto%201.4%20D%20(1998-2005)&#038;vx_engine=LDW1404\/P&#038;vx_years=1998-2005\">\ud83d\ude9a PIAGGIO PORTER Pianale piatto 1.4 D (1998-2005) LDW1404\/P (1998-2005) - ZAPS&#56;&#53;&#48;&#48;&#48;&#48;&#48;&#52;, ZAPS&#56;&#53;&#48;&#48;&#48;&#48;&#48;&#55;, ZAPS85V00004, ZAPS85V00007<\/a><\/td><\/tr><tr><th>Mod\u00e8le du v\u00e9hicule \u2013 Pr\u00e9fixe du ch\u00e2ssis:<\/th><td><a href=\"https:\/\/damicoline.com\/fr\/boutique\/?vx_brand=PIAGGIO&#038;vx_model=QUARGO%20702%20Diesel%20(2004-2006)&#038;vx_engine=LDW702\/P&#038;vx_years=2004-2006\">\ud83d\ude9a PIAGGIO QUARGO 702 Diesel (2004-2006) LDW702\/P (2004-2006) - ZAPP10000<\/a><\/td><\/tr><tr><th>Mod\u00e8le du v\u00e9hicule \u2013 Pr\u00e9fixe du ch\u00e2ssis:<\/th><td><a href=\"https:\/\/damicoline.com\/fr\/boutique\/?vx_brand=PIAGGIO&#038;vx_model=QUARGO%20702%20Diesel%20(2007-2017)&#038;vx_engine=LDW702\/P&#038;vx_years=2007-2017\">\ud83d\ude9a PIAGGIO QUARGO 702 Diesel (2007-2017) LDW702\/P (2007-2017) - ZAP4P10000<\/a><\/td><\/tr><\/tbody><\/table><\/div><\/section><\/section>\n","protected":false},"excerpt":{"rendered":"<p>Kit de distribution complet pour Piaggio Quargo LDW702\/P et Porter Diesel LDW-1404\/P Pi\u00e8ce de rechange compatible avec Piaggio Quargo LDW702\/P et Porter Diesel LDW-1404\/P. Ce kit de distribution complet comprend tout le n\u00e9cessaire pour le remplacement de l&#8217;ensemble du syst\u00e8me de distribution : \u2705 Pompe \u00e0 eau avec joints \u2705 Courroie de distribution \u2705 Roulement<\/p>\n<div class=\"klb-readmore button\"><a class=\"btn link\" href=\"https:\/\/damicoline.com\/fr\/produit\/kit-de-distribution-complet-pour-piaggio-quargo-et-porter-diesel-ldw\/\">Read More <i class=\"klbth-icon-right-arrow\"><\/i><\/a><\/div>\n","protected":false},"featured_media":9437,"template":"","meta":{"_sitemap_exclude":false,"_sitemap_priority":"","_sitemap_frequency":""},"product_brand":[2670],"product_cat":[422,417],"product_tag":[1287,1288,942],"class_list":{"0":"post-9559","1":"product","2":"type-product","3":"status-publish","4":"has-post-thumbnail","6":"product_brand-aftermarket","7":"product_cat-composants-de-distribution","8":"product_cat-pieces-du-moteur","9":"product_tag-1287","10":"product_tag-1288","11":"product_tag-942","13":"first","14":"outofstock","15":"sale","16":"taxable","17":"shipping-taxable","18":"purchasable","19":"product-type-simple"},"_links":{"self":[{"href":"https:\/\/damicoline.com\/fr\/wp-json\/wp\/v2\/product\/9559","targetHints":{"allow":["GET"]}}],"collection":[{"href":"https:\/\/damicoline.com\/fr\/wp-json\/wp\/v2\/product"}],"about":[{"href":"https:\/\/damicoline.com\/fr\/wp-json\/wp\/v2\/types\/product"}],"wp:featuredmedia":[{"embeddable":true,"href":"https:\/\/damicoline.com\/fr\/wp-json\/wp\/v2\/media\/9437"}],"wp:attachment":[{"href":"https:\/\/damicoline.com\/fr\/wp-json\/wp\/v2\/media?parent=9559"}],"wp:term":[{"taxonomy":"product_brand","embeddable":true,"href":"https:\/\/damicoline.com\/fr\/wp-json\/wp\/v2\/product_brand?post=9559"},{"taxonomy":"product_cat","embeddable":true,"href":"https:\/\/damicoline.com\/fr\/wp-json\/wp\/v2\/product_cat?post=9559"},{"taxonomy":"product_tag","embeddable":true,"href":"https:\/\/damicoline.com\/fr\/wp-json\/wp\/v2\/product_tag?post=9559"}],"curies":[{"name":"wp","href":"https:\/\/api.w.org\/{rel}","templated":true}]}}