{"id":9564,"date":"2025-05-29T16:06:40","date_gmt":"2025-05-29T14:06:40","guid":{"rendered":"https:\/\/damicoline.com\/product\/kit-mozzo-completo-abs-piaggio-porter\/"},"modified":"2025-05-31T18:58:06","modified_gmt":"2025-05-31T16:58:06","slug":"kit-moyeu-complet-abs-piaggio-porter-hors-maxxi-precis","status":"publish","type":"product","link":"https:\/\/damicoline.com\/fr\/produit\/kit-moyeu-complet-abs-piaggio-porter-hors-maxxi-precis\/","title":{"rendered":"Kit moyeu complet ABS Piaggio Porter (hors Maxxi) pr\u00e9cis"},"content":{"rendered":"<p><strong>Kit moyeu complet avec ABS pour Piaggio Porter (hors Maxxi)<\/strong><\/p>\n<p>Pi\u00e8ce de rechange compatible avec <strong>les mod\u00e8les Piaggio Porter \u00e9quip\u00e9s du syst\u00e8me ABS<\/strong>, \u00e0 l&#8217;exception de la version Maxxi. Le kit permet un remplacement complet et s\u00e9curis\u00e9 de l&#8217;ensemble de la roue avant.<\/p>\n<p><strong>Contenu du kit :<\/strong><\/p>\n<ul>\n<li>1 moyeu de roue<\/li>\n<li>1 axe fus\u00e9e moyeu de roue avec roue dent\u00e9e ABS<\/li>\n<li>2 roulements de haute qualit\u00e9<\/li>\n<li>1 joint d&#8217;\u00e9tanch\u00e9it\u00e9 externe<\/li>\n<li>1 joint d&#8217;\u00e9tanch\u00e9it\u00e9 interne<\/li>\n<\/ul>\n<p>Solution id\u00e9ale pour la restauration de l&#8217;ensemble de la roue avec capteur ABS int\u00e9gr\u00e9, con\u00e7ue pour la durabilit\u00e9, la pr\u00e9cision et une compatibilit\u00e9 parfaite.<\/p>\n<div class=\"text-sm text-gray-800 font-medium mb-2\"><div class=\"text-sm text-gray-800 font-medium mb-2\"><strong>Codes de r\u00e9f\u00e9rence:<\/strong> 4350287Z01000 \u2013 56593R6 \u2013&#32;&#57;&#48;&#48;&#52;&#51;&#54;&#51;&#50;&#52;&#50;&#48;&#48;0<\/div><\/div>\n<div class=\"oem-box mb-4\">\t\t\t\t<div class=\"oem-box mb-4\">\n\t\t\t\t\t<p class=\"text-sm text-gray-800 font-medium mb-2\">Type: <strong>Aftermarket<\/strong><\/p>\n\t\t\t\t\t<p class=\"text-sm text-gray-700 mb-1\">Composant adaptable de qualit\u00e9 professionnelle, compatible avec les v\u00e9hicules indiqu\u00e9s sur cette page.<\/p>\n\t\t\t\t\t<p class=\"text-xs text-gray-500 mt-2\">*Non fabriqu\u00e9 ni marqu\u00e9 par Piaggio. Marques d\u00e9tenues par leurs propri\u00e9taires.<\/p>\n\t\t\t\t<\/div>\n\t\t\t<\/div>\n<section class=\"compatibility-block mb-4\"><section class=\"compatibility-block mb-4\"><div class=\"product-extra-details hide-below-992\"><table class=\"woocommerce-product-attributes\"><tbody><tr><th colspan=\"2\"><span class=\"text-sm font-medium mb-2\">Compatible avec :<\/span><\/th><\/tr><tr><th>Mod\u00e8le du v\u00e9hicule \u2013 Pr\u00e9fixe du ch\u00e2ssis:<\/th><td><a href=\"https:\/\/damicoline.com\/fr\/boutique\/?vx_brand=PIAGGIO&#038;vx_model=PORTER%20Pianale%20piatto\/Telaio%201.2%20D%20(2010-2015)&#038;vx_engine=P120&#038;vx_years=2010-2015\">\ud83d\ude9a PIAGGIO PORTER Pianale piatto\/Telaio 1.2 D (2010-2015) P120 (2010-2015) - ZAPS90CKW, ZAPS90PKW, ZAPS90TKW, ZAPS90VKW<\/a><\/td><\/tr><tr><th>Mod\u00e8le du v\u00e9hicule \u2013 Pr\u00e9fixe du ch\u00e2ssis:<\/th><td><a href=\"https:\/\/damicoline.com\/fr\/boutique\/?vx_brand=PIAGGIO&#038;vx_model=PORTER%20Pianale%20piatto\/Telaio%201.3%20(2010-2015)&#038;vx_engine=DA471QLR&#038;vx_years=2010-2015\">\ud83d\ude9a PIAGGIO PORTER Pianale piatto\/Telaio 1.3 (2010-2015) DA471QLR (2010-2015) - ZAPS90CJ, ZAPS90PJ, ZAPS90TJ, ZAPS90VJ<\/a><\/td><\/tr><tr><th>Mod\u00e8le du v\u00e9hicule \u2013 Pr\u00e9fixe du ch\u00e2ssis:<\/th><td><a href=\"https:\/\/damicoline.com\/fr\/boutique\/?vx_brand=PIAGGIO&#038;vx_model=PORTER%20Pianale%20piatto\/Telaio%201.3%20LPG%20(2015-2020)&#038;vx_engine=DAM13R&#038;vx_years=2015-2020\">\ud83d\ude9a PIAGGIO PORTER Pianale piatto\/Telaio 1.3 LPG (2015-2020) DAM13R (2015-2020) - ZAPS89CGW, ZAPS89PGW, ZAPS90VGW, ZAPS90TGW, ZAPS90PGW, ZAPS90CGW<\/a><\/td><\/tr><\/tbody><\/table><\/div><\/section><\/section>\n","protected":false},"excerpt":{"rendered":"<p>Kit moyeu complet avec ABS pour Piaggio Porter (hors Maxxi) Pi\u00e8ce de rechange compatible avec les mod\u00e8les Piaggio Porter \u00e9quip\u00e9s du syst\u00e8me ABS, \u00e0 l&#8217;exception de la version Maxxi. Le kit permet un remplacement complet et s\u00e9curis\u00e9 de l&#8217;ensemble de la roue avant. Contenu du kit : 1 moyeu de roue 1 axe fus\u00e9e moyeu<\/p>\n<div class=\"klb-readmore button\"><a class=\"btn link\" href=\"https:\/\/damicoline.com\/fr\/produit\/kit-moyeu-complet-abs-piaggio-porter-hors-maxxi-precis\/\">Read More <i class=\"klbth-icon-right-arrow\"><\/i><\/a><\/div>\n","protected":false},"featured_media":9445,"template":"","meta":{"_sitemap_exclude":false,"_sitemap_priority":"","_sitemap_frequency":""},"product_brand":[2670],"product_cat":[437,432],"product_tag":[570,655,572],"class_list":{"0":"post-9564","1":"product","2":"type-product","3":"status-publish","4":"has-post-thumbnail","6":"product_brand-aftermarket","7":"product_cat-essieu-avant","8":"product_cat-pieces-de-direction","9":"product_tag-4350287z01000","10":"product_tag-56593r6","11":"product_tag-572","13":"first","14":"instock","15":"sale","16":"taxable","17":"shipping-taxable","18":"purchasable","19":"product-type-simple"},"_links":{"self":[{"href":"https:\/\/damicoline.com\/fr\/wp-json\/wp\/v2\/product\/9564","targetHints":{"allow":["GET"]}}],"collection":[{"href":"https:\/\/damicoline.com\/fr\/wp-json\/wp\/v2\/product"}],"about":[{"href":"https:\/\/damicoline.com\/fr\/wp-json\/wp\/v2\/types\/product"}],"wp:featuredmedia":[{"embeddable":true,"href":"https:\/\/damicoline.com\/fr\/wp-json\/wp\/v2\/media\/9445"}],"wp:attachment":[{"href":"https:\/\/damicoline.com\/fr\/wp-json\/wp\/v2\/media?parent=9564"}],"wp:term":[{"taxonomy":"product_brand","embeddable":true,"href":"https:\/\/damicoline.com\/fr\/wp-json\/wp\/v2\/product_brand?post=9564"},{"taxonomy":"product_cat","embeddable":true,"href":"https:\/\/damicoline.com\/fr\/wp-json\/wp\/v2\/product_cat?post=9564"},{"taxonomy":"product_tag","embeddable":true,"href":"https:\/\/damicoline.com\/fr\/wp-json\/wp\/v2\/product_tag?post=9564"}],"curies":[{"name":"wp","href":"https:\/\/api.w.org\/{rel}","templated":true}]}}