{"id":9590,"date":"2025-05-30T17:08:46","date_gmt":"2025-05-30T15:08:46","guid":{"rendered":"https:\/\/damicoline.com\/product\/kit-catena-distribuzione-piaggio-porter-euro-6-np6\/"},"modified":"2025-06-01T12:06:45","modified_gmt":"2025-06-01T10:06:45","slug":"kit-chaine-de-distribution-piaggio-porter-euro-6-et-np6","status":"publish","type":"product","link":"https:\/\/damicoline.com\/fr\/produit\/kit-chaine-de-distribution-piaggio-porter-euro-6-et-np6\/","title":{"rendered":"Kit cha\u00eene de distribution Piaggio Porter Euro 6 et NP6"},"content":{"rendered":"<p><strong>Kit cha\u00eene de distribution pour Piaggio Porter Euro 6 et NP6<\/strong><\/p>\n<p>Ce kit est <strong>compatible \u00e0 la fois avec Piaggio Porter Euro 6<\/strong> et avec <strong>Porter NP6<\/strong>. Il contient tous les composants n\u00e9cessaires pour une intervention compl\u00e8te et s\u00e9curis\u00e9e sur la distribution :<\/p>\n<ul>\n<li>\u2705 <strong>1A005545<\/strong> \u2013 Tendeur de cha\u00eene<\/li>\n<li>\u2705 <strong>1A005546<\/strong> \u2013 Patin tendeur de cha\u00eene fixe<\/li>\n<li>\u2705 <strong>1A005549<\/strong> \u2013 Patin tendeur de cha\u00eene mobile complet<\/li>\n<li>\u2705 <strong>1A005548<\/strong> \u2013 Cha\u00eene de distribution<\/li>\n<\/ul>\n<p>Id\u00e9al pour garantir fiabilit\u00e9 et durabilit\u00e9 sur <strong>les deux mod\u00e8les<\/strong>, avec une compatibilit\u00e9 parfaite et des mat\u00e9riaux r\u00e9sistants.<\/p>\n<div class=\"text-sm text-gray-800 font-medium mb-2\"><div class=\"text-sm text-gray-800 font-medium mb-2\"><strong>Codes de r\u00e9f\u00e9rence:<\/strong> 1A005545 \u2013 1A005546 \u2013 1A005548 \u2013 1A005549<\/div><\/div>\n<div class=\"oem-box mb-4\">\t\t\t\t<div class=\"oem-box mb-4\">\n\t\t\t\t\t<p class=\"text-sm text-gray-800 font-medium mb-2\">Type: <strong>OEM (Foton)<\/strong><\/p>\n\t\t\t\t\t<p class=\"text-sm text-gray-700 mb-1\">Composant de niveau OEM fabriqu\u00e9 par <strong>Foton<\/strong>, conforme aux sp\u00e9cifications d\u2019origine pour un montage correct.<\/p>\n\t\t\t\t\t<p class=\"text-xs text-gray-500 mt-2\">*Non marqu\u00e9 Piaggio. Les marques appartiennent \u00e0 leurs propri\u00e9taires.<\/p>\n\t\t\t\t<\/div>\n\t\t\t<\/div>\n<section class=\"compatibility-block mb-4\"><section class=\"compatibility-block mb-4\"><div class=\"product-extra-details hide-below-992\"><table class=\"woocommerce-product-attributes\"><tbody><tr><th colspan=\"2\"><span class=\"text-sm font-medium mb-2\">Compatible avec :<\/span><\/th><\/tr><tr><th>Mod\u00e8le du v\u00e9hicule \u2013 Pr\u00e9fixe du ch\u00e2ssis:<\/th><td><a href=\"https:\/\/damicoline.com\/fr\/boutique\/?vx_brand=PIAGGIO&#038;vx_model=PORTER%20Maxxi%201.3%20LPG%20(2015-2020)&#038;vx_engine=DAM13R&#038;vx_years=2015-2020\">\ud83d\ude9a PIAGGIO PORTER Maxxi 1.3 LPG (2015-2020) DAM13R (2015-2020) - ZAPS90AG, ZAPS90DG, ZAPS90RG<\/a><\/td><\/tr><tr><th>Mod\u00e8le du v\u00e9hicule \u2013 Pr\u00e9fixe du ch\u00e2ssis:<\/th><td><a href=\"https:\/\/damicoline.com\/fr\/boutique\/?vx_brand=PIAGGIO&#038;vx_model=PORTER%20NP6%20MAXXI%20TW3000%201.5%20CNG%20(2021-)&#038;vx_engine=M15KRP&#038;vx_years=2021-\">\ud83d\ude9a PIAGGIO PORTER NP6 MAXXI TW3000 1.5 CNG (2021-) M15KRP (2021-) - ZAPNP6C1C0P, ZAPNP6B1C0P<\/a><\/td><\/tr><tr><th>Mod\u00e8le du v\u00e9hicule \u2013 Pr\u00e9fixe du ch\u00e2ssis:<\/th><td><a href=\"https:\/\/damicoline.com\/fr\/boutique\/?vx_brand=PIAGGIO&#038;vx_model=PORTER%20NP6%20MAXXI%20TW3250%201.5%20CNG%20(2021-)&#038;vx_engine=M15KRP&#038;vx_years=2021-\">\ud83d\ude9a PIAGGIO PORTER NP6 MAXXI TW3250 1.5 CNG (2021-) M15KRP (2021-) - ZAPNP6C1D0P, ZAPNP6B1D0P<\/a><\/td><\/tr><tr><th>Mod\u00e8le du v\u00e9hicule \u2013 Pr\u00e9fixe du ch\u00e2ssis:<\/th><td><a href=\"https:\/\/damicoline.com\/fr\/boutique\/?vx_brand=PIAGGIO&#038;vx_model=PORTER%20NP6%20STANDARD%20SW2650%201.5%20CNG%20(2021-)&#038;vx_engine=M15KRP&#038;vx_years=2021-\">\ud83d\ude9a PIAGGIO PORTER NP6 STANDARD SW2650 1.5 CNG (2021-) M15KRP (2021-) - ZAPNP6C1A0P, ZAPNP6B1A0P<\/a><\/td><\/tr><tr><th>Mod\u00e8le du v\u00e9hicule \u2013 Pr\u00e9fixe du ch\u00e2ssis:<\/th><td><a href=\"https:\/\/damicoline.com\/fr\/boutique\/?vx_brand=PIAGGIO&#038;vx_model=PORTER%20NP6%20STANDARD%20SW3070%201.5%20CNG%20(2021-)&#038;vx_engine=M15KRP&#038;vx_years=2021-\">\ud83d\ude9a PIAGGIO PORTER NP6 STANDARD SW3070 1.5 CNG (2021-) M15KRP (2021-) - ZAPNP6C1B0P, ZAPNP6B1B0P<\/a><\/td><\/tr><tr><th>Mod\u00e8le du v\u00e9hicule \u2013 Pr\u00e9fixe du ch\u00e2ssis:<\/th><td><a href=\"https:\/\/damicoline.com\/fr\/boutique\/?vx_brand=PIAGGIO&#038;vx_model=PORTER%20Pianale%20piatto\/Telaio%201.3%20LPG%20(2015-2020)&#038;vx_engine=DAM13R&#038;vx_years=2015-2020\">\ud83d\ude9a PIAGGIO PORTER Pianale piatto\/Telaio 1.3 LPG (2015-2020) DAM13R (2015-2020) - ZAPS89CGW, ZAPS89PGW, ZAPS90VGW, ZAPS90TGW, ZAPS90PGW, ZAPS90CGW<\/a><\/td><\/tr><\/tbody><\/table><\/div><\/section><\/section>\n","protected":false},"excerpt":{"rendered":"<p>Kit cha\u00eene de distribution pour Piaggio Porter Euro 6 et NP6 Ce kit est compatible \u00e0 la fois avec Piaggio Porter Euro 6 et avec Porter NP6. Il contient tous les composants n\u00e9cessaires pour une intervention compl\u00e8te et s\u00e9curis\u00e9e sur la distribution : \u2705 1A005545 \u2013 Tendeur de cha\u00eene \u2705 1A005546 \u2013 Patin tendeur de<\/p>\n<div class=\"klb-readmore button\"><a class=\"btn link\" href=\"https:\/\/damicoline.com\/fr\/produit\/kit-chaine-de-distribution-piaggio-porter-euro-6-et-np6\/\">Read More <i class=\"klbth-icon-right-arrow\"><\/i><\/a><\/div>\n","protected":false},"featured_media":9504,"template":"","meta":{"_sitemap_exclude":false,"_sitemap_priority":"","_sitemap_frequency":""},"product_brand":[2671],"product_cat":[422,417],"product_tag":[1333,1152,1334,1335],"class_list":{"0":"post-9590","1":"product","2":"type-product","3":"status-publish","4":"has-post-thumbnail","6":"product_brand-foton","7":"product_cat-composants-de-distribution","8":"product_cat-pieces-du-moteur","9":"product_tag-1a005545","10":"product_tag-1a005546","11":"product_tag-1a005548","12":"product_tag-1a005549","14":"first","15":"instock","16":"sale","17":"taxable","18":"shipping-taxable","19":"purchasable","20":"product-type-simple"},"_links":{"self":[{"href":"https:\/\/damicoline.com\/fr\/wp-json\/wp\/v2\/product\/9590","targetHints":{"allow":["GET"]}}],"collection":[{"href":"https:\/\/damicoline.com\/fr\/wp-json\/wp\/v2\/product"}],"about":[{"href":"https:\/\/damicoline.com\/fr\/wp-json\/wp\/v2\/types\/product"}],"wp:featuredmedia":[{"embeddable":true,"href":"https:\/\/damicoline.com\/fr\/wp-json\/wp\/v2\/media\/9504"}],"wp:attachment":[{"href":"https:\/\/damicoline.com\/fr\/wp-json\/wp\/v2\/media?parent=9590"}],"wp:term":[{"taxonomy":"product_brand","embeddable":true,"href":"https:\/\/damicoline.com\/fr\/wp-json\/wp\/v2\/product_brand?post=9590"},{"taxonomy":"product_cat","embeddable":true,"href":"https:\/\/damicoline.com\/fr\/wp-json\/wp\/v2\/product_cat?post=9590"},{"taxonomy":"product_tag","embeddable":true,"href":"https:\/\/damicoline.com\/fr\/wp-json\/wp\/v2\/product_tag?post=9590"}],"curies":[{"name":"wp","href":"https:\/\/api.w.org\/{rel}","templated":true}]}}