{"id":9685,"date":"2025-05-30T19:01:39","date_gmt":"2025-05-30T17:01:39","guid":{"rendered":"https:\/\/damicoline.com\/product\/bronzina-testa-biella-piaggio-porter-1-3-e6\/"},"modified":"2025-06-01T16:02:18","modified_gmt":"2025-06-01T14:02:18","slug":"coussinet-de-tete-de-bielle-piaggio-porter-1-3-e6-precis-et-top","status":"publish","type":"product","link":"https:\/\/damicoline.com\/fr\/produit\/coussinet-de-tete-de-bielle-piaggio-porter-1-3-e6-precis-et-top\/","title":{"rendered":"Coussinet de t\u00eate de bielle Piaggio Porter 1.3 E6 pr\u00e9cis et top"},"content":{"rendered":"<p><strong>Coussinet de t\u00eate de bielle pour Piaggio Porter Multitech 1.3 E6<\/strong><\/p>\n<p>Pi\u00e8ce de rechange sp\u00e9cifique pour <strong>Piaggio Porter Multitech 1.3 Euro 6<\/strong>. Le <strong>coussinet de t\u00eate de bielle<\/strong> assure la lubrification et la fluidit\u00e9. Pour chaque bielle, 2 pi\u00e8ces sont n\u00e9cessaires pour former la paire. Pour le moteur complet (4 bielles), 8 pi\u00e8ces sont n\u00e9cessaires au total.<\/p>\n<div class=\"text-sm text-gray-800 font-medium mb-2\"><div class=\"text-sm text-gray-800 font-medium mb-2\"><strong>Codes de r\u00e9f\u00e9rence:<\/strong> 1A005160<\/div><\/div>\n<div class=\"oem-box mb-4\">\t\t\t\t<div class=\"oem-box mb-4\">\n\t\t\t\t\t<p class=\"text-sm text-gray-800 font-medium mb-2\">Type: <strong>OEM (Foton)<\/strong><\/p>\n\t\t\t\t\t<p class=\"text-sm text-gray-700 mb-1\">Composant de niveau OEM fabriqu\u00e9 par <strong>Foton<\/strong>, conforme aux sp\u00e9cifications d\u2019origine pour un montage correct.<\/p>\n\t\t\t\t\t<p class=\"text-xs text-gray-500 mt-2\">*Non marqu\u00e9 Piaggio. Les marques appartiennent \u00e0 leurs propri\u00e9taires.<\/p>\n\t\t\t\t<\/div>\n\t\t\t<\/div>\n<section class=\"compatibility-block mb-4\"><section class=\"compatibility-block mb-4\"><div class=\"product-extra-details hide-below-992\"><table class=\"woocommerce-product-attributes\"><tbody><tr><th colspan=\"2\"><span class=\"text-sm font-medium mb-2\">Compatible avec :<\/span><\/th><\/tr><tr><th>Mod\u00e8le du v\u00e9hicule \u2013 Pr\u00e9fixe du ch\u00e2ssis:<\/th><td><a href=\"https:\/\/damicoline.com\/fr\/boutique\/?vx_brand=PIAGGIO&#038;vx_model=PORTER%20Pianale%20piatto\/Telaio%201.3%20LPG%20(2015-2020)&#038;vx_engine=DAM13R&#038;vx_years=2015-2020\">\ud83d\ude9a PIAGGIO PORTER Pianale piatto\/Telaio 1.3 LPG (2015-2020) DAM13R (2015-2020) - ZAPS89CGW, ZAPS89PGW, ZAPS90VGW, ZAPS90TGW, ZAPS90PGW, ZAPS90CGW<\/a><\/td><\/tr><\/tbody><\/table><\/div><\/section><\/section>\n","protected":false},"excerpt":{"rendered":"<p>Coussinet de t\u00eate de bielle pour Piaggio Porter Multitech 1.3 E6 Pi\u00e8ce de rechange sp\u00e9cifique pour Piaggio Porter Multitech 1.3 Euro 6. Le coussinet de t\u00eate de bielle assure la lubrification et la fluidit\u00e9. Pour chaque bielle, 2 pi\u00e8ces sont n\u00e9cessaires pour former la paire. Pour le moteur complet (4 bielles), 8 pi\u00e8ces sont n\u00e9cessaires<\/p>\n<div class=\"klb-readmore button\"><a class=\"btn link\" href=\"https:\/\/damicoline.com\/fr\/produit\/coussinet-de-tete-de-bielle-piaggio-porter-1-3-e6-precis-et-top\/\">Read More <i class=\"klbth-icon-right-arrow\"><\/i><\/a><\/div>\n","protected":false},"featured_media":9680,"template":"","meta":{"_sitemap_exclude":false,"_sitemap_priority":"","_sitemap_frequency":""},"product_brand":[2671],"product_cat":[1357,417],"product_tag":[1381],"class_list":{"0":"post-9685","1":"product","2":"type-product","3":"status-publish","4":"has-post-thumbnail","6":"product_brand-foton","7":"product_cat-arbre-moteur","8":"product_cat-pieces-du-moteur","9":"product_tag-1a005160","11":"first","12":"instock","13":"sale","14":"taxable","15":"shipping-taxable","16":"purchasable","17":"product-type-simple"},"_links":{"self":[{"href":"https:\/\/damicoline.com\/fr\/wp-json\/wp\/v2\/product\/9685","targetHints":{"allow":["GET"]}}],"collection":[{"href":"https:\/\/damicoline.com\/fr\/wp-json\/wp\/v2\/product"}],"about":[{"href":"https:\/\/damicoline.com\/fr\/wp-json\/wp\/v2\/types\/product"}],"wp:featuredmedia":[{"embeddable":true,"href":"https:\/\/damicoline.com\/fr\/wp-json\/wp\/v2\/media\/9680"}],"wp:attachment":[{"href":"https:\/\/damicoline.com\/fr\/wp-json\/wp\/v2\/media?parent=9685"}],"wp:term":[{"taxonomy":"product_brand","embeddable":true,"href":"https:\/\/damicoline.com\/fr\/wp-json\/wp\/v2\/product_brand?post=9685"},{"taxonomy":"product_cat","embeddable":true,"href":"https:\/\/damicoline.com\/fr\/wp-json\/wp\/v2\/product_cat?post=9685"},{"taxonomy":"product_tag","embeddable":true,"href":"https:\/\/damicoline.com\/fr\/wp-json\/wp\/v2\/product_tag?post=9685"}],"curies":[{"name":"wp","href":"https:\/\/api.w.org\/{rel}","templated":true}]}}