{"id":9800,"date":"2025-06-17T18:06:28","date_gmt":"2025-06-17T16:06:28","guid":{"rendered":"https:\/\/damicoline.com\/product\/serie-guarnizioni-testa-piaggio-porter-1-3-16v-2-bobine\/"},"modified":"2025-06-17T18:12:10","modified_gmt":"2025-06-17T16:12:10","slug":"serie-joints-de-culasse-piaggio-porter-1-3-16v-2-bobines","status":"publish","type":"product","link":"https:\/\/damicoline.com\/fr\/produit\/serie-joints-de-culasse-piaggio-porter-1-3-16v-2-bobines\/","title":{"rendered":"S\u00e9rie joints de culasse Piaggio Porter 1.3 16V 2 bobines"},"content":{"rendered":"<p><strong>S\u00e9rie joints de culasse pour Piaggio Porter 1.3 16V 48 kW (moteur 2 bobines)<\/strong><\/p>\n<p>Kit complet pour la r\u00e9vision de la culasse du <strong>Piaggio Porter 1.3 16V 48 kW<\/strong> avec <strong>moteur \u00e0 2 bobines<\/strong>. Le set inclut:<\/p>\n<ul>\n<li>16 joints de queue de soupape<\/li>\n<li>Joint de culasse<\/li>\n<li>Joint d&#8217;\u00e9chappement<\/li>\n<li>Joint spi arbre \u00e0 cames<\/li>\n<li>Anneaux d&#8217;\u00e9tanch\u00e9it\u00e9 cavit\u00e9 bougies<\/li>\n<li>Joint de couvercle de culbuteurs (version 2 bobines)<\/li>\n<\/ul>\n<p>Pi\u00e8ce de rechange de qualit\u00e9 pour travaux de rodage, r\u00e9vision ou entretien moteur complet.<\/p>\n<div class=\"text-sm text-gray-800 font-medium mb-2\"><div class=\"text-sm text-gray-800 font-medium mb-2\"><strong>Codes de r\u00e9f\u00e9rence:<\/strong>&#32;&#48;&#52;&#49;&#49;&#50;&#56;&#55;&#49;&#52;&#52;&#48;&#48;0<\/div><\/div>\n<div class=\"oem-box mb-4\">\t\t\t\t<div class=\"oem-box mb-4\">\n\t\t\t\t\t<p class=\"text-sm text-gray-800 font-medium mb-2\">Type: <strong>Aftermarket<\/strong><\/p>\n\t\t\t\t\t<p class=\"text-sm text-gray-700 mb-1\">Composant adaptable de qualit\u00e9 professionnelle, compatible avec les v\u00e9hicules indiqu\u00e9s sur cette page.<\/p>\n\t\t\t\t\t<p class=\"text-xs text-gray-500 mt-2\">*Non fabriqu\u00e9 ni marqu\u00e9 par Piaggio. Marques d\u00e9tenues par leurs propri\u00e9taires.<\/p>\n\t\t\t\t<\/div>\n\t\t\t<\/div>\n<section class=\"compatibility-block mb-4\"><section class=\"compatibility-block mb-4\"><div class=\"product-extra-details hide-below-992\"><table class=\"woocommerce-product-attributes\"><tbody><tr><th colspan=\"2\"><span class=\"text-sm font-medium mb-2\">Compatible avec :<\/span><\/th><\/tr><tr><th>Mod\u00e8le du v\u00e9hicule \u2013 Pr\u00e9fixe du ch\u00e2ssis:<\/th><td><a href=\"https:\/\/damicoline.com\/fr\/boutique\/?vx_brand=PIAGGIO&#038;vx_model=PORTER%20Maxxi%201.3%2016V%20(2007-2009)&#038;vx_engine=HC-EL&#038;vx_years=2007-2009\">\ud83d\ude9a PIAGGIO PORTER Maxxi 1.3 16V (2007-2009) HC-EL (2007-2009) - ZAPS95000<\/a><\/td><\/tr><tr><th>Mod\u00e8le du v\u00e9hicule \u2013 Pr\u00e9fixe du ch\u00e2ssis:<\/th><td><a href=\"https:\/\/damicoline.com\/fr\/boutique\/?vx_brand=PIAGGIO&#038;vx_model=PORTER%20Pianale%20piatto\/Telaio%201.3%2016V%20(1998-2009)&#038;vx_engine=HC-EL&#038;vx_years=1998-2009\">\ud83d\ude9a PIAGGIO PORTER Pianale piatto\/Telaio 1.3 16V (1998-2009) HC-EL (1998-2009) - ZAPS85000, ZAPS85V00<\/a><\/td><\/tr><\/tbody><\/table><\/div><\/section><\/section>\n","protected":false},"excerpt":{"rendered":"<p>S\u00e9rie joints de culasse pour Piaggio Porter 1.3 16V 48 kW (moteur 2 bobines) Kit complet pour la r\u00e9vision de la culasse du Piaggio Porter 1.3 16V 48 kW avec moteur \u00e0 2 bobines. Le set inclut: 16 joints de queue de soupape Joint de culasse Joint d&#8217;\u00e9chappement Joint spi arbre \u00e0 cames Anneaux d&#8217;\u00e9tanch\u00e9it\u00e9<\/p>\n<div class=\"klb-readmore button\"><a class=\"btn link\" href=\"https:\/\/damicoline.com\/fr\/produit\/serie-joints-de-culasse-piaggio-porter-1-3-16v-2-bobines\/\">Read More <i class=\"klbth-icon-right-arrow\"><\/i><\/a><\/div>\n","protected":false},"featured_media":9795,"template":"","meta":{"_sitemap_exclude":false,"_sitemap_priority":"","_sitemap_frequency":""},"product_brand":[2670],"product_cat":[1122,417],"product_tag":[1416],"class_list":{"0":"post-9800","1":"product","2":"type-product","3":"status-publish","4":"has-post-thumbnail","6":"product_brand-aftermarket","7":"product_cat-joints-moteur","8":"product_cat-pieces-du-moteur","9":"product_tag-1416","11":"first","12":"instock","13":"sale","14":"taxable","15":"shipping-taxable","16":"purchasable","17":"product-type-simple"},"_links":{"self":[{"href":"https:\/\/damicoline.com\/fr\/wp-json\/wp\/v2\/product\/9800","targetHints":{"allow":["GET"]}}],"collection":[{"href":"https:\/\/damicoline.com\/fr\/wp-json\/wp\/v2\/product"}],"about":[{"href":"https:\/\/damicoline.com\/fr\/wp-json\/wp\/v2\/types\/product"}],"wp:featuredmedia":[{"embeddable":true,"href":"https:\/\/damicoline.com\/fr\/wp-json\/wp\/v2\/media\/9795"}],"wp:attachment":[{"href":"https:\/\/damicoline.com\/fr\/wp-json\/wp\/v2\/media?parent=9800"}],"wp:term":[{"taxonomy":"product_brand","embeddable":true,"href":"https:\/\/damicoline.com\/fr\/wp-json\/wp\/v2\/product_brand?post=9800"},{"taxonomy":"product_cat","embeddable":true,"href":"https:\/\/damicoline.com\/fr\/wp-json\/wp\/v2\/product_cat?post=9800"},{"taxonomy":"product_tag","embeddable":true,"href":"https:\/\/damicoline.com\/fr\/wp-json\/wp\/v2\/product_tag?post=9800"}],"curies":[{"name":"wp","href":"https:\/\/api.w.org\/{rel}","templated":true}]}}