{"id":9813,"date":"2025-06-17T19:00:12","date_gmt":"2025-06-17T17:00:12","guid":{"rendered":"https:\/\/damicoline.com\/product\/semiasse-completo-piaggio-quargo-ldw-702p\/"},"modified":"2025-06-17T19:12:33","modified_gmt":"2025-06-17T17:12:33","slug":"arbre-de-transmission-droit-gauche-piaggio-quargo-ldw-702-p-complet","status":"publish","type":"product","link":"https:\/\/damicoline.com\/fr\/produit\/arbre-de-transmission-droit-gauche-piaggio-quargo-ldw-702-p-complet\/","title":{"rendered":"Arbre de transmission droit\/gauche Piaggio Quargo LDW-702\/P complet"},"content":{"rendered":"<p><strong>Arbre de transmission complet droit\/gauche pour Piaggio Quargo LDW-702\/P<\/strong><\/p>\n<p>Pi\u00e8ce de rechange compl\u00e8te pour <strong>Piaggio Quargo avec moteur LDW-702\/P<\/strong>. L&#8217;arbre de transmission est fourni avec <strong>des soufflets d&#8217;\u00e9tanch\u00e9it\u00e9 d\u00e9j\u00e0 pr\u00e9mont\u00e9s<\/strong> pour un remplacement simple et rapide.<\/p>\n<p><strong>Ce demi-arbre est compatible \u00e0 la fois avec le c\u00f4t\u00e9 droit et le c\u00f4t\u00e9 gauche.<\/strong> Il n&#8217;est pas n\u00e9cessaire de distinguer le c\u00f4t\u00e9 lors de la commande.<\/p>\n<div class=\"text-sm text-gray-800 font-medium mb-2\"><div class=\"text-sm text-gray-800 font-medium mb-2\"><strong>Codes de r\u00e9f\u00e9rence:<\/strong> 850516<\/div><\/div>\n<div class=\"oem-box mb-4\">\t\t\t\t<div class=\"oem-box mb-4\">\n\t\t\t\t\t<p class=\"text-sm text-gray-800 font-medium mb-2\">Type: <strong>Aftermarket<\/strong><\/p>\n\t\t\t\t\t<p class=\"text-sm text-gray-700 mb-1\">Composant adaptable de qualit\u00e9 professionnelle, compatible avec les v\u00e9hicules indiqu\u00e9s sur cette page.<\/p>\n\t\t\t\t\t<p class=\"text-xs text-gray-500 mt-2\">*Non fabriqu\u00e9 ni marqu\u00e9 par Piaggio. Marques d\u00e9tenues par leurs propri\u00e9taires.<\/p>\n\t\t\t\t<\/div>\n\t\t\t<\/div>\n<section class=\"compatibility-block mb-4\"><section class=\"compatibility-block mb-4\"><div class=\"product-extra-details hide-below-992\"><table class=\"woocommerce-product-attributes\"><tbody><tr><th colspan=\"2\"><span class=\"text-sm font-medium mb-2\">Compatible avec :<\/span><\/th><\/tr><tr><th>Mod\u00e8le du v\u00e9hicule \u2013 Pr\u00e9fixe du ch\u00e2ssis:<\/th><td><a href=\"https:\/\/damicoline.com\/fr\/boutique\/?vx_brand=PIAGGIO&#038;vx_model=QUARGO%20702%20Diesel%20(2004-2006)&#038;vx_engine=LDW702\/P&#038;vx_years=2004-2006\">\ud83d\ude9a PIAGGIO QUARGO 702 Diesel (2004-2006) LDW702\/P (2004-2006) - ZAPP10000<\/a><\/td><\/tr><tr><th>Mod\u00e8le du v\u00e9hicule \u2013 Pr\u00e9fixe du ch\u00e2ssis:<\/th><td><a href=\"https:\/\/damicoline.com\/fr\/boutique\/?vx_brand=PIAGGIO&#038;vx_model=QUARGO%20702%20Diesel%20(2007-2017)&#038;vx_engine=LDW702\/P&#038;vx_years=2007-2017\">\ud83d\ude9a PIAGGIO QUARGO 702 Diesel (2007-2017) LDW702\/P (2007-2017) - ZAP4P10000<\/a><\/td><\/tr><\/tbody><\/table><\/div><\/section><\/section>\n","protected":false},"excerpt":{"rendered":"<p>Arbre de transmission complet droit\/gauche pour Piaggio Quargo LDW-702\/P Pi\u00e8ce de rechange compl\u00e8te pour Piaggio Quargo avec moteur LDW-702\/P. L&#8217;arbre de transmission est fourni avec des soufflets d&#8217;\u00e9tanch\u00e9it\u00e9 d\u00e9j\u00e0 pr\u00e9mont\u00e9s pour un remplacement simple et rapide. Ce demi-arbre est compatible \u00e0 la fois avec le c\u00f4t\u00e9 droit et le c\u00f4t\u00e9 gauche. Il n&#8217;est pas n\u00e9cessaire<\/p>\n<div class=\"klb-readmore button\"><a class=\"btn link\" href=\"https:\/\/damicoline.com\/fr\/produit\/arbre-de-transmission-droit-gauche-piaggio-quargo-ldw-702-p-complet\/\">Read More <i class=\"klbth-icon-right-arrow\"><\/i><\/a><\/div>\n","protected":false},"featured_media":9808,"template":"","meta":{"_sitemap_exclude":false,"_sitemap_priority":"","_sitemap_frequency":""},"product_brand":[2670],"product_cat":[1429,1424],"product_tag":[1436],"class_list":{"0":"post-9813","1":"product","2":"type-product","3":"status-publish","4":"has-post-thumbnail","6":"product_brand-aftermarket","7":"product_cat-arbre-de-transmission","8":"product_cat-transmission-arriere","9":"product_tag-1436","11":"first","12":"outofstock","13":"sale","14":"taxable","15":"shipping-taxable","16":"purchasable","17":"product-type-simple"},"_links":{"self":[{"href":"https:\/\/damicoline.com\/fr\/wp-json\/wp\/v2\/product\/9813","targetHints":{"allow":["GET"]}}],"collection":[{"href":"https:\/\/damicoline.com\/fr\/wp-json\/wp\/v2\/product"}],"about":[{"href":"https:\/\/damicoline.com\/fr\/wp-json\/wp\/v2\/types\/product"}],"wp:featuredmedia":[{"embeddable":true,"href":"https:\/\/damicoline.com\/fr\/wp-json\/wp\/v2\/media\/9808"}],"wp:attachment":[{"href":"https:\/\/damicoline.com\/fr\/wp-json\/wp\/v2\/media?parent=9813"}],"wp:term":[{"taxonomy":"product_brand","embeddable":true,"href":"https:\/\/damicoline.com\/fr\/wp-json\/wp\/v2\/product_brand?post=9813"},{"taxonomy":"product_cat","embeddable":true,"href":"https:\/\/damicoline.com\/fr\/wp-json\/wp\/v2\/product_cat?post=9813"},{"taxonomy":"product_tag","embeddable":true,"href":"https:\/\/damicoline.com\/fr\/wp-json\/wp\/v2\/product_tag?post=9813"}],"curies":[{"name":"wp","href":"https:\/\/api.w.org\/{rel}","templated":true}]}}