{"id":9839,"date":"2025-06-18T17:16:24","date_gmt":"2025-06-18T15:16:24","guid":{"rendered":"https:\/\/damicoline.com\/product\/kit-cuffie-semiasse-quargo-con-paraolio\/"},"modified":"2025-12-03T11:52:04","modified_gmt":"2025-12-03T10:52:04","slug":"kit-soufflet-de-cardan-quargo-avec-joint-spi-complet-oem","status":"publish","type":"product","link":"https:\/\/damicoline.com\/fr\/produit\/kit-soufflet-de-cardan-quargo-avec-joint-spi-complet-oem\/","title":{"rendered":"Kit soufflet de cardan Quargo avec joint spi complet OEM"},"content":{"rendered":"<p><strong>Kit soufflet de cardan Quargo avec joint spi<\/strong><\/p>\n<p>Pi\u00e8ce de rechange pour <strong>Piaggio Quargo premi\u00e8re s\u00e9rie<\/strong>. Ce kit est sp\u00e9cifique aux v\u00e9hicules o\u00f9 l&#8217;\u00e9tanch\u00e9it\u00e9 du cardan est assur\u00e9e par le <strong>joint spi s\u00e9par\u00e9<\/strong>.<\/p>\n<p><strong>Contenu du kit :<\/strong><\/p>\n<ul>\n<li>\u2705 Soufflet de cardan externe<\/li>\n<li>\u2705 Soufflet de cardan interne<\/li>\n<li>\u2705 Collier de serrage<\/li>\n<li>\u2705 Joint spi d&#8217;\u00e9tanch\u00e9it\u00e9<\/li>\n<\/ul>\n<p><strong>\u26a0\ufe0f Les deux versions (joint spi et roulement) ne sont pas compatibles entre elles.<\/strong> Assurez-vous d&#8217;acheter la variante correcte en fonction du type d&#8217;\u00e9tanch\u00e9it\u00e9 de votre v\u00e9hicule.<\/p>\n<div class=\"text-sm text-gray-800 font-medium mb-2\"><div class=\"text-sm text-gray-800 font-medium mb-2\"><strong>Codes de r\u00e9f\u00e9rence:<\/strong> 646399 \u2013 646400<\/div><\/div>\n<div class=\"oem-box mb-4\">\t\t\t\t<div class=\"oem-box mb-4\">\n\t\t\t\t\t<p class=\"text-sm text-gray-800 font-medium mb-2\">Type: <strong>Aftermarket<\/strong><\/p>\n\t\t\t\t\t<p class=\"text-sm text-gray-700 mb-1\">Composant adaptable de qualit\u00e9 professionnelle, compatible avec les v\u00e9hicules indiqu\u00e9s sur cette page.<\/p>\n\t\t\t\t\t<p class=\"text-xs text-gray-500 mt-2\">*Non fabriqu\u00e9 ni marqu\u00e9 par Piaggio. Marques d\u00e9tenues par leurs propri\u00e9taires.<\/p>\n\t\t\t\t<\/div>\n\t\t\t<\/div>\n<section class=\"compatibility-block mb-4\"><section class=\"compatibility-block mb-4\"><div class=\"product-extra-details hide-below-992\"><table class=\"woocommerce-product-attributes\"><tbody><tr><th colspan=\"2\"><span class=\"text-sm font-medium mb-2\">Compatible avec :<\/span><\/th><\/tr><tr><th>Mod\u00e8le du v\u00e9hicule \u2013 Pr\u00e9fixe du ch\u00e2ssis:<\/th><td><a href=\"https:\/\/damicoline.com\/fr\/boutique\/?vx_brand=PIAGGIO&#038;vx_model=QUARGO%20702%20Diesel%20(2004-2006)&#038;vx_engine=LDW702\/P&#038;vx_years=2004-2006\">\ud83d\ude9a PIAGGIO QUARGO 702 Diesel (2004-2006) LDW702\/P (2004-2006) - ZAPP10000<\/a><\/td><\/tr><tr><th>Mod\u00e8le du v\u00e9hicule \u2013 Pr\u00e9fixe du ch\u00e2ssis:<\/th><td><a href=\"https:\/\/damicoline.com\/fr\/boutique\/?vx_brand=PIAGGIO&#038;vx_model=QUARGO%20702%20Diesel%20(2007-2017)&#038;vx_engine=LDW702\/P&#038;vx_years=2007-2017\">\ud83d\ude9a PIAGGIO QUARGO 702 Diesel (2007-2017) LDW702\/P (2007-2017) - ZAP4P10000<\/a><\/td><\/tr><\/tbody><\/table><\/div><\/section><\/section>\n","protected":false},"excerpt":{"rendered":"<p>Kit soufflet de cardan Quargo avec joint spi Pi\u00e8ce de rechange pour Piaggio Quargo premi\u00e8re s\u00e9rie. Ce kit est sp\u00e9cifique aux v\u00e9hicules o\u00f9 l&#8217;\u00e9tanch\u00e9it\u00e9 du cardan est assur\u00e9e par le joint spi s\u00e9par\u00e9. Contenu du kit : \u2705 Soufflet de cardan externe \u2705 Soufflet de cardan interne \u2705 Collier de serrage \u2705 Joint spi d&#8217;\u00e9tanch\u00e9it\u00e9<\/p>\n<div class=\"klb-readmore button\"><a class=\"btn link\" href=\"https:\/\/damicoline.com\/fr\/produit\/kit-soufflet-de-cardan-quargo-avec-joint-spi-complet-oem\/\">Read More <i class=\"klbth-icon-right-arrow\"><\/i><\/a><\/div>\n","protected":false},"featured_media":9834,"template":"","meta":{"_sitemap_exclude":false,"_sitemap_priority":"","_sitemap_frequency":""},"product_brand":[2670],"product_cat":[1429,1424],"product_tag":[3247,3254],"class_list":{"0":"post-9839","1":"product","2":"type-product","3":"status-publish","4":"has-post-thumbnail","6":"product_brand-aftermarket","7":"product_cat-arbre-de-transmission","8":"product_cat-transmission-arriere","9":"product_tag-3247","10":"product_tag-3254","12":"first","13":"outofstock","14":"sale","15":"taxable","16":"shipping-taxable","17":"purchasable","18":"product-type-simple"},"_links":{"self":[{"href":"https:\/\/damicoline.com\/fr\/wp-json\/wp\/v2\/product\/9839","targetHints":{"allow":["GET"]}}],"collection":[{"href":"https:\/\/damicoline.com\/fr\/wp-json\/wp\/v2\/product"}],"about":[{"href":"https:\/\/damicoline.com\/fr\/wp-json\/wp\/v2\/types\/product"}],"wp:featuredmedia":[{"embeddable":true,"href":"https:\/\/damicoline.com\/fr\/wp-json\/wp\/v2\/media\/9834"}],"wp:attachment":[{"href":"https:\/\/damicoline.com\/fr\/wp-json\/wp\/v2\/media?parent=9839"}],"wp:term":[{"taxonomy":"product_brand","embeddable":true,"href":"https:\/\/damicoline.com\/fr\/wp-json\/wp\/v2\/product_brand?post=9839"},{"taxonomy":"product_cat","embeddable":true,"href":"https:\/\/damicoline.com\/fr\/wp-json\/wp\/v2\/product_cat?post=9839"},{"taxonomy":"product_tag","embeddable":true,"href":"https:\/\/damicoline.com\/fr\/wp-json\/wp\/v2\/product_tag?post=9839"}],"curies":[{"name":"wp","href":"https:\/\/api.w.org\/{rel}","templated":true}]}}